{"id":6741,"date":"2018-04-11T09:02:59","date_gmt":"2018-04-11T09:02:59","guid":{"rendered":"http:\/\/www.cefi.es\/?post_type=product&#038;p=6741"},"modified":"2020-02-11T09:49:45","modified_gmt":"2020-02-11T09:49:45","slug":"seminario-impacto-de-la-nueva-ley-de-contratos-del-sector-publico-en-el-sector-farmaceutico","status":"publish","type":"product","link":"https:\/\/cefi.es\/en\/tienda\/cursos-y-seminarios\/seminarios\/seminarios-sector-farmaceutico-industria-farmaceutica\/seminario-impacto-de-la-nueva-ley-de-contratos-del-sector-publico-en-el-sector-farmaceutico\/","title":{"rendered":"Seminario Impacto de la nueva Ley de Contratos del Sector P\u00fablico en el Sector Farmac\u00e9utico"},"content":{"rendered":"<table>\n<tbody>\n<tr>\n<td><strong>9:00<\/strong><\/td>\n<td>\n<h5>ACREDITACIO\u0301N Y ENTREGA DE DOCUMENTACIO\u0301N<\/h5>\n<\/td>\n<\/tr>\n<tr>\n<td colspan=\"2\">\n<h5>Modera: Ba\u0301rbara Mun\u0303oz Figueras. Presidenta Fundacio\u0301n CEFI<\/h5>\n<\/td>\n<\/tr>\n<tr>\n<td><strong>9:30 &#8211; 9:50<\/strong><\/td>\n<td>\n<h5>UN NUEVO MARCO LEGAL PARA LA CONTRATACIO\u0301N PU\u0301BLICA<\/h5>\n<p>Sara Castelo Ruano. Socia Tesera de Hospitalidad<\/td>\n<\/tr>\n<tr>\n<td><strong>9:50 &#8211; 10:10<\/strong><\/td>\n<td>\n<h5>PERSPECTIVA PRA\u0301CTICA DEL HOSPITAL EN LA LCSP<\/h5>\n<p>Susana Mora\u0301n Ferna\u0301ndez. Jefa de Servicio de Actividad Concertada. DG Asistencia Sanitaria SACYL<\/td>\n<\/tr>\n<tr>\n<td><strong>10:10 &#8211; 10:30<\/strong><\/td>\n<td>\n<h5>LA COMPRA AGREGADA EN LA CONTRATACIO\u0301N PU\u0301BLICA<\/h5>\n<p>Francisco Valero Bonilla. Coordinador Unidad Estrategias de Aprovisionamiento del SNS. Instituto Nacional de Gestio\u0301n Sanitaria (INGESA)<\/td>\n<\/tr>\n<tr>\n<td><strong>10:30 &#8211; 10:50<\/strong><\/td>\n<td>\n<h5>\u00bfSON POSIBLES LOS LOTES POR INDICACIO\u0301N DESPUE\u0301S DE LA SENTENCIA SOBRE LAS ALTERNATIVAS TERAPE\u0301UTICAS EQUIVALENTES (ATE \u0301s)?<\/h5>\n<p>Jordi Faus Santasusana. Faus&amp; Moliner Abogados<\/td>\n<\/tr>\n<tr>\n<td><strong>10:50 &#8211; 11:20<\/strong><\/td>\n<td>\n<h5>DEBATE<\/h5>\n<\/td>\n<\/tr>\n<tr>\n<td><strong>11:20 &#8211; 12:00<\/strong><\/td>\n<td>\n<h5>PAUSA CAF\u00c9<\/h5>\n<\/td>\n<\/tr>\n<tr>\n<td colspan=\"2\">\n<h5>Modera: Natividad Calvente Cestafe. Associate Director; Policy Govern. Relations MSD<\/h5>\n<\/td>\n<\/tr>\n<tr>\n<td><strong>12:00 &#8211; 12:20<\/strong><\/td>\n<td>\n<h5>CRITERIOS DE ADJUDICACIO\u0301N Y CUMPLIMIENTO EN LA NUEVA LCSP. ESPECIAL REFERENCIA AL SECTOR FARMACE\u0301UTICO<\/h5>\n<p>Sabiniano Medrano Irazola. Socio EY Abogados\/td&gt;<\/td>\n<\/tr>\n<tr>\n<td><strong>12:20 &#8211; 12:40<\/strong><\/td>\n<td>\n<h5>CUMPLIMIENTO DE LOS CRITERIOS DE CONTRATACIO\u0301N. DIVISIO\u0301N EN LOTES, SOLVENCIA, GARANTI\u0301A PROVISIONAL, LIBRE COMPETENCIA<\/h5>\n<p>Raquel Ballesteros Pomar. Socia Bird &amp; Bird<\/td>\n<\/tr>\n<tr>\n<td><strong>12:40 &#8211; 13:00<\/strong><\/td>\n<td>\n<h5>NUEVOS CRITEROS DE INNOVACIO\u0301N Y EFICIENCIA MA\u0301S ALLA\u0301 DEL PRECIO. COMPRA PU\u0301BLICA RESPONSABLE. RELACIO\u0301N COSTE-EFICACIA-EFICIENCIA. CALIDAD, ASPECTOS SOCIALES Y MEDIOAMBIENTALES. DIA\u0301LOGO COMPETITIVO<\/h5>\n<p>Andre\u0301s Jime\u0301nez Di\u0301az. Socio Eversheds Sutherland<\/td>\n<\/tr>\n<tr>\n<td><strong>13:00 &#8211; 13:20<\/strong><\/td>\n<td>\n<h5>RECURSO ESPECIAL EN MATERIA DE CONTRATACIO\u0301N PU\u0301BLICA. NOVEDADES EN SU REGULACIO\u0301N Y APLICACIO\u0301N PRA\u0301CTICA DE LAS MISMAS<\/h5>\n<p>Germa\u0301n Alonso-Alegre Ferna\u0301ndez de Valderrama. Socio Mazars Tax&amp;Legal<\/td>\n<\/tr>\n<tr>\n<td><strong>13.40 &#8211; 14:10<\/strong><\/td>\n<td>\n<h5>DEBATE<\/h5>\n<\/td>\n<\/tr>\n<tr>\n<td><strong>14:15<\/strong><\/td>\n<td>\n<h5>CLAUSURA<\/h5>\n<p><strong>Manuel Renedo Omaechevarri\u0301a. Vocal Tribunal Administrativo Central de Recursos Contractuales<\/strong><\/td>\n<\/tr>\n<\/tbody>\n<\/table>\n","protected":false},"excerpt":{"rendered":"<p>Seminario Impacto de la nueva Ley de Contratos del Sector P\u00fablico en el Sector Farmac\u00e9utico.<\/p>\n","protected":false},"featured_media":5807,"template":"","meta":{"_acf_changed":false},"product_brand":[],"product_cat":[78,94],"product_tag":[],"class_list":{"0":"post-6741","1":"product","2":"type-product","3":"status-publish","4":"has-post-thumbnail","6":"product_cat-seminarios","7":"product_cat-seminarios-sector-farmaceutico-industria-farmaceutica","9":"first","10":"outofstock","11":"virtual","12":"taxable","13":"purchasable","14":"product-type-simple"},"acf":[],"yoast_head":"<!-- This site is optimized with the Yoast SEO plugin v27.3 - https:\/\/yoast.com\/product\/yoast-seo-wordpress\/ -->\n<title>Seminario Impacto de la nueva Ley de Contratos del Sector P\u00fablico en el Sector Farmac\u00e9utico - Centro de estudios para el fomento de la investigaci\u00f3n<\/title>\n<meta name=\"robots\" content=\"index, follow, max-snippet:-1, max-image-preview:large, max-video-preview:-1\" \/>\n<link rel=\"canonical\" href=\"https:\/\/cefi.es\/en\/tienda\/cursos-y-seminarios\/seminarios\/seminarios-sector-farmaceutico-industria-farmaceutica\/seminario-impacto-de-la-nueva-ley-de-contratos-del-sector-publico-en-el-sector-farmaceutico\/\" \/>\n<meta property=\"og:locale\" content=\"en_US\" \/>\n<meta property=\"og:type\" content=\"article\" \/>\n<meta property=\"og:title\" content=\"Seminario Impacto de la nueva Ley de Contratos del Sector P\u00fablico en el Sector Farmac\u00e9utico - Centro de estudios para el fomento de la investigaci\u00f3n\" \/>\n<meta property=\"og:description\" content=\"Seminario Impacto de la nueva Ley de Contratos del Sector P\u00fablico en el Sector Farmac\u00e9utico.\" \/>\n<meta property=\"og:url\" content=\"https:\/\/cefi.es\/en\/tienda\/cursos-y-seminarios\/seminarios\/seminarios-sector-farmaceutico-industria-farmaceutica\/seminario-impacto-de-la-nueva-ley-de-contratos-del-sector-publico-en-el-sector-farmaceutico\/\" \/>\n<meta property=\"og:site_name\" content=\"Centro de estudios para el fomento de la investigaci\u00f3n\" \/>\n<meta property=\"article:modified_time\" content=\"2020-02-11T09:49:45+00:00\" \/>\n<meta property=\"og:image\" content=\"https:\/\/cefi.es\/wp-contenido\/uploads\/2019\/12\/SEMINARIO-IMPACTO-DE-LA-NUEVA-LEY-DE-CONTRATOS-DEL-SECTOR-PUBLICO-EN-EL-SECTOR-FARMACEUTICO.jpg\" \/>\n\t<meta property=\"og:image:width\" content=\"1440\" \/>\n\t<meta property=\"og:image:height\" content=\"890\" \/>\n\t<meta property=\"og:image:type\" content=\"image\/jpeg\" \/>\n<meta name=\"twitter:card\" content=\"summary_large_image\" \/>\n<meta name=\"twitter:label1\" content=\"Est. reading time\" \/>\n\t<meta name=\"twitter:data1\" content=\"1 minute\" \/>\n<script type=\"application\/ld+json\" class=\"yoast-schema-graph\">{\"@context\":\"https:\\\/\\\/schema.org\",\"@graph\":[{\"@type\":\"WebPage\",\"@id\":\"https:\\\/\\\/cefi.es\\\/en\\\/tienda\\\/cursos-y-seminarios\\\/seminarios\\\/seminarios-sector-farmaceutico-industria-farmaceutica\\\/seminario-impacto-de-la-nueva-ley-de-contratos-del-sector-publico-en-el-sector-farmaceutico\\\/\",\"url\":\"https:\\\/\\\/cefi.es\\\/en\\\/tienda\\\/cursos-y-seminarios\\\/seminarios\\\/seminarios-sector-farmaceutico-industria-farmaceutica\\\/seminario-impacto-de-la-nueva-ley-de-contratos-del-sector-publico-en-el-sector-farmaceutico\\\/\",\"name\":\"Seminario Impacto de la nueva Ley de Contratos del Sector P\u00fablico en el Sector Farmac\u00e9utico - Centro de estudios para el fomento de la investigaci\u00f3n\",\"isPartOf\":{\"@id\":\"https:\\\/\\\/cefi.es\\\/en\\\/#website\"},\"primaryImageOfPage\":{\"@id\":\"https:\\\/\\\/cefi.es\\\/en\\\/tienda\\\/cursos-y-seminarios\\\/seminarios\\\/seminarios-sector-farmaceutico-industria-farmaceutica\\\/seminario-impacto-de-la-nueva-ley-de-contratos-del-sector-publico-en-el-sector-farmaceutico\\\/#primaryimage\"},\"image\":{\"@id\":\"https:\\\/\\\/cefi.es\\\/en\\\/tienda\\\/cursos-y-seminarios\\\/seminarios\\\/seminarios-sector-farmaceutico-industria-farmaceutica\\\/seminario-impacto-de-la-nueva-ley-de-contratos-del-sector-publico-en-el-sector-farmaceutico\\\/#primaryimage\"},\"thumbnailUrl\":\"https:\\\/\\\/cefi.es\\\/wp-contenido\\\/uploads\\\/2019\\\/12\\\/SEMINARIO-IMPACTO-DE-LA-NUEVA-LEY-DE-CONTRATOS-DEL-SECTOR-PUBLICO-EN-EL-SECTOR-FARMACEUTICO.jpg\",\"datePublished\":\"2018-04-11T09:02:59+00:00\",\"dateModified\":\"2020-02-11T09:49:45+00:00\",\"breadcrumb\":{\"@id\":\"https:\\\/\\\/cefi.es\\\/en\\\/tienda\\\/cursos-y-seminarios\\\/seminarios\\\/seminarios-sector-farmaceutico-industria-farmaceutica\\\/seminario-impacto-de-la-nueva-ley-de-contratos-del-sector-publico-en-el-sector-farmaceutico\\\/#breadcrumb\"},\"inLanguage\":\"en-US\",\"potentialAction\":[{\"@type\":\"ReadAction\",\"target\":[\"https:\\\/\\\/cefi.es\\\/en\\\/tienda\\\/cursos-y-seminarios\\\/seminarios\\\/seminarios-sector-farmaceutico-industria-farmaceutica\\\/seminario-impacto-de-la-nueva-ley-de-contratos-del-sector-publico-en-el-sector-farmaceutico\\\/\"]}]},{\"@type\":\"ImageObject\",\"inLanguage\":\"en-US\",\"@id\":\"https:\\\/\\\/cefi.es\\\/en\\\/tienda\\\/cursos-y-seminarios\\\/seminarios\\\/seminarios-sector-farmaceutico-industria-farmaceutica\\\/seminario-impacto-de-la-nueva-ley-de-contratos-del-sector-publico-en-el-sector-farmaceutico\\\/#primaryimage\",\"url\":\"https:\\\/\\\/cefi.es\\\/wp-contenido\\\/uploads\\\/2019\\\/12\\\/SEMINARIO-IMPACTO-DE-LA-NUEVA-LEY-DE-CONTRATOS-DEL-SECTOR-PUBLICO-EN-EL-SECTOR-FARMACEUTICO.jpg\",\"contentUrl\":\"https:\\\/\\\/cefi.es\\\/wp-contenido\\\/uploads\\\/2019\\\/12\\\/SEMINARIO-IMPACTO-DE-LA-NUEVA-LEY-DE-CONTRATOS-DEL-SECTOR-PUBLICO-EN-EL-SECTOR-FARMACEUTICO.jpg\",\"width\":1440,\"height\":890},{\"@type\":\"BreadcrumbList\",\"@id\":\"https:\\\/\\\/cefi.es\\\/en\\\/tienda\\\/cursos-y-seminarios\\\/seminarios\\\/seminarios-sector-farmaceutico-industria-farmaceutica\\\/seminario-impacto-de-la-nueva-ley-de-contratos-del-sector-publico-en-el-sector-farmaceutico\\\/#breadcrumb\",\"itemListElement\":[{\"@type\":\"ListItem\",\"position\":1,\"name\":\"Home\",\"item\":\"https:\\\/\\\/cefi.es\\\/en\\\/\"},{\"@type\":\"ListItem\",\"position\":2,\"name\":\"Products\",\"item\":\"https:\\\/\\\/cefi.es\\\/en\\\/shop\\\/\"},{\"@type\":\"ListItem\",\"position\":3,\"name\":\"Seminario Impacto de la nueva Ley de Contratos del Sector P\u00fablico en el Sector Farmac\u00e9utico\"}]},{\"@type\":\"WebSite\",\"@id\":\"https:\\\/\\\/cefi.es\\\/en\\\/#website\",\"url\":\"https:\\\/\\\/cefi.es\\\/en\\\/\",\"name\":\"Centro de estudios para el fomento de la investigaci\u00f3n\",\"description\":\"\",\"publisher\":{\"@id\":\"https:\\\/\\\/cefi.es\\\/en\\\/#organization\"},\"potentialAction\":[{\"@type\":\"SearchAction\",\"target\":{\"@type\":\"EntryPoint\",\"urlTemplate\":\"https:\\\/\\\/cefi.es\\\/en\\\/?s={search_term_string}\"},\"query-input\":{\"@type\":\"PropertyValueSpecification\",\"valueRequired\":true,\"valueName\":\"search_term_string\"}}],\"inLanguage\":\"en-US\"},{\"@type\":\"Organization\",\"@id\":\"https:\\\/\\\/cefi.es\\\/en\\\/#organization\",\"name\":\"Fundacion CeFi. Propiedad industrial e intelectual\",\"url\":\"https:\\\/\\\/cefi.es\\\/en\\\/\",\"logo\":{\"@type\":\"ImageObject\",\"inLanguage\":\"en-US\",\"@id\":\"https:\\\/\\\/cefi.es\\\/en\\\/#\\\/schema\\\/logo\\\/image\\\/\",\"url\":\"https:\\\/\\\/cefi.es\\\/wp-contenido\\\/uploads\\\/2019\\\/12\\\/cropped-favicon-3.png\",\"contentUrl\":\"https:\\\/\\\/cefi.es\\\/wp-contenido\\\/uploads\\\/2019\\\/12\\\/cropped-favicon-3.png\",\"width\":512,\"height\":512,\"caption\":\"Fundacion CeFi. Propiedad industrial e intelectual\"},\"image\":{\"@id\":\"https:\\\/\\\/cefi.es\\\/en\\\/#\\\/schema\\\/logo\\\/image\\\/\"}}]}<\/script>\n<!-- \/ Yoast SEO plugin. -->","yoast_head_json":{"title":"Seminario Impacto de la nueva Ley de Contratos del Sector P\u00fablico en el Sector Farmac\u00e9utico - Centro de estudios para el fomento de la investigaci\u00f3n","robots":{"index":"index","follow":"follow","max-snippet":"max-snippet:-1","max-image-preview":"max-image-preview:large","max-video-preview":"max-video-preview:-1"},"canonical":"https:\/\/cefi.es\/en\/tienda\/cursos-y-seminarios\/seminarios\/seminarios-sector-farmaceutico-industria-farmaceutica\/seminario-impacto-de-la-nueva-ley-de-contratos-del-sector-publico-en-el-sector-farmaceutico\/","og_locale":"en_US","og_type":"article","og_title":"Seminario Impacto de la nueva Ley de Contratos del Sector P\u00fablico en el Sector Farmac\u00e9utico - Centro de estudios para el fomento de la investigaci\u00f3n","og_description":"Seminario Impacto de la nueva Ley de Contratos del Sector P\u00fablico en el Sector Farmac\u00e9utico.","og_url":"https:\/\/cefi.es\/en\/tienda\/cursos-y-seminarios\/seminarios\/seminarios-sector-farmaceutico-industria-farmaceutica\/seminario-impacto-de-la-nueva-ley-de-contratos-del-sector-publico-en-el-sector-farmaceutico\/","og_site_name":"Centro de estudios para el fomento de la investigaci\u00f3n","article_modified_time":"2020-02-11T09:49:45+00:00","og_image":[{"width":1440,"height":890,"url":"https:\/\/cefi.es\/wp-contenido\/uploads\/2019\/12\/SEMINARIO-IMPACTO-DE-LA-NUEVA-LEY-DE-CONTRATOS-DEL-SECTOR-PUBLICO-EN-EL-SECTOR-FARMACEUTICO.jpg","type":"image\/jpeg"}],"twitter_card":"summary_large_image","twitter_misc":{"Est. reading time":"1 minute"},"schema":{"@context":"https:\/\/schema.org","@graph":[{"@type":"WebPage","@id":"https:\/\/cefi.es\/en\/tienda\/cursos-y-seminarios\/seminarios\/seminarios-sector-farmaceutico-industria-farmaceutica\/seminario-impacto-de-la-nueva-ley-de-contratos-del-sector-publico-en-el-sector-farmaceutico\/","url":"https:\/\/cefi.es\/en\/tienda\/cursos-y-seminarios\/seminarios\/seminarios-sector-farmaceutico-industria-farmaceutica\/seminario-impacto-de-la-nueva-ley-de-contratos-del-sector-publico-en-el-sector-farmaceutico\/","name":"Seminario Impacto de la nueva Ley de Contratos del Sector P\u00fablico en el Sector Farmac\u00e9utico - Centro de estudios para el fomento de la investigaci\u00f3n","isPartOf":{"@id":"https:\/\/cefi.es\/en\/#website"},"primaryImageOfPage":{"@id":"https:\/\/cefi.es\/en\/tienda\/cursos-y-seminarios\/seminarios\/seminarios-sector-farmaceutico-industria-farmaceutica\/seminario-impacto-de-la-nueva-ley-de-contratos-del-sector-publico-en-el-sector-farmaceutico\/#primaryimage"},"image":{"@id":"https:\/\/cefi.es\/en\/tienda\/cursos-y-seminarios\/seminarios\/seminarios-sector-farmaceutico-industria-farmaceutica\/seminario-impacto-de-la-nueva-ley-de-contratos-del-sector-publico-en-el-sector-farmaceutico\/#primaryimage"},"thumbnailUrl":"https:\/\/cefi.es\/wp-contenido\/uploads\/2019\/12\/SEMINARIO-IMPACTO-DE-LA-NUEVA-LEY-DE-CONTRATOS-DEL-SECTOR-PUBLICO-EN-EL-SECTOR-FARMACEUTICO.jpg","datePublished":"2018-04-11T09:02:59+00:00","dateModified":"2020-02-11T09:49:45+00:00","breadcrumb":{"@id":"https:\/\/cefi.es\/en\/tienda\/cursos-y-seminarios\/seminarios\/seminarios-sector-farmaceutico-industria-farmaceutica\/seminario-impacto-de-la-nueva-ley-de-contratos-del-sector-publico-en-el-sector-farmaceutico\/#breadcrumb"},"inLanguage":"en-US","potentialAction":[{"@type":"ReadAction","target":["https:\/\/cefi.es\/en\/tienda\/cursos-y-seminarios\/seminarios\/seminarios-sector-farmaceutico-industria-farmaceutica\/seminario-impacto-de-la-nueva-ley-de-contratos-del-sector-publico-en-el-sector-farmaceutico\/"]}]},{"@type":"ImageObject","inLanguage":"en-US","@id":"https:\/\/cefi.es\/en\/tienda\/cursos-y-seminarios\/seminarios\/seminarios-sector-farmaceutico-industria-farmaceutica\/seminario-impacto-de-la-nueva-ley-de-contratos-del-sector-publico-en-el-sector-farmaceutico\/#primaryimage","url":"https:\/\/cefi.es\/wp-contenido\/uploads\/2019\/12\/SEMINARIO-IMPACTO-DE-LA-NUEVA-LEY-DE-CONTRATOS-DEL-SECTOR-PUBLICO-EN-EL-SECTOR-FARMACEUTICO.jpg","contentUrl":"https:\/\/cefi.es\/wp-contenido\/uploads\/2019\/12\/SEMINARIO-IMPACTO-DE-LA-NUEVA-LEY-DE-CONTRATOS-DEL-SECTOR-PUBLICO-EN-EL-SECTOR-FARMACEUTICO.jpg","width":1440,"height":890},{"@type":"BreadcrumbList","@id":"https:\/\/cefi.es\/en\/tienda\/cursos-y-seminarios\/seminarios\/seminarios-sector-farmaceutico-industria-farmaceutica\/seminario-impacto-de-la-nueva-ley-de-contratos-del-sector-publico-en-el-sector-farmaceutico\/#breadcrumb","itemListElement":[{"@type":"ListItem","position":1,"name":"Home","item":"https:\/\/cefi.es\/en\/"},{"@type":"ListItem","position":2,"name":"Products","item":"https:\/\/cefi.es\/en\/shop\/"},{"@type":"ListItem","position":3,"name":"Seminario Impacto de la nueva Ley de Contratos del Sector P\u00fablico en el Sector Farmac\u00e9utico"}]},{"@type":"WebSite","@id":"https:\/\/cefi.es\/en\/#website","url":"https:\/\/cefi.es\/en\/","name":"Centro de estudios para el fomento de la investigaci\u00f3n","description":"","publisher":{"@id":"https:\/\/cefi.es\/en\/#organization"},"potentialAction":[{"@type":"SearchAction","target":{"@type":"EntryPoint","urlTemplate":"https:\/\/cefi.es\/en\/?s={search_term_string}"},"query-input":{"@type":"PropertyValueSpecification","valueRequired":true,"valueName":"search_term_string"}}],"inLanguage":"en-US"},{"@type":"Organization","@id":"https:\/\/cefi.es\/en\/#organization","name":"Fundacion CeFi. Propiedad industrial e intelectual","url":"https:\/\/cefi.es\/en\/","logo":{"@type":"ImageObject","inLanguage":"en-US","@id":"https:\/\/cefi.es\/en\/#\/schema\/logo\/image\/","url":"https:\/\/cefi.es\/wp-contenido\/uploads\/2019\/12\/cropped-favicon-3.png","contentUrl":"https:\/\/cefi.es\/wp-contenido\/uploads\/2019\/12\/cropped-favicon-3.png","width":512,"height":512,"caption":"Fundacion CeFi. Propiedad industrial e intelectual"},"image":{"@id":"https:\/\/cefi.es\/en\/#\/schema\/logo\/image\/"}}]}},"_links":{"self":[{"href":"https:\/\/cefi.es\/en\/wp-json\/wp\/v2\/product\/6741","targetHints":{"allow":["GET"]}}],"collection":[{"href":"https:\/\/cefi.es\/en\/wp-json\/wp\/v2\/product"}],"about":[{"href":"https:\/\/cefi.es\/en\/wp-json\/wp\/v2\/types\/product"}],"version-history":[{"count":1,"href":"https:\/\/cefi.es\/en\/wp-json\/wp\/v2\/product\/6741\/revisions"}],"predecessor-version":[{"id":6749,"href":"https:\/\/cefi.es\/en\/wp-json\/wp\/v2\/product\/6741\/revisions\/6749"}],"wp:featuredmedia":[{"embeddable":true,"href":"https:\/\/cefi.es\/en\/wp-json\/wp\/v2\/media\/5807"}],"wp:attachment":[{"href":"https:\/\/cefi.es\/en\/wp-json\/wp\/v2\/media?parent=6741"}],"wp:term":[{"taxonomy":"product_brand","embeddable":true,"href":"https:\/\/cefi.es\/en\/wp-json\/wp\/v2\/product_brand?post=6741"},{"taxonomy":"product_cat","embeddable":true,"href":"https:\/\/cefi.es\/en\/wp-json\/wp\/v2\/product_cat?post=6741"},{"taxonomy":"product_tag","embeddable":true,"href":"https:\/\/cefi.es\/en\/wp-json\/wp\/v2\/product_tag?post=6741"}],"curies":[{"name":"wp","href":"https:\/\/api.w.org\/{rel}","templated":true}]}}