{"id":6739,"date":"2013-11-11T08:50:37","date_gmt":"2013-11-11T08:50:37","guid":{"rendered":"http:\/\/www.cefi.es\/?post_type=product&#038;p=6739"},"modified":"2020-02-11T09:01:55","modified_gmt":"2020-02-11T09:01:55","slug":"seminario-contratacion-publica-de-medicamentos","status":"publish","type":"product","link":"https:\/\/cefi.es\/en\/tienda\/cursos-y-seminarios\/seminarios\/seminarios-sector-farmaceutico-industria-farmaceutica\/seminario-contratacion-publica-de-medicamentos\/","title":{"rendered":"Seminario Contrataci\u00f3n P\u00fablica de Medicamentos"},"content":{"rendered":"<table>\n<tbody>\n<tr>\n<td><strong>8:45 &#8211; 9:15<\/strong><\/td>\n<td>\n<h5>Recepcio\u0301n de asistentes y entrega de documentacio\u0301n<\/h5>\n<\/td>\n<\/tr>\n<tr>\n<td><strong>9:15 &#8211; 9:30<\/strong><\/td>\n<td>\n<h5>Apertura.<\/h5>\n<p><strong>Maria Alonso Burgaz. Presidenta Fundacio\u0301n CEFI Jose Julia\u0301n Diaz Melguizo. Director INGESA<\/strong><\/td>\n<\/tr>\n<tr>\n<td><strong>9:30-10:45<\/strong><\/td>\n<td><strong>Procedimientos de contratacio\u0301n pu\u0301blica. Definicio\u0301n y conceptos generales<\/strong><br \/>\nSara Castelo Ruano. Abogada socia Tesera de Hospitalidad<\/p>\n<p><strong>Concursos. Acuerdos marcos vs. compra centralizada<\/strong><br \/>\nSabiniano Medrano Irazola. Abogado-socio Ernst &#038; Young<\/p>\n<p><strong>La experiencia de INGESA. INGESA 2<\/strong><br \/>\nFrancisco Valero Bonilla. Vocal asesor Direccio\u0301n INGESA<\/p>\n<p><strong>Debate<\/strong><\/td>\n<\/tr>\n<tr>\n<td><strong>10:45 &#8211; 11:00<\/strong><\/td>\n<td>\n<h5>Pausa cafe\u0301<\/h5>\n<\/td>\n<\/tr>\n<tr>\n<td><strong>11:00 &#8211; 12:50<\/strong><\/td>\n<td><strong>Compras centralizadas de las CCAA y seleccio\u0301n de proveedores<\/strong><br \/>\n(dos nuevos arti\u0301culos que limitan las medidas de seleccio\u0301n) Germa\u0301n Alonso Alegre. Abogado socio Mazars<\/p>\n<p><strong>Equivalencia terape\u0301utica (coste-efectividad). Acuerdos de riesgo compartido<\/strong><br \/>\nJuan Sua\u0301rez. Abogado socio Faus y Moliner<\/p>\n<p><strong>U\u0301ltimos pronunciamientos en el mercado de medicamentos\/ sanitario<\/strong><br \/>\n(jurisprudencia dispersa Tribunal central\/Tribunales de las CCAA. \u00bfCual prevalece? y efectos).<br \/>\nRaquel Ballesteros Pomar. Abogada socia Bird&#038;Bird<\/p>\n<p><strong>Debate<\/strong><\/td>\n<\/tr>\n<tr>\n<td><strong>12:50 &#8211; 13:20\/strong><\/td>\n<td><strong>Gui\u0301a sobre contratacio\u0301n pu\u0301blica y competencia<\/strong><br \/>\nPedro Garrosa Ferna\u0301ndez. Subdireccio\u0301n de ayudas Pu\u0301blicas e Informes de Proyectos Nosmativos de la CNMC.<\/p>\n<p><strong>Debate<\/strong><\/td>\n<\/tr>\n<tr>\n<td><strong>13:20 &#8211; 14:00<\/strong><\/td>\n<td><strong>Ley de Garanti\u0301as y Proyecto RD de precios. Precio seleccionado<\/strong><br \/>\nJordi Faus Santasusana. Abogado socio Faus y Moliner<\/p>\n<p><strong>Debate<\/strong><\/td>\n<\/tr>\n<tr>\n<td><strong>14:00<\/strong><\/td>\n<td>\n<h5>Clausura<\/h5>\n<p><strong>Mari\u0301a Alonso Burgaz<\/strong>. Presidenta de CEFI<br \/>\n<strong>Agusti\u0301n Rivero Cuadrado<\/strong>. Director General Cartera Ba\u0301sica de Servicios SNS y Farmacia\n<\/td>\n<\/tr>\n<\/tbody>\n<\/table>\n","protected":false},"excerpt":{"rendered":"<p>Seminario Contrataci\u00f3n P\u00fablica de Medicamentos.<\/p>\n","protected":false},"featured_media":5805,"template":"","meta":{"_acf_changed":false},"product_brand":[],"product_cat":[78,94],"product_tag":[],"class_list":{"0":"post-6739","1":"product","2":"type-product","3":"status-publish","4":"has-post-thumbnail","6":"product_cat-seminarios","7":"product_cat-seminarios-sector-farmaceutico-industria-farmaceutica","9":"first","10":"outofstock","11":"virtual","12":"taxable","13":"purchasable","14":"product-type-simple"},"acf":[],"yoast_head":"<!-- This site is optimized with the Yoast SEO plugin v27.3 - https:\/\/yoast.com\/product\/yoast-seo-wordpress\/ -->\n<title>Seminario Contrataci\u00f3n P\u00fablica de Medicamentos - Centro de estudios para el fomento de la investigaci\u00f3n<\/title>\n<meta name=\"robots\" content=\"index, follow, max-snippet:-1, max-image-preview:large, max-video-preview:-1\" \/>\n<link rel=\"canonical\" href=\"https:\/\/cefi.es\/en\/tienda\/cursos-y-seminarios\/seminarios\/seminarios-sector-farmaceutico-industria-farmaceutica\/seminario-contratacion-publica-de-medicamentos\/\" \/>\n<meta property=\"og:locale\" content=\"en_US\" \/>\n<meta property=\"og:type\" content=\"article\" \/>\n<meta property=\"og:title\" content=\"Seminario Contrataci\u00f3n P\u00fablica de Medicamentos - Centro de estudios para el fomento de la investigaci\u00f3n\" \/>\n<meta property=\"og:description\" content=\"Seminario Contrataci\u00f3n P\u00fablica de Medicamentos.\" \/>\n<meta property=\"og:url\" content=\"https:\/\/cefi.es\/en\/tienda\/cursos-y-seminarios\/seminarios\/seminarios-sector-farmaceutico-industria-farmaceutica\/seminario-contratacion-publica-de-medicamentos\/\" \/>\n<meta property=\"og:site_name\" content=\"Centro de estudios para el fomento de la investigaci\u00f3n\" \/>\n<meta property=\"article:modified_time\" content=\"2020-02-11T09:01:55+00:00\" \/>\n<meta property=\"og:image\" content=\"https:\/\/cefi.es\/wp-contenido\/uploads\/2019\/12\/SEMINARIO-IMPACTO-DE-LA-NUEVA-LEY-DE-CONTRATOS-DEL-SECTOR-PUBLICO-EN-EL-SECTOR-FARMACEUTICO-18_4_2018.jpg\" \/>\n\t<meta property=\"og:image:width\" content=\"1440\" \/>\n\t<meta property=\"og:image:height\" content=\"890\" \/>\n\t<meta property=\"og:image:type\" content=\"image\/jpeg\" \/>\n<meta name=\"twitter:card\" content=\"summary_large_image\" \/>\n<meta name=\"twitter:label1\" content=\"Est. reading time\" \/>\n\t<meta name=\"twitter:data1\" content=\"1 minute\" \/>\n<script type=\"application\/ld+json\" class=\"yoast-schema-graph\">{\"@context\":\"https:\\\/\\\/schema.org\",\"@graph\":[{\"@type\":\"WebPage\",\"@id\":\"https:\\\/\\\/cefi.es\\\/en\\\/tienda\\\/cursos-y-seminarios\\\/seminarios\\\/seminarios-sector-farmaceutico-industria-farmaceutica\\\/seminario-contratacion-publica-de-medicamentos\\\/\",\"url\":\"https:\\\/\\\/cefi.es\\\/en\\\/tienda\\\/cursos-y-seminarios\\\/seminarios\\\/seminarios-sector-farmaceutico-industria-farmaceutica\\\/seminario-contratacion-publica-de-medicamentos\\\/\",\"name\":\"Seminario Contrataci\u00f3n P\u00fablica de Medicamentos - Centro de estudios para el fomento de la investigaci\u00f3n\",\"isPartOf\":{\"@id\":\"https:\\\/\\\/cefi.es\\\/en\\\/#website\"},\"primaryImageOfPage\":{\"@id\":\"https:\\\/\\\/cefi.es\\\/en\\\/tienda\\\/cursos-y-seminarios\\\/seminarios\\\/seminarios-sector-farmaceutico-industria-farmaceutica\\\/seminario-contratacion-publica-de-medicamentos\\\/#primaryimage\"},\"image\":{\"@id\":\"https:\\\/\\\/cefi.es\\\/en\\\/tienda\\\/cursos-y-seminarios\\\/seminarios\\\/seminarios-sector-farmaceutico-industria-farmaceutica\\\/seminario-contratacion-publica-de-medicamentos\\\/#primaryimage\"},\"thumbnailUrl\":\"https:\\\/\\\/cefi.es\\\/wp-contenido\\\/uploads\\\/2019\\\/12\\\/SEMINARIO-IMPACTO-DE-LA-NUEVA-LEY-DE-CONTRATOS-DEL-SECTOR-PUBLICO-EN-EL-SECTOR-FARMACEUTICO-18_4_2018.jpg\",\"datePublished\":\"2013-11-11T08:50:37+00:00\",\"dateModified\":\"2020-02-11T09:01:55+00:00\",\"breadcrumb\":{\"@id\":\"https:\\\/\\\/cefi.es\\\/en\\\/tienda\\\/cursos-y-seminarios\\\/seminarios\\\/seminarios-sector-farmaceutico-industria-farmaceutica\\\/seminario-contratacion-publica-de-medicamentos\\\/#breadcrumb\"},\"inLanguage\":\"en-US\",\"potentialAction\":[{\"@type\":\"ReadAction\",\"target\":[\"https:\\\/\\\/cefi.es\\\/en\\\/tienda\\\/cursos-y-seminarios\\\/seminarios\\\/seminarios-sector-farmaceutico-industria-farmaceutica\\\/seminario-contratacion-publica-de-medicamentos\\\/\"]}]},{\"@type\":\"ImageObject\",\"inLanguage\":\"en-US\",\"@id\":\"https:\\\/\\\/cefi.es\\\/en\\\/tienda\\\/cursos-y-seminarios\\\/seminarios\\\/seminarios-sector-farmaceutico-industria-farmaceutica\\\/seminario-contratacion-publica-de-medicamentos\\\/#primaryimage\",\"url\":\"https:\\\/\\\/cefi.es\\\/wp-contenido\\\/uploads\\\/2019\\\/12\\\/SEMINARIO-IMPACTO-DE-LA-NUEVA-LEY-DE-CONTRATOS-DEL-SECTOR-PUBLICO-EN-EL-SECTOR-FARMACEUTICO-18_4_2018.jpg\",\"contentUrl\":\"https:\\\/\\\/cefi.es\\\/wp-contenido\\\/uploads\\\/2019\\\/12\\\/SEMINARIO-IMPACTO-DE-LA-NUEVA-LEY-DE-CONTRATOS-DEL-SECTOR-PUBLICO-EN-EL-SECTOR-FARMACEUTICO-18_4_2018.jpg\",\"width\":1440,\"height\":890},{\"@type\":\"BreadcrumbList\",\"@id\":\"https:\\\/\\\/cefi.es\\\/en\\\/tienda\\\/cursos-y-seminarios\\\/seminarios\\\/seminarios-sector-farmaceutico-industria-farmaceutica\\\/seminario-contratacion-publica-de-medicamentos\\\/#breadcrumb\",\"itemListElement\":[{\"@type\":\"ListItem\",\"position\":1,\"name\":\"Home\",\"item\":\"https:\\\/\\\/cefi.es\\\/en\\\/\"},{\"@type\":\"ListItem\",\"position\":2,\"name\":\"Products\",\"item\":\"https:\\\/\\\/cefi.es\\\/en\\\/shop\\\/\"},{\"@type\":\"ListItem\",\"position\":3,\"name\":\"Seminario Contrataci\u00f3n P\u00fablica de Medicamentos\"}]},{\"@type\":\"WebSite\",\"@id\":\"https:\\\/\\\/cefi.es\\\/en\\\/#website\",\"url\":\"https:\\\/\\\/cefi.es\\\/en\\\/\",\"name\":\"Centro de estudios para el fomento de la investigaci\u00f3n\",\"description\":\"\",\"publisher\":{\"@id\":\"https:\\\/\\\/cefi.es\\\/en\\\/#organization\"},\"potentialAction\":[{\"@type\":\"SearchAction\",\"target\":{\"@type\":\"EntryPoint\",\"urlTemplate\":\"https:\\\/\\\/cefi.es\\\/en\\\/?s={search_term_string}\"},\"query-input\":{\"@type\":\"PropertyValueSpecification\",\"valueRequired\":true,\"valueName\":\"search_term_string\"}}],\"inLanguage\":\"en-US\"},{\"@type\":\"Organization\",\"@id\":\"https:\\\/\\\/cefi.es\\\/en\\\/#organization\",\"name\":\"Fundacion CeFi. Propiedad industrial e intelectual\",\"url\":\"https:\\\/\\\/cefi.es\\\/en\\\/\",\"logo\":{\"@type\":\"ImageObject\",\"inLanguage\":\"en-US\",\"@id\":\"https:\\\/\\\/cefi.es\\\/en\\\/#\\\/schema\\\/logo\\\/image\\\/\",\"url\":\"https:\\\/\\\/cefi.es\\\/wp-contenido\\\/uploads\\\/2019\\\/12\\\/cropped-favicon-3.png\",\"contentUrl\":\"https:\\\/\\\/cefi.es\\\/wp-contenido\\\/uploads\\\/2019\\\/12\\\/cropped-favicon-3.png\",\"width\":512,\"height\":512,\"caption\":\"Fundacion CeFi. Propiedad industrial e intelectual\"},\"image\":{\"@id\":\"https:\\\/\\\/cefi.es\\\/en\\\/#\\\/schema\\\/logo\\\/image\\\/\"}}]}<\/script>\n<!-- \/ Yoast SEO plugin. -->","yoast_head_json":{"title":"Seminario Contrataci\u00f3n P\u00fablica de Medicamentos - Centro de estudios para el fomento de la investigaci\u00f3n","robots":{"index":"index","follow":"follow","max-snippet":"max-snippet:-1","max-image-preview":"max-image-preview:large","max-video-preview":"max-video-preview:-1"},"canonical":"https:\/\/cefi.es\/en\/tienda\/cursos-y-seminarios\/seminarios\/seminarios-sector-farmaceutico-industria-farmaceutica\/seminario-contratacion-publica-de-medicamentos\/","og_locale":"en_US","og_type":"article","og_title":"Seminario Contrataci\u00f3n P\u00fablica de Medicamentos - Centro de estudios para el fomento de la investigaci\u00f3n","og_description":"Seminario Contrataci\u00f3n P\u00fablica de Medicamentos.","og_url":"https:\/\/cefi.es\/en\/tienda\/cursos-y-seminarios\/seminarios\/seminarios-sector-farmaceutico-industria-farmaceutica\/seminario-contratacion-publica-de-medicamentos\/","og_site_name":"Centro de estudios para el fomento de la investigaci\u00f3n","article_modified_time":"2020-02-11T09:01:55+00:00","og_image":[{"width":1440,"height":890,"url":"https:\/\/cefi.es\/wp-contenido\/uploads\/2019\/12\/SEMINARIO-IMPACTO-DE-LA-NUEVA-LEY-DE-CONTRATOS-DEL-SECTOR-PUBLICO-EN-EL-SECTOR-FARMACEUTICO-18_4_2018.jpg","type":"image\/jpeg"}],"twitter_card":"summary_large_image","twitter_misc":{"Est. reading time":"1 minute"},"schema":{"@context":"https:\/\/schema.org","@graph":[{"@type":"WebPage","@id":"https:\/\/cefi.es\/en\/tienda\/cursos-y-seminarios\/seminarios\/seminarios-sector-farmaceutico-industria-farmaceutica\/seminario-contratacion-publica-de-medicamentos\/","url":"https:\/\/cefi.es\/en\/tienda\/cursos-y-seminarios\/seminarios\/seminarios-sector-farmaceutico-industria-farmaceutica\/seminario-contratacion-publica-de-medicamentos\/","name":"Seminario Contrataci\u00f3n P\u00fablica de Medicamentos - Centro de estudios para el fomento de la investigaci\u00f3n","isPartOf":{"@id":"https:\/\/cefi.es\/en\/#website"},"primaryImageOfPage":{"@id":"https:\/\/cefi.es\/en\/tienda\/cursos-y-seminarios\/seminarios\/seminarios-sector-farmaceutico-industria-farmaceutica\/seminario-contratacion-publica-de-medicamentos\/#primaryimage"},"image":{"@id":"https:\/\/cefi.es\/en\/tienda\/cursos-y-seminarios\/seminarios\/seminarios-sector-farmaceutico-industria-farmaceutica\/seminario-contratacion-publica-de-medicamentos\/#primaryimage"},"thumbnailUrl":"https:\/\/cefi.es\/wp-contenido\/uploads\/2019\/12\/SEMINARIO-IMPACTO-DE-LA-NUEVA-LEY-DE-CONTRATOS-DEL-SECTOR-PUBLICO-EN-EL-SECTOR-FARMACEUTICO-18_4_2018.jpg","datePublished":"2013-11-11T08:50:37+00:00","dateModified":"2020-02-11T09:01:55+00:00","breadcrumb":{"@id":"https:\/\/cefi.es\/en\/tienda\/cursos-y-seminarios\/seminarios\/seminarios-sector-farmaceutico-industria-farmaceutica\/seminario-contratacion-publica-de-medicamentos\/#breadcrumb"},"inLanguage":"en-US","potentialAction":[{"@type":"ReadAction","target":["https:\/\/cefi.es\/en\/tienda\/cursos-y-seminarios\/seminarios\/seminarios-sector-farmaceutico-industria-farmaceutica\/seminario-contratacion-publica-de-medicamentos\/"]}]},{"@type":"ImageObject","inLanguage":"en-US","@id":"https:\/\/cefi.es\/en\/tienda\/cursos-y-seminarios\/seminarios\/seminarios-sector-farmaceutico-industria-farmaceutica\/seminario-contratacion-publica-de-medicamentos\/#primaryimage","url":"https:\/\/cefi.es\/wp-contenido\/uploads\/2019\/12\/SEMINARIO-IMPACTO-DE-LA-NUEVA-LEY-DE-CONTRATOS-DEL-SECTOR-PUBLICO-EN-EL-SECTOR-FARMACEUTICO-18_4_2018.jpg","contentUrl":"https:\/\/cefi.es\/wp-contenido\/uploads\/2019\/12\/SEMINARIO-IMPACTO-DE-LA-NUEVA-LEY-DE-CONTRATOS-DEL-SECTOR-PUBLICO-EN-EL-SECTOR-FARMACEUTICO-18_4_2018.jpg","width":1440,"height":890},{"@type":"BreadcrumbList","@id":"https:\/\/cefi.es\/en\/tienda\/cursos-y-seminarios\/seminarios\/seminarios-sector-farmaceutico-industria-farmaceutica\/seminario-contratacion-publica-de-medicamentos\/#breadcrumb","itemListElement":[{"@type":"ListItem","position":1,"name":"Home","item":"https:\/\/cefi.es\/en\/"},{"@type":"ListItem","position":2,"name":"Products","item":"https:\/\/cefi.es\/en\/shop\/"},{"@type":"ListItem","position":3,"name":"Seminario Contrataci\u00f3n P\u00fablica de Medicamentos"}]},{"@type":"WebSite","@id":"https:\/\/cefi.es\/en\/#website","url":"https:\/\/cefi.es\/en\/","name":"Centro de estudios para el fomento de la investigaci\u00f3n","description":"","publisher":{"@id":"https:\/\/cefi.es\/en\/#organization"},"potentialAction":[{"@type":"SearchAction","target":{"@type":"EntryPoint","urlTemplate":"https:\/\/cefi.es\/en\/?s={search_term_string}"},"query-input":{"@type":"PropertyValueSpecification","valueRequired":true,"valueName":"search_term_string"}}],"inLanguage":"en-US"},{"@type":"Organization","@id":"https:\/\/cefi.es\/en\/#organization","name":"Fundacion CeFi. Propiedad industrial e intelectual","url":"https:\/\/cefi.es\/en\/","logo":{"@type":"ImageObject","inLanguage":"en-US","@id":"https:\/\/cefi.es\/en\/#\/schema\/logo\/image\/","url":"https:\/\/cefi.es\/wp-contenido\/uploads\/2019\/12\/cropped-favicon-3.png","contentUrl":"https:\/\/cefi.es\/wp-contenido\/uploads\/2019\/12\/cropped-favicon-3.png","width":512,"height":512,"caption":"Fundacion CeFi. Propiedad industrial e intelectual"},"image":{"@id":"https:\/\/cefi.es\/en\/#\/schema\/logo\/image\/"}}]}},"_links":{"self":[{"href":"https:\/\/cefi.es\/en\/wp-json\/wp\/v2\/product\/6739","targetHints":{"allow":["GET"]}}],"collection":[{"href":"https:\/\/cefi.es\/en\/wp-json\/wp\/v2\/product"}],"about":[{"href":"https:\/\/cefi.es\/en\/wp-json\/wp\/v2\/types\/product"}],"version-history":[{"count":1,"href":"https:\/\/cefi.es\/en\/wp-json\/wp\/v2\/product\/6739\/revisions"}],"predecessor-version":[{"id":6740,"href":"https:\/\/cefi.es\/en\/wp-json\/wp\/v2\/product\/6739\/revisions\/6740"}],"wp:featuredmedia":[{"embeddable":true,"href":"https:\/\/cefi.es\/en\/wp-json\/wp\/v2\/media\/5805"}],"wp:attachment":[{"href":"https:\/\/cefi.es\/en\/wp-json\/wp\/v2\/media?parent=6739"}],"wp:term":[{"taxonomy":"product_brand","embeddable":true,"href":"https:\/\/cefi.es\/en\/wp-json\/wp\/v2\/product_brand?post=6739"},{"taxonomy":"product_cat","embeddable":true,"href":"https:\/\/cefi.es\/en\/wp-json\/wp\/v2\/product_cat?post=6739"},{"taxonomy":"product_tag","embeddable":true,"href":"https:\/\/cefi.es\/en\/wp-json\/wp\/v2\/product_tag?post=6739"}],"curies":[{"name":"wp","href":"https:\/\/api.w.org\/{rel}","templated":true}]}}