{"id":6721,"date":"2017-06-11T08:03:27","date_gmt":"2017-06-11T08:03:27","guid":{"rendered":"http:\/\/www.cefi.es\/?post_type=product&#038;p=6721"},"modified":"2020-02-11T08:25:58","modified_gmt":"2020-02-11T08:25:58","slug":"seminario-asociaciones-de-pacientes-e-industria-farmaceutica-avances-en-la-colaboracion","status":"publish","type":"product","link":"https:\/\/cefi.es\/en\/tienda\/cursos-y-seminarios\/seminarios\/seminarios-sector-farmaceutico-industria-farmaceutica\/seminario-asociaciones-de-pacientes-e-industria-farmaceutica-avances-en-la-colaboracion\/","title":{"rendered":"Seminario Asociaciones de Pacientes e Industria Farmac\u00e9utica: Avances en la Colaboraci\u00f3n"},"content":{"rendered":"<table>\n<tbody>\n<tr>\n<td><strong>9:30<\/strong><\/td>\n<td>\n<h5>ACREDITACIO\u0301N Y ENTREGA DE DOCUMENTACIO\u0301N<\/h5>\n<\/td>\n<\/tr>\n<tr>\n<td><strong>10:00 &#8211; 10:45<\/strong><\/td>\n<td>\n<h5>REALIDAD Y RETOS DE LAS ASOCIACIONES DE PACIENTES. RELACIO\u0301N CON LA ADMINISTRACIO\u0301N SANITARIA. COLABORACIO\u0301N CON LA INDUSTRIA FARMACE\u0301UTICA<\/h5>\n<p>Modera: Juan Fuertes Guille\u0301n. Director de Defensa de los Intereses de Pacientes y Acceso en PHA Europe (Federacio\u0301n Europea de Hipertensio\u0301n Arterial)<\/p>\n<p><strong>Asociaciones de pacientes: realidad, retos y profesionalizacio\u0301n.<\/strong><br \/>\nEsther Sabando. Secretaria de Organizacio\u0301n Plataforma de Organizaciones de Pacientes<\/p>\n<p><strong>Relacio\u0301n con la Administracio\u0301n sanitaria como regulador, gestor o pagador dentro del Sistema Nacional de Salud.<\/strong><br \/>\nRoberto Saldan\u0303a. Director-Gerente ACCU<\/p>\n<p><strong>La necesaria colaboracio\u0301n de asociaciones de pacientes e industria farmace\u0301utica. Li\u0301mites e\u0301ticos y legales a larelacio\u0301n con las asociaciones de pacientes por parte de los laboratorios desde el punto de vista de Compliance y Legal.<\/strong><br \/>\nValle Iglesias Gonza\u0301lez. Patient Advocacy Project Manager Janssen Cilag<\/td>\n<\/tr>\n<td><strong>10:45 \u2013 12:00<\/strong><\/td>\n<td>\n<h5>NECESARIO PROTAGONISMO DE LOS PACIENTES EN LA INVESTIGACIO\u0301N CLI\u0301NICA<\/h5>\n<p>Modera: Esther Vilas. Head of Medical Strategy de Roche Farma<\/p>\n<p><strong>Hacia una participacio\u0301n ma\u0301s activa de los pacientes en la investigacio\u0301n cli\u0301nica: el punto de vista de la<br \/>\nindustria. <\/strong><br \/>\nJose\u0301 Antonio Sacrista\u0301n del Castillo. Director Me\u0301dico de Lilly<\/p>\n<p><strong>Comite\u0301s e\u0301ticos con pacientes \u00bfsuen\u0303o o realidad?<\/strong><br \/>\nJavier Moreno Alema\u0301n. Representante CEIM Puerta de Hierro<\/p>\n<p><strong>Vi\u0301as de acceso a informacio\u0301n cienti\u0301fica objetiva: participacio\u0301n legi\u0301tima en Congresos. Acceso a informacio\u0301n sobre I+D+i, estudios y pipeline<\/strong><br \/>\nAlfonso Aguaro\u0301n Turrientes. Projet Manager Myeloma Patients Europe<\/p>\n<p><strong>Conclusiones. El papel clave del paciente en investigacio\u0301n cli\u0301nica.<\/strong><br \/>\nMercedes Maderuelo. Representante de la Academia Europea de Pacientes (EUPATI)\n<\/td>\n<\/tr>\n<tr>\n<td><strong>12:00 &#8211; 12:30<\/strong><\/td>\n<td>\n<h5>PAUSA CAFE\u0301<\/h5>\n<\/td>\n<\/tr>\n<tr>\n<td><strong>12:30 &#8211; 14:15<\/strong><\/td>\n<td>\n<h5>DERECHO A LA INFORMACIO\u0301N DE LAS ASOCIACIONES VS. PROHIBICIO\u0301N DE PUBLICIDAD DE MEDICAMENTOS AL PU\u0301BLICO<\/h5>\n<p>Modera: Ce\u0301sar Herna\u0301ndez Garci\u0301a. Jefe Departamento Medicamentos Uso Humano. AEMPS<\/p>\n<p><strong>Diferencia entre informacio\u0301n y promocio\u0301n. La condicio\u0301n de la asociacio\u0301n de pacientes como ente<br \/>\n\u201ccualificado\u201d diferenciado del pu\u0301blico en general en su acceso a informacio\u0301n cienti\u0301fica de medicamentos. Acceso y participacio\u0301n en las decisiones de las autoridades sanitarias.<\/strong><br \/>\nJordi Faus Santasusana. Faus&#038;Moliner Abogados<\/p>\n<p><strong>Mesa redonda:<\/strong><br \/>\n<strong>Administracio\u0301n<\/strong>: Jose\u0301 Luis Villanueva Marcos. Jefe de Servicio de Asociaciones de Pacientes de la Subdireccio\u0301n General de Informacio\u0301n y Atencio\u0301n al Paciente Consejeri\u0301a de Sanidad CAM.<br \/>\n<strong>Pacientes<\/strong>: Begon\u0303a Barraga\u0301n. Presidenta GEPAC<br \/>\n<strong>Me\u0301dicos<\/strong>: Fernando Carballo A\u0301lvarez. Presidente de la Sociedad Espan\u0303ola de Patologi\u0301a Digestiva. Presidente de FACME<br \/>\n<strong>Industria farmace\u0301utica<\/strong>: Daniel Gil Pe\u0301rez. Responsable A\u0301rea Social Farmaindustria Laboratorios: Isabel Hurtado. Patients Strategic Access MSD<\/td>\n<\/tr>\n<tr>\n<td><strong>14:15<\/strong><\/td>\n<td>\n<h5>CLAUSURA<\/h5>\n<\/td>\n<\/tr>\n<\/tbody>\n<\/table>\n","protected":false},"excerpt":{"rendered":"<p>Seminario Asociaciones de Pacientes e Industria Farmac\u00e9utica: Avances en la colaboraci\u00f3n.<\/p>\n","protected":false},"featured_media":5803,"template":"","meta":{"_acf_changed":false},"product_brand":[],"product_cat":[94,78],"product_tag":[],"class_list":{"0":"post-6721","1":"product","2":"type-product","3":"status-publish","4":"has-post-thumbnail","6":"product_cat-seminarios-sector-farmaceutico-industria-farmaceutica","7":"product_cat-seminarios","9":"first","10":"outofstock","11":"virtual","12":"taxable","13":"purchasable","14":"product-type-simple"},"acf":[],"yoast_head":"<!-- This site is optimized with the Yoast SEO plugin v27.3 - https:\/\/yoast.com\/product\/yoast-seo-wordpress\/ -->\n<title>Seminario Asociaciones de Pacientes e Industria Farmac\u00e9utica: Avances en la Colaboraci\u00f3n - Centro de estudios para el fomento de la investigaci\u00f3n<\/title>\n<meta name=\"robots\" content=\"index, follow, max-snippet:-1, max-image-preview:large, max-video-preview:-1\" \/>\n<link rel=\"canonical\" href=\"https:\/\/cefi.es\/en\/tienda\/cursos-y-seminarios\/seminarios\/seminarios-sector-farmaceutico-industria-farmaceutica\/seminario-asociaciones-de-pacientes-e-industria-farmaceutica-avances-en-la-colaboracion\/\" \/>\n<meta property=\"og:locale\" content=\"en_US\" \/>\n<meta property=\"og:type\" content=\"article\" \/>\n<meta property=\"og:title\" content=\"Seminario Asociaciones de Pacientes e Industria Farmac\u00e9utica: Avances en la Colaboraci\u00f3n - Centro de estudios para el fomento de la investigaci\u00f3n\" \/>\n<meta property=\"og:description\" content=\"Seminario Asociaciones de Pacientes e Industria Farmac\u00e9utica: Avances en la colaboraci\u00f3n.\" \/>\n<meta property=\"og:url\" content=\"https:\/\/cefi.es\/en\/tienda\/cursos-y-seminarios\/seminarios\/seminarios-sector-farmaceutico-industria-farmaceutica\/seminario-asociaciones-de-pacientes-e-industria-farmaceutica-avances-en-la-colaboracion\/\" \/>\n<meta property=\"og:site_name\" content=\"Centro de estudios para el fomento de la investigaci\u00f3n\" \/>\n<meta property=\"article:modified_time\" content=\"2020-02-11T08:25:58+00:00\" \/>\n<meta property=\"og:image\" content=\"https:\/\/cefi.es\/wp-contenido\/uploads\/2019\/12\/SEMINARIO-ASOCIACIONES-DE-PACIENTES-E-INDUSTRIA-FARMACEUTICA_-AVANCES-EN-LA-COLABORACION.jpg\" \/>\n\t<meta property=\"og:image:width\" content=\"1440\" \/>\n\t<meta property=\"og:image:height\" content=\"890\" \/>\n\t<meta property=\"og:image:type\" content=\"image\/jpeg\" \/>\n<meta name=\"twitter:card\" content=\"summary_large_image\" \/>\n<meta name=\"twitter:label1\" content=\"Est. reading time\" \/>\n\t<meta name=\"twitter:data1\" content=\"2 minutes\" \/>\n<script type=\"application\/ld+json\" class=\"yoast-schema-graph\">{\"@context\":\"https:\\\/\\\/schema.org\",\"@graph\":[{\"@type\":\"WebPage\",\"@id\":\"https:\\\/\\\/cefi.es\\\/en\\\/tienda\\\/cursos-y-seminarios\\\/seminarios\\\/seminarios-sector-farmaceutico-industria-farmaceutica\\\/seminario-asociaciones-de-pacientes-e-industria-farmaceutica-avances-en-la-colaboracion\\\/\",\"url\":\"https:\\\/\\\/cefi.es\\\/en\\\/tienda\\\/cursos-y-seminarios\\\/seminarios\\\/seminarios-sector-farmaceutico-industria-farmaceutica\\\/seminario-asociaciones-de-pacientes-e-industria-farmaceutica-avances-en-la-colaboracion\\\/\",\"name\":\"Seminario Asociaciones de Pacientes e Industria Farmac\u00e9utica: Avances en la Colaboraci\u00f3n - Centro de estudios para el fomento de la investigaci\u00f3n\",\"isPartOf\":{\"@id\":\"https:\\\/\\\/cefi.es\\\/en\\\/#website\"},\"primaryImageOfPage\":{\"@id\":\"https:\\\/\\\/cefi.es\\\/en\\\/tienda\\\/cursos-y-seminarios\\\/seminarios\\\/seminarios-sector-farmaceutico-industria-farmaceutica\\\/seminario-asociaciones-de-pacientes-e-industria-farmaceutica-avances-en-la-colaboracion\\\/#primaryimage\"},\"image\":{\"@id\":\"https:\\\/\\\/cefi.es\\\/en\\\/tienda\\\/cursos-y-seminarios\\\/seminarios\\\/seminarios-sector-farmaceutico-industria-farmaceutica\\\/seminario-asociaciones-de-pacientes-e-industria-farmaceutica-avances-en-la-colaboracion\\\/#primaryimage\"},\"thumbnailUrl\":\"https:\\\/\\\/cefi.es\\\/wp-contenido\\\/uploads\\\/2019\\\/12\\\/SEMINARIO-ASOCIACIONES-DE-PACIENTES-E-INDUSTRIA-FARMACEUTICA_-AVANCES-EN-LA-COLABORACION.jpg\",\"datePublished\":\"2017-06-11T08:03:27+00:00\",\"dateModified\":\"2020-02-11T08:25:58+00:00\",\"breadcrumb\":{\"@id\":\"https:\\\/\\\/cefi.es\\\/en\\\/tienda\\\/cursos-y-seminarios\\\/seminarios\\\/seminarios-sector-farmaceutico-industria-farmaceutica\\\/seminario-asociaciones-de-pacientes-e-industria-farmaceutica-avances-en-la-colaboracion\\\/#breadcrumb\"},\"inLanguage\":\"en-US\",\"potentialAction\":[{\"@type\":\"ReadAction\",\"target\":[\"https:\\\/\\\/cefi.es\\\/en\\\/tienda\\\/cursos-y-seminarios\\\/seminarios\\\/seminarios-sector-farmaceutico-industria-farmaceutica\\\/seminario-asociaciones-de-pacientes-e-industria-farmaceutica-avances-en-la-colaboracion\\\/\"]}]},{\"@type\":\"ImageObject\",\"inLanguage\":\"en-US\",\"@id\":\"https:\\\/\\\/cefi.es\\\/en\\\/tienda\\\/cursos-y-seminarios\\\/seminarios\\\/seminarios-sector-farmaceutico-industria-farmaceutica\\\/seminario-asociaciones-de-pacientes-e-industria-farmaceutica-avances-en-la-colaboracion\\\/#primaryimage\",\"url\":\"https:\\\/\\\/cefi.es\\\/wp-contenido\\\/uploads\\\/2019\\\/12\\\/SEMINARIO-ASOCIACIONES-DE-PACIENTES-E-INDUSTRIA-FARMACEUTICA_-AVANCES-EN-LA-COLABORACION.jpg\",\"contentUrl\":\"https:\\\/\\\/cefi.es\\\/wp-contenido\\\/uploads\\\/2019\\\/12\\\/SEMINARIO-ASOCIACIONES-DE-PACIENTES-E-INDUSTRIA-FARMACEUTICA_-AVANCES-EN-LA-COLABORACION.jpg\",\"width\":1440,\"height\":890},{\"@type\":\"BreadcrumbList\",\"@id\":\"https:\\\/\\\/cefi.es\\\/en\\\/tienda\\\/cursos-y-seminarios\\\/seminarios\\\/seminarios-sector-farmaceutico-industria-farmaceutica\\\/seminario-asociaciones-de-pacientes-e-industria-farmaceutica-avances-en-la-colaboracion\\\/#breadcrumb\",\"itemListElement\":[{\"@type\":\"ListItem\",\"position\":1,\"name\":\"Home\",\"item\":\"https:\\\/\\\/cefi.es\\\/en\\\/\"},{\"@type\":\"ListItem\",\"position\":2,\"name\":\"Products\",\"item\":\"https:\\\/\\\/cefi.es\\\/en\\\/shop\\\/\"},{\"@type\":\"ListItem\",\"position\":3,\"name\":\"Seminario Asociaciones de Pacientes e Industria Farmac\u00e9utica: Avances en la Colaboraci\u00f3n\"}]},{\"@type\":\"WebSite\",\"@id\":\"https:\\\/\\\/cefi.es\\\/en\\\/#website\",\"url\":\"https:\\\/\\\/cefi.es\\\/en\\\/\",\"name\":\"Centro de estudios para el fomento de la investigaci\u00f3n\",\"description\":\"\",\"publisher\":{\"@id\":\"https:\\\/\\\/cefi.es\\\/en\\\/#organization\"},\"potentialAction\":[{\"@type\":\"SearchAction\",\"target\":{\"@type\":\"EntryPoint\",\"urlTemplate\":\"https:\\\/\\\/cefi.es\\\/en\\\/?s={search_term_string}\"},\"query-input\":{\"@type\":\"PropertyValueSpecification\",\"valueRequired\":true,\"valueName\":\"search_term_string\"}}],\"inLanguage\":\"en-US\"},{\"@type\":\"Organization\",\"@id\":\"https:\\\/\\\/cefi.es\\\/en\\\/#organization\",\"name\":\"Fundacion CeFi. Propiedad industrial e intelectual\",\"url\":\"https:\\\/\\\/cefi.es\\\/en\\\/\",\"logo\":{\"@type\":\"ImageObject\",\"inLanguage\":\"en-US\",\"@id\":\"https:\\\/\\\/cefi.es\\\/en\\\/#\\\/schema\\\/logo\\\/image\\\/\",\"url\":\"https:\\\/\\\/cefi.es\\\/wp-contenido\\\/uploads\\\/2019\\\/12\\\/cropped-favicon-3.png\",\"contentUrl\":\"https:\\\/\\\/cefi.es\\\/wp-contenido\\\/uploads\\\/2019\\\/12\\\/cropped-favicon-3.png\",\"width\":512,\"height\":512,\"caption\":\"Fundacion CeFi. Propiedad industrial e intelectual\"},\"image\":{\"@id\":\"https:\\\/\\\/cefi.es\\\/en\\\/#\\\/schema\\\/logo\\\/image\\\/\"}}]}<\/script>\n<!-- \/ Yoast SEO plugin. -->","yoast_head_json":{"title":"Seminario Asociaciones de Pacientes e Industria Farmac\u00e9utica: Avances en la Colaboraci\u00f3n - Centro de estudios para el fomento de la investigaci\u00f3n","robots":{"index":"index","follow":"follow","max-snippet":"max-snippet:-1","max-image-preview":"max-image-preview:large","max-video-preview":"max-video-preview:-1"},"canonical":"https:\/\/cefi.es\/en\/tienda\/cursos-y-seminarios\/seminarios\/seminarios-sector-farmaceutico-industria-farmaceutica\/seminario-asociaciones-de-pacientes-e-industria-farmaceutica-avances-en-la-colaboracion\/","og_locale":"en_US","og_type":"article","og_title":"Seminario Asociaciones de Pacientes e Industria Farmac\u00e9utica: Avances en la Colaboraci\u00f3n - Centro de estudios para el fomento de la investigaci\u00f3n","og_description":"Seminario Asociaciones de Pacientes e Industria Farmac\u00e9utica: Avances en la colaboraci\u00f3n.","og_url":"https:\/\/cefi.es\/en\/tienda\/cursos-y-seminarios\/seminarios\/seminarios-sector-farmaceutico-industria-farmaceutica\/seminario-asociaciones-de-pacientes-e-industria-farmaceutica-avances-en-la-colaboracion\/","og_site_name":"Centro de estudios para el fomento de la investigaci\u00f3n","article_modified_time":"2020-02-11T08:25:58+00:00","og_image":[{"width":1440,"height":890,"url":"https:\/\/cefi.es\/wp-contenido\/uploads\/2019\/12\/SEMINARIO-ASOCIACIONES-DE-PACIENTES-E-INDUSTRIA-FARMACEUTICA_-AVANCES-EN-LA-COLABORACION.jpg","type":"image\/jpeg"}],"twitter_card":"summary_large_image","twitter_misc":{"Est. reading time":"2 minutes"},"schema":{"@context":"https:\/\/schema.org","@graph":[{"@type":"WebPage","@id":"https:\/\/cefi.es\/en\/tienda\/cursos-y-seminarios\/seminarios\/seminarios-sector-farmaceutico-industria-farmaceutica\/seminario-asociaciones-de-pacientes-e-industria-farmaceutica-avances-en-la-colaboracion\/","url":"https:\/\/cefi.es\/en\/tienda\/cursos-y-seminarios\/seminarios\/seminarios-sector-farmaceutico-industria-farmaceutica\/seminario-asociaciones-de-pacientes-e-industria-farmaceutica-avances-en-la-colaboracion\/","name":"Seminario Asociaciones de Pacientes e Industria Farmac\u00e9utica: Avances en la Colaboraci\u00f3n - Centro de estudios para el fomento de la investigaci\u00f3n","isPartOf":{"@id":"https:\/\/cefi.es\/en\/#website"},"primaryImageOfPage":{"@id":"https:\/\/cefi.es\/en\/tienda\/cursos-y-seminarios\/seminarios\/seminarios-sector-farmaceutico-industria-farmaceutica\/seminario-asociaciones-de-pacientes-e-industria-farmaceutica-avances-en-la-colaboracion\/#primaryimage"},"image":{"@id":"https:\/\/cefi.es\/en\/tienda\/cursos-y-seminarios\/seminarios\/seminarios-sector-farmaceutico-industria-farmaceutica\/seminario-asociaciones-de-pacientes-e-industria-farmaceutica-avances-en-la-colaboracion\/#primaryimage"},"thumbnailUrl":"https:\/\/cefi.es\/wp-contenido\/uploads\/2019\/12\/SEMINARIO-ASOCIACIONES-DE-PACIENTES-E-INDUSTRIA-FARMACEUTICA_-AVANCES-EN-LA-COLABORACION.jpg","datePublished":"2017-06-11T08:03:27+00:00","dateModified":"2020-02-11T08:25:58+00:00","breadcrumb":{"@id":"https:\/\/cefi.es\/en\/tienda\/cursos-y-seminarios\/seminarios\/seminarios-sector-farmaceutico-industria-farmaceutica\/seminario-asociaciones-de-pacientes-e-industria-farmaceutica-avances-en-la-colaboracion\/#breadcrumb"},"inLanguage":"en-US","potentialAction":[{"@type":"ReadAction","target":["https:\/\/cefi.es\/en\/tienda\/cursos-y-seminarios\/seminarios\/seminarios-sector-farmaceutico-industria-farmaceutica\/seminario-asociaciones-de-pacientes-e-industria-farmaceutica-avances-en-la-colaboracion\/"]}]},{"@type":"ImageObject","inLanguage":"en-US","@id":"https:\/\/cefi.es\/en\/tienda\/cursos-y-seminarios\/seminarios\/seminarios-sector-farmaceutico-industria-farmaceutica\/seminario-asociaciones-de-pacientes-e-industria-farmaceutica-avances-en-la-colaboracion\/#primaryimage","url":"https:\/\/cefi.es\/wp-contenido\/uploads\/2019\/12\/SEMINARIO-ASOCIACIONES-DE-PACIENTES-E-INDUSTRIA-FARMACEUTICA_-AVANCES-EN-LA-COLABORACION.jpg","contentUrl":"https:\/\/cefi.es\/wp-contenido\/uploads\/2019\/12\/SEMINARIO-ASOCIACIONES-DE-PACIENTES-E-INDUSTRIA-FARMACEUTICA_-AVANCES-EN-LA-COLABORACION.jpg","width":1440,"height":890},{"@type":"BreadcrumbList","@id":"https:\/\/cefi.es\/en\/tienda\/cursos-y-seminarios\/seminarios\/seminarios-sector-farmaceutico-industria-farmaceutica\/seminario-asociaciones-de-pacientes-e-industria-farmaceutica-avances-en-la-colaboracion\/#breadcrumb","itemListElement":[{"@type":"ListItem","position":1,"name":"Home","item":"https:\/\/cefi.es\/en\/"},{"@type":"ListItem","position":2,"name":"Products","item":"https:\/\/cefi.es\/en\/shop\/"},{"@type":"ListItem","position":3,"name":"Seminario Asociaciones de Pacientes e Industria Farmac\u00e9utica: Avances en la Colaboraci\u00f3n"}]},{"@type":"WebSite","@id":"https:\/\/cefi.es\/en\/#website","url":"https:\/\/cefi.es\/en\/","name":"Centro de estudios para el fomento de la investigaci\u00f3n","description":"","publisher":{"@id":"https:\/\/cefi.es\/en\/#organization"},"potentialAction":[{"@type":"SearchAction","target":{"@type":"EntryPoint","urlTemplate":"https:\/\/cefi.es\/en\/?s={search_term_string}"},"query-input":{"@type":"PropertyValueSpecification","valueRequired":true,"valueName":"search_term_string"}}],"inLanguage":"en-US"},{"@type":"Organization","@id":"https:\/\/cefi.es\/en\/#organization","name":"Fundacion CeFi. Propiedad industrial e intelectual","url":"https:\/\/cefi.es\/en\/","logo":{"@type":"ImageObject","inLanguage":"en-US","@id":"https:\/\/cefi.es\/en\/#\/schema\/logo\/image\/","url":"https:\/\/cefi.es\/wp-contenido\/uploads\/2019\/12\/cropped-favicon-3.png","contentUrl":"https:\/\/cefi.es\/wp-contenido\/uploads\/2019\/12\/cropped-favicon-3.png","width":512,"height":512,"caption":"Fundacion CeFi. Propiedad industrial e intelectual"},"image":{"@id":"https:\/\/cefi.es\/en\/#\/schema\/logo\/image\/"}}]}},"_links":{"self":[{"href":"https:\/\/cefi.es\/en\/wp-json\/wp\/v2\/product\/6721","targetHints":{"allow":["GET"]}}],"collection":[{"href":"https:\/\/cefi.es\/en\/wp-json\/wp\/v2\/product"}],"about":[{"href":"https:\/\/cefi.es\/en\/wp-json\/wp\/v2\/types\/product"}],"version-history":[{"count":1,"href":"https:\/\/cefi.es\/en\/wp-json\/wp\/v2\/product\/6721\/revisions"}],"predecessor-version":[{"id":6734,"href":"https:\/\/cefi.es\/en\/wp-json\/wp\/v2\/product\/6721\/revisions\/6734"}],"wp:featuredmedia":[{"embeddable":true,"href":"https:\/\/cefi.es\/en\/wp-json\/wp\/v2\/media\/5803"}],"wp:attachment":[{"href":"https:\/\/cefi.es\/en\/wp-json\/wp\/v2\/media?parent=6721"}],"wp:term":[{"taxonomy":"product_brand","embeddable":true,"href":"https:\/\/cefi.es\/en\/wp-json\/wp\/v2\/product_brand?post=6721"},{"taxonomy":"product_cat","embeddable":true,"href":"https:\/\/cefi.es\/en\/wp-json\/wp\/v2\/product_cat?post=6721"},{"taxonomy":"product_tag","embeddable":true,"href":"https:\/\/cefi.es\/en\/wp-json\/wp\/v2\/product_tag?post=6721"}],"curies":[{"name":"wp","href":"https:\/\/api.w.org\/{rel}","templated":true}]}}