{"id":5930,"date":"2018-06-26T18:12:20","date_gmt":"2018-06-26T18:12:20","guid":{"rendered":"http:\/\/www.cefi.es\/?post_type=product&#038;p=5930"},"modified":"2020-02-11T12:34:39","modified_gmt":"2020-02-11T12:34:39","slug":"seminario-impacto-de-la-nueva-regulacion-de-proteccion-de-datos-en-la-investigacion-biomedica","status":"publish","type":"product","link":"https:\/\/cefi.es\/en\/tienda\/cursos-y-seminarios\/seminarios\/seminarios-sobre-proteccion-de-datos-personales\/seminario-impacto-de-la-nueva-regulacion-de-proteccion-de-datos-en-la-investigacion-biomedica\/","title":{"rendered":"Seminario impacto de la nueva regulaci\u00f3n de protecci\u00f3n de datos en la investigaci\u00f3n biom\u00e9dica"},"content":{"rendered":"<table>\n<tbody>\n<tr>\n<td><strong>9:00<\/strong><\/td>\n<td>\n<h5>ACREDITACI\u00d3N Y ENTREGA DE DOCUMENTACI\u00d3N<\/h5>\n<\/td>\n<\/tr>\n<tr>\n<td><strong>10:20<\/strong><\/td>\n<td>\n<h5>APERTURA<\/h5>\n<p><strong>B\u00e1rbara Mu\u00f1oz Figueras. Presidenta Fundaci\u00f3n CEFI<\/strong>\n<\/td>\n<\/tr>\n<tr>\n<td colspan=\"2\">\n<h5>INVESTIGACI\u00d3N CIENT\u00cdFICA EN EL RGPD. FUTURO C\u00d3DIGO DE CONDUCTA DE INVESTIGACI\u00d3N. INVESTIGACI\u00d3N CON DATOS CL\u00cdNICOS. INFORME INVESTIGACI\u00d3N BIOM\u00c9DICA AEPD. PERSPECTIVA EUROPEA Y PROYECTOS IMI<\/h5>\n<p><strong>Modera: Fernando Moreno Pedraz. Patrono Fundaci\u00f3n CEFI <\/strong><\/td>\n<\/tr>\n<tr>\n<td><strong>9:40 &#8211; 10:00<\/strong><\/td>\n<td>\n<h5>INVESTIGACI\u00d3N CIENT\u00cdFICA EN EL RGPD. BASES LEGALES DE LEGITIMACI\u00d3N. RESPONSABLES Y ENCARGADOS DE TRATAMIENTO. \u00bfQU\u00c9 CAMBIA? NOVEDADES DEL FUTURO C\u00d3DIGO DE CONDUCTA <\/h5>\n<p>Amelia Mart\u00edn Uranga. Responsable Plataforma Tecnol\u00f3gica Espa\u00f1ola Medicamentos Innovadores. Farmaindustria.      <\/td>\n<\/tr>\n<tr>\n<td><strong>10:00 &#8211; 10:20 <\/strong><\/td>\n<td>\n<h5>INVESTIGACI\u00d3N CON DATOS CL\u00cdNICOS. CONSENTIMIENTO, EXENCIONES DE CONSENTIMIENTO <\/h5>\n<p>Cristina Avenda\u00f1o Sol\u00e1. Presidenta Sociedad Espa\u00f1ola de Farmacolog\u00eda Cl\u00ednica. Coordinadora del grupo de trabajo de medicamentos de FACME. Presidenta CEIM Puerta de Hierro.\n<\/td>\n<\/tr>\n<tr>\n<td><strong>10:20 &#8211; 10:40 <\/strong><\/td>\n<td>\n<h5>INFORME INVESTIGACI\u00d3N BIOM\u00c9DICA AEPD <\/h5>\n<p>Jes\u00fas Rub\u00ed Navarrete. Adjunto Directora AEPD.<\/td>\n<\/tr>\n<tr>\n<td><strong>10:40 &#8211; 11:00 <\/strong><\/td>\n<td>\n<h5>PERSPECTIVA EUROPEA Y PROYECTOS IMI <\/h5>\n<p>Cecilia \u00c1lvarez Rigaudias. European Data Protection Officer Lead. Pfizer. <\/td>\n<\/tr>\n<tr>\n<td><strong>11:00 &#8211; 11:20 <\/strong><\/td>\n<td>\n<h5>DEBATE <\/h5>\n<\/td>\n<\/tr>\n<tr>\n<td><strong>11:20 &#8211; 11:45 <\/strong><\/td>\n<td>\n<h5>PAUSA CAF\u00c9<\/h5>\n<\/td>\n<\/tr>\n<tr>\n<td colspan=\"2\">\n<h5> EL CONSENTIMIENTO EN LA INVESTIGACI\u00d3N CL\u00cdNICA. EVALUACI\u00d3N POR LOS COMIT\u00c9S DE \u00c9TICA DE LA INVESTIGACI\u00d3N DE LOS CONSENTIMIENTOS. RECOMENDACIONES CEIm-AEMPS PARA LA ADAPTACI\u00d3N DE LOS CONSENTIMIENTOS AL RGPD. LA PRIVACIDAD EN INVESTIGACI\u00d3N CL\u00cdNICA: PERSPECTIVA DE UNA CRO. DATOS DEL MUNDO REAL EN EL NUEVO MODELO DE PRIVACIDAD<\/h5>\n<p><strong>Modera: Laura Badenes Torrens. Patrono Fundaci\u00f3n CEFI<\/strong><\/td>\n<\/tr>\n<tr>\n<td><strong>11:45 &#8211; 12:00 <\/strong><\/td>\n<td>\n<h5>EL CONSENTIMIENTO INFORMADO EN LOS ESTUDIOS CL\u00cdNICOS. ANONIMIZACI\u00d3N Y SEUDOANONIMIZACI\u00d3N DE DATOS EN LA INVESTIGACI\u00d3N CL\u00cdNICA <\/h5>\n<p>Patricia P\u00e9rez Soto. Abogado Baker &#038; McKenzie. <\/td>\n<\/tr>\n<tr>\n<td><strong>12:00 &#8211; 12:15 <\/strong><\/td>\n<td>\n<h5>EVALUACI\u00d3N POR LOS COMIT\u00c9S DE \u00c9TICA DE LA INVESTIGACI\u00d3N DE LOS CONSENTIMIENTOS. RECOMENDACIONES CEIm-AEMPS PARA LA ADAPTACI\u00d3N DE LOS CONSENTIMIENTOS AL RGPD   <\/h5>\n<p>Dra. Itziar de Pablo. CEIm Hospital Ram\u00f3n y Cajal. Grupo de ensayos cl\u00ednicos de la SEFC. Grupo de coordinaci\u00f3n de ensayos cl\u00ednicos CEIm-AEMPS.\n<\/td>\n<\/tr>\n<tr>\n<td><strong>12:15 &#8211; 12:30 <\/strong><\/td>\n<td>\n<h5>LA PRIVACIDAD EN LA INVESTIGACI\u00d3N CL\u00cdNICA DESDE LA PERSPECTIVA DE UNA CRO <\/h5>\n<p>Gonzaga Ruiz Cabrero. Senior Counsel. Office of the General Counsel IQVIA. <\/td>\n<\/tr>\n<tr>\n<td><strong>12:30 &#8211; 12:45  <\/strong><\/td>\n<td>\n<h5>DATOS DEL MUNDO REAL EN EL NUEVO MODELO DE PRIVACIDAD <\/h5>\n<p>Manuel Alonso Porri. Socio Departamento TIC Jausas. <\/td>\n<\/tr>\n<tr>\n<td><strong>12:45 &#8211; 13:05 <\/strong><\/td>\n<td>\n<h5>DEBATE <\/h5>\n<\/td>\n<\/tr>\n<tr>\n<td colspan=\"2\">\n<h5>TRATAMIENTO DE DATOS DE PROFESIONALES SANITARIOS INVOLUCRADOS EN LA INVESTIGACI\u00d3N CIENT\u00cdFICA. TRANSFERENCIAS INTERNACIONALES. EVALUACI\u00d3N DE IMPACTO EN LOS TRATAMIENTOS DE DATOS DE LA INDUSTRIA FARMAC\u00c9UTICA <\/h5>\n<p><strong>Modera: Katia Pi\u00f1ol Torres. Patrono Fundaci\u00f3n CEFI <\/strong><\/td>\n<\/tr>\n<tr>\n<td><strong>13:05 &#8211; 13:20<\/strong><\/td>\n<td>\n<h5>TRATAMIENTO DE DATOS DE PROFESIONALES SANITARIOS POR LA INDUSTRIA FARMAC\u00c9UTICA. CUESTIONES SOBRE LA NECESIDAD DE CONSENTIMIENTO <\/h5>\n<p>Miguel Geijo Castany. Socio IP-IT-Life Sciences Broseta Abogados.<\/td>\n<\/tr>\n<tr>\n<td><strong>13:20 &#8211; 13:35 <\/strong><\/td>\n<td>\n<h5>TRANSFERENCIAS INTERNACIONALES. PERSPECTIVA INTRAGRUPO. NORMAS CORPORATIVAS VINCULANTES  <\/h5>\n<p>Cristina Fern\u00e1ndez Gonz\u00e1lez. Abogado GSK.<\/td>\n<\/tr>\n<tr>\n<td><strong>13:35 &#8211; 13:50 <\/strong><\/td>\n<td>\n<h5>IDENTIFICACI\u00d3N DE TRATAMIENTOS DE DATOS QUE HACE LA INDUSTRIA Y QUE NECESITAR\u00cdAN DE LA EVALUACI\u00d3N DE IMPACTO PREVIO <\/h5>\n<p>Rebeca Velasco Guti\u00e9rrez. Abogado Ribas y Asociados. <\/td>\n<\/tr>\n<tr>\n<td><strong>13:50 &#8211; 14:10  <\/strong><\/td>\n<td>\n<h5>DEBATE <\/h5>\n<\/td>\n<\/tr>\n<tr>\n<td><strong>14:15  <\/strong><\/td>\n<td>\n<h5>CLAUSURA<\/h5>\n<p><strong>C\u00e9sar Hern\u00e1ndez Garc\u00eda. Jefe del Departamento de Medicamentos de Uso Humano.\u2028 Agencia Espa\u00f1ola de Medicamentos y Productos Sanitarios. <\/strong><\/td>\n<\/tr>\n<\/tbody>\n<\/table>\n","protected":false},"excerpt":{"rendered":"<p>Seminario impacto de la nueva regulaci\u00f3n de protecci\u00f3n de datos en la investigaci\u00f3n biom\u00e9dica.<\/p>\n","protected":false},"featured_media":5795,"template":"","meta":{"_acf_changed":false},"product_brand":[],"product_cat":[97,78],"product_tag":[],"class_list":{"0":"post-5930","1":"product","2":"type-product","3":"status-publish","4":"has-post-thumbnail","6":"product_cat-seminarios-sobre-proteccion-de-datos-personales","7":"product_cat-seminarios","9":"first","10":"outofstock","11":"virtual","12":"taxable","13":"purchasable","14":"product-type-simple"},"acf":[],"yoast_head":"<!-- This site is optimized with the Yoast SEO plugin v27.3 - https:\/\/yoast.com\/product\/yoast-seo-wordpress\/ -->\n<title>Seminario impacto de la nueva regulaci\u00f3n de protecci\u00f3n de datos en la investigaci\u00f3n biom\u00e9dica - Centro de estudios para el fomento de la investigaci\u00f3n<\/title>\n<meta name=\"robots\" content=\"index, follow, max-snippet:-1, max-image-preview:large, max-video-preview:-1\" \/>\n<link rel=\"canonical\" href=\"https:\/\/cefi.es\/en\/tienda\/cursos-y-seminarios\/seminarios\/seminarios-sobre-proteccion-de-datos-personales\/seminario-impacto-de-la-nueva-regulacion-de-proteccion-de-datos-en-la-investigacion-biomedica\/\" \/>\n<meta property=\"og:locale\" content=\"en_US\" \/>\n<meta property=\"og:type\" content=\"article\" \/>\n<meta property=\"og:title\" content=\"Seminario impacto de la nueva regulaci\u00f3n de protecci\u00f3n de datos en la investigaci\u00f3n biom\u00e9dica - Centro de estudios para el fomento de la investigaci\u00f3n\" \/>\n<meta property=\"og:description\" content=\"Seminario impacto de la nueva regulaci\u00f3n de protecci\u00f3n de datos en la investigaci\u00f3n biom\u00e9dica.\" \/>\n<meta property=\"og:url\" content=\"https:\/\/cefi.es\/en\/tienda\/cursos-y-seminarios\/seminarios\/seminarios-sobre-proteccion-de-datos-personales\/seminario-impacto-de-la-nueva-regulacion-de-proteccion-de-datos-en-la-investigacion-biomedica\/\" \/>\n<meta property=\"og:site_name\" content=\"Centro de estudios para el fomento de la investigaci\u00f3n\" \/>\n<meta property=\"article:modified_time\" content=\"2020-02-11T12:34:39+00:00\" \/>\n<meta property=\"og:image\" content=\"https:\/\/cefi.es\/wp-contenido\/uploads\/2019\/12\/SEMINARIO-IMPACTO-DE-LA-NUEVA-REGULACION-DE-PROTECCION-DE-DATOS-EN-LA-INVESTIGACION-BIOMEDICA-26_6_2018.jpg\" \/>\n\t<meta property=\"og:image:width\" content=\"1440\" \/>\n\t<meta property=\"og:image:height\" content=\"890\" \/>\n\t<meta property=\"og:image:type\" content=\"image\/jpeg\" \/>\n<meta name=\"twitter:card\" content=\"summary_large_image\" \/>\n<meta name=\"twitter:label1\" content=\"Est. reading time\" \/>\n\t<meta name=\"twitter:data1\" content=\"2 minutes\" \/>\n<script type=\"application\/ld+json\" class=\"yoast-schema-graph\">{\"@context\":\"https:\\\/\\\/schema.org\",\"@graph\":[{\"@type\":\"WebPage\",\"@id\":\"https:\\\/\\\/cefi.es\\\/en\\\/tienda\\\/cursos-y-seminarios\\\/seminarios\\\/seminarios-sobre-proteccion-de-datos-personales\\\/seminario-impacto-de-la-nueva-regulacion-de-proteccion-de-datos-en-la-investigacion-biomedica\\\/\",\"url\":\"https:\\\/\\\/cefi.es\\\/en\\\/tienda\\\/cursos-y-seminarios\\\/seminarios\\\/seminarios-sobre-proteccion-de-datos-personales\\\/seminario-impacto-de-la-nueva-regulacion-de-proteccion-de-datos-en-la-investigacion-biomedica\\\/\",\"name\":\"Seminario impacto de la nueva regulaci\u00f3n de protecci\u00f3n de datos en la investigaci\u00f3n biom\u00e9dica - Centro de estudios para el fomento de la investigaci\u00f3n\",\"isPartOf\":{\"@id\":\"https:\\\/\\\/cefi.es\\\/en\\\/#website\"},\"primaryImageOfPage\":{\"@id\":\"https:\\\/\\\/cefi.es\\\/en\\\/tienda\\\/cursos-y-seminarios\\\/seminarios\\\/seminarios-sobre-proteccion-de-datos-personales\\\/seminario-impacto-de-la-nueva-regulacion-de-proteccion-de-datos-en-la-investigacion-biomedica\\\/#primaryimage\"},\"image\":{\"@id\":\"https:\\\/\\\/cefi.es\\\/en\\\/tienda\\\/cursos-y-seminarios\\\/seminarios\\\/seminarios-sobre-proteccion-de-datos-personales\\\/seminario-impacto-de-la-nueva-regulacion-de-proteccion-de-datos-en-la-investigacion-biomedica\\\/#primaryimage\"},\"thumbnailUrl\":\"https:\\\/\\\/cefi.es\\\/wp-contenido\\\/uploads\\\/2019\\\/12\\\/SEMINARIO-IMPACTO-DE-LA-NUEVA-REGULACION-DE-PROTECCION-DE-DATOS-EN-LA-INVESTIGACION-BIOMEDICA-26_6_2018.jpg\",\"datePublished\":\"2018-06-26T18:12:20+00:00\",\"dateModified\":\"2020-02-11T12:34:39+00:00\",\"breadcrumb\":{\"@id\":\"https:\\\/\\\/cefi.es\\\/en\\\/tienda\\\/cursos-y-seminarios\\\/seminarios\\\/seminarios-sobre-proteccion-de-datos-personales\\\/seminario-impacto-de-la-nueva-regulacion-de-proteccion-de-datos-en-la-investigacion-biomedica\\\/#breadcrumb\"},\"inLanguage\":\"en-US\",\"potentialAction\":[{\"@type\":\"ReadAction\",\"target\":[\"https:\\\/\\\/cefi.es\\\/en\\\/tienda\\\/cursos-y-seminarios\\\/seminarios\\\/seminarios-sobre-proteccion-de-datos-personales\\\/seminario-impacto-de-la-nueva-regulacion-de-proteccion-de-datos-en-la-investigacion-biomedica\\\/\"]}]},{\"@type\":\"ImageObject\",\"inLanguage\":\"en-US\",\"@id\":\"https:\\\/\\\/cefi.es\\\/en\\\/tienda\\\/cursos-y-seminarios\\\/seminarios\\\/seminarios-sobre-proteccion-de-datos-personales\\\/seminario-impacto-de-la-nueva-regulacion-de-proteccion-de-datos-en-la-investigacion-biomedica\\\/#primaryimage\",\"url\":\"https:\\\/\\\/cefi.es\\\/wp-contenido\\\/uploads\\\/2019\\\/12\\\/SEMINARIO-IMPACTO-DE-LA-NUEVA-REGULACION-DE-PROTECCION-DE-DATOS-EN-LA-INVESTIGACION-BIOMEDICA-26_6_2018.jpg\",\"contentUrl\":\"https:\\\/\\\/cefi.es\\\/wp-contenido\\\/uploads\\\/2019\\\/12\\\/SEMINARIO-IMPACTO-DE-LA-NUEVA-REGULACION-DE-PROTECCION-DE-DATOS-EN-LA-INVESTIGACION-BIOMEDICA-26_6_2018.jpg\",\"width\":1440,\"height\":890},{\"@type\":\"BreadcrumbList\",\"@id\":\"https:\\\/\\\/cefi.es\\\/en\\\/tienda\\\/cursos-y-seminarios\\\/seminarios\\\/seminarios-sobre-proteccion-de-datos-personales\\\/seminario-impacto-de-la-nueva-regulacion-de-proteccion-de-datos-en-la-investigacion-biomedica\\\/#breadcrumb\",\"itemListElement\":[{\"@type\":\"ListItem\",\"position\":1,\"name\":\"Home\",\"item\":\"https:\\\/\\\/cefi.es\\\/en\\\/\"},{\"@type\":\"ListItem\",\"position\":2,\"name\":\"Products\",\"item\":\"https:\\\/\\\/cefi.es\\\/en\\\/shop\\\/\"},{\"@type\":\"ListItem\",\"position\":3,\"name\":\"Seminario impacto de la nueva regulaci\u00f3n de protecci\u00f3n de datos en la investigaci\u00f3n biom\u00e9dica\"}]},{\"@type\":\"WebSite\",\"@id\":\"https:\\\/\\\/cefi.es\\\/en\\\/#website\",\"url\":\"https:\\\/\\\/cefi.es\\\/en\\\/\",\"name\":\"Centro de estudios para el fomento de la investigaci\u00f3n\",\"description\":\"\",\"publisher\":{\"@id\":\"https:\\\/\\\/cefi.es\\\/en\\\/#organization\"},\"potentialAction\":[{\"@type\":\"SearchAction\",\"target\":{\"@type\":\"EntryPoint\",\"urlTemplate\":\"https:\\\/\\\/cefi.es\\\/en\\\/?s={search_term_string}\"},\"query-input\":{\"@type\":\"PropertyValueSpecification\",\"valueRequired\":true,\"valueName\":\"search_term_string\"}}],\"inLanguage\":\"en-US\"},{\"@type\":\"Organization\",\"@id\":\"https:\\\/\\\/cefi.es\\\/en\\\/#organization\",\"name\":\"Fundacion CeFi. Propiedad industrial e intelectual\",\"url\":\"https:\\\/\\\/cefi.es\\\/en\\\/\",\"logo\":{\"@type\":\"ImageObject\",\"inLanguage\":\"en-US\",\"@id\":\"https:\\\/\\\/cefi.es\\\/en\\\/#\\\/schema\\\/logo\\\/image\\\/\",\"url\":\"https:\\\/\\\/cefi.es\\\/wp-contenido\\\/uploads\\\/2019\\\/12\\\/cropped-favicon-3.png\",\"contentUrl\":\"https:\\\/\\\/cefi.es\\\/wp-contenido\\\/uploads\\\/2019\\\/12\\\/cropped-favicon-3.png\",\"width\":512,\"height\":512,\"caption\":\"Fundacion CeFi. Propiedad industrial e intelectual\"},\"image\":{\"@id\":\"https:\\\/\\\/cefi.es\\\/en\\\/#\\\/schema\\\/logo\\\/image\\\/\"}}]}<\/script>\n<!-- \/ Yoast SEO plugin. -->","yoast_head_json":{"title":"Seminario impacto de la nueva regulaci\u00f3n de protecci\u00f3n de datos en la investigaci\u00f3n biom\u00e9dica - Centro de estudios para el fomento de la investigaci\u00f3n","robots":{"index":"index","follow":"follow","max-snippet":"max-snippet:-1","max-image-preview":"max-image-preview:large","max-video-preview":"max-video-preview:-1"},"canonical":"https:\/\/cefi.es\/en\/tienda\/cursos-y-seminarios\/seminarios\/seminarios-sobre-proteccion-de-datos-personales\/seminario-impacto-de-la-nueva-regulacion-de-proteccion-de-datos-en-la-investigacion-biomedica\/","og_locale":"en_US","og_type":"article","og_title":"Seminario impacto de la nueva regulaci\u00f3n de protecci\u00f3n de datos en la investigaci\u00f3n biom\u00e9dica - Centro de estudios para el fomento de la investigaci\u00f3n","og_description":"Seminario impacto de la nueva regulaci\u00f3n de protecci\u00f3n de datos en la investigaci\u00f3n biom\u00e9dica.","og_url":"https:\/\/cefi.es\/en\/tienda\/cursos-y-seminarios\/seminarios\/seminarios-sobre-proteccion-de-datos-personales\/seminario-impacto-de-la-nueva-regulacion-de-proteccion-de-datos-en-la-investigacion-biomedica\/","og_site_name":"Centro de estudios para el fomento de la investigaci\u00f3n","article_modified_time":"2020-02-11T12:34:39+00:00","og_image":[{"width":1440,"height":890,"url":"https:\/\/cefi.es\/wp-contenido\/uploads\/2019\/12\/SEMINARIO-IMPACTO-DE-LA-NUEVA-REGULACION-DE-PROTECCION-DE-DATOS-EN-LA-INVESTIGACION-BIOMEDICA-26_6_2018.jpg","type":"image\/jpeg"}],"twitter_card":"summary_large_image","twitter_misc":{"Est. reading time":"2 minutes"},"schema":{"@context":"https:\/\/schema.org","@graph":[{"@type":"WebPage","@id":"https:\/\/cefi.es\/en\/tienda\/cursos-y-seminarios\/seminarios\/seminarios-sobre-proteccion-de-datos-personales\/seminario-impacto-de-la-nueva-regulacion-de-proteccion-de-datos-en-la-investigacion-biomedica\/","url":"https:\/\/cefi.es\/en\/tienda\/cursos-y-seminarios\/seminarios\/seminarios-sobre-proteccion-de-datos-personales\/seminario-impacto-de-la-nueva-regulacion-de-proteccion-de-datos-en-la-investigacion-biomedica\/","name":"Seminario impacto de la nueva regulaci\u00f3n de protecci\u00f3n de datos en la investigaci\u00f3n biom\u00e9dica - Centro de estudios para el fomento de la investigaci\u00f3n","isPartOf":{"@id":"https:\/\/cefi.es\/en\/#website"},"primaryImageOfPage":{"@id":"https:\/\/cefi.es\/en\/tienda\/cursos-y-seminarios\/seminarios\/seminarios-sobre-proteccion-de-datos-personales\/seminario-impacto-de-la-nueva-regulacion-de-proteccion-de-datos-en-la-investigacion-biomedica\/#primaryimage"},"image":{"@id":"https:\/\/cefi.es\/en\/tienda\/cursos-y-seminarios\/seminarios\/seminarios-sobre-proteccion-de-datos-personales\/seminario-impacto-de-la-nueva-regulacion-de-proteccion-de-datos-en-la-investigacion-biomedica\/#primaryimage"},"thumbnailUrl":"https:\/\/cefi.es\/wp-contenido\/uploads\/2019\/12\/SEMINARIO-IMPACTO-DE-LA-NUEVA-REGULACION-DE-PROTECCION-DE-DATOS-EN-LA-INVESTIGACION-BIOMEDICA-26_6_2018.jpg","datePublished":"2018-06-26T18:12:20+00:00","dateModified":"2020-02-11T12:34:39+00:00","breadcrumb":{"@id":"https:\/\/cefi.es\/en\/tienda\/cursos-y-seminarios\/seminarios\/seminarios-sobre-proteccion-de-datos-personales\/seminario-impacto-de-la-nueva-regulacion-de-proteccion-de-datos-en-la-investigacion-biomedica\/#breadcrumb"},"inLanguage":"en-US","potentialAction":[{"@type":"ReadAction","target":["https:\/\/cefi.es\/en\/tienda\/cursos-y-seminarios\/seminarios\/seminarios-sobre-proteccion-de-datos-personales\/seminario-impacto-de-la-nueva-regulacion-de-proteccion-de-datos-en-la-investigacion-biomedica\/"]}]},{"@type":"ImageObject","inLanguage":"en-US","@id":"https:\/\/cefi.es\/en\/tienda\/cursos-y-seminarios\/seminarios\/seminarios-sobre-proteccion-de-datos-personales\/seminario-impacto-de-la-nueva-regulacion-de-proteccion-de-datos-en-la-investigacion-biomedica\/#primaryimage","url":"https:\/\/cefi.es\/wp-contenido\/uploads\/2019\/12\/SEMINARIO-IMPACTO-DE-LA-NUEVA-REGULACION-DE-PROTECCION-DE-DATOS-EN-LA-INVESTIGACION-BIOMEDICA-26_6_2018.jpg","contentUrl":"https:\/\/cefi.es\/wp-contenido\/uploads\/2019\/12\/SEMINARIO-IMPACTO-DE-LA-NUEVA-REGULACION-DE-PROTECCION-DE-DATOS-EN-LA-INVESTIGACION-BIOMEDICA-26_6_2018.jpg","width":1440,"height":890},{"@type":"BreadcrumbList","@id":"https:\/\/cefi.es\/en\/tienda\/cursos-y-seminarios\/seminarios\/seminarios-sobre-proteccion-de-datos-personales\/seminario-impacto-de-la-nueva-regulacion-de-proteccion-de-datos-en-la-investigacion-biomedica\/#breadcrumb","itemListElement":[{"@type":"ListItem","position":1,"name":"Home","item":"https:\/\/cefi.es\/en\/"},{"@type":"ListItem","position":2,"name":"Products","item":"https:\/\/cefi.es\/en\/shop\/"},{"@type":"ListItem","position":3,"name":"Seminario impacto de la nueva regulaci\u00f3n de protecci\u00f3n de datos en la investigaci\u00f3n biom\u00e9dica"}]},{"@type":"WebSite","@id":"https:\/\/cefi.es\/en\/#website","url":"https:\/\/cefi.es\/en\/","name":"Centro de estudios para el fomento de la investigaci\u00f3n","description":"","publisher":{"@id":"https:\/\/cefi.es\/en\/#organization"},"potentialAction":[{"@type":"SearchAction","target":{"@type":"EntryPoint","urlTemplate":"https:\/\/cefi.es\/en\/?s={search_term_string}"},"query-input":{"@type":"PropertyValueSpecification","valueRequired":true,"valueName":"search_term_string"}}],"inLanguage":"en-US"},{"@type":"Organization","@id":"https:\/\/cefi.es\/en\/#organization","name":"Fundacion CeFi. Propiedad industrial e intelectual","url":"https:\/\/cefi.es\/en\/","logo":{"@type":"ImageObject","inLanguage":"en-US","@id":"https:\/\/cefi.es\/en\/#\/schema\/logo\/image\/","url":"https:\/\/cefi.es\/wp-contenido\/uploads\/2019\/12\/cropped-favicon-3.png","contentUrl":"https:\/\/cefi.es\/wp-contenido\/uploads\/2019\/12\/cropped-favicon-3.png","width":512,"height":512,"caption":"Fundacion CeFi. Propiedad industrial e intelectual"},"image":{"@id":"https:\/\/cefi.es\/en\/#\/schema\/logo\/image\/"}}]}},"_links":{"self":[{"href":"https:\/\/cefi.es\/en\/wp-json\/wp\/v2\/product\/5930","targetHints":{"allow":["GET"]}}],"collection":[{"href":"https:\/\/cefi.es\/en\/wp-json\/wp\/v2\/product"}],"about":[{"href":"https:\/\/cefi.es\/en\/wp-json\/wp\/v2\/types\/product"}],"version-history":[{"count":5,"href":"https:\/\/cefi.es\/en\/wp-json\/wp\/v2\/product\/5930\/revisions"}],"predecessor-version":[{"id":6816,"href":"https:\/\/cefi.es\/en\/wp-json\/wp\/v2\/product\/5930\/revisions\/6816"}],"wp:featuredmedia":[{"embeddable":true,"href":"https:\/\/cefi.es\/en\/wp-json\/wp\/v2\/media\/5795"}],"wp:attachment":[{"href":"https:\/\/cefi.es\/en\/wp-json\/wp\/v2\/media?parent=5930"}],"wp:term":[{"taxonomy":"product_brand","embeddable":true,"href":"https:\/\/cefi.es\/en\/wp-json\/wp\/v2\/product_brand?post=5930"},{"taxonomy":"product_cat","embeddable":true,"href":"https:\/\/cefi.es\/en\/wp-json\/wp\/v2\/product_cat?post=5930"},{"taxonomy":"product_tag","embeddable":true,"href":"https:\/\/cefi.es\/en\/wp-json\/wp\/v2\/product_tag?post=5930"}],"curies":[{"name":"wp","href":"https:\/\/api.w.org\/{rel}","templated":true}]}}