{"id":5925,"date":"2016-10-18T18:03:14","date_gmt":"2016-10-18T18:03:14","guid":{"rendered":"http:\/\/www.cefi.es\/?post_type=product&#038;p=5925"},"modified":"2020-02-11T12:34:52","modified_gmt":"2020-02-11T12:34:52","slug":"seminario-proteccion-de-datos-de-la-industria-farmaceutica","status":"publish","type":"product","link":"https:\/\/cefi.es\/en\/tienda\/cursos-y-seminarios\/seminarios\/seminarios-sobre-proteccion-de-datos-personales\/seminario-proteccion-de-datos-de-la-industria-farmaceutica\/","title":{"rendered":"Seminario protecci\u00f3n de datos de la industria farmac\u00e9utica"},"content":{"rendered":"<table>\n<tbody>\n<tr>\n<td><strong>10:00<\/strong><\/td>\n<td>\n<h5>Acreditacio\u0301n y entrega de documentacio\u0301n<\/h5>\n<\/td>\n<\/tr>\n<tr>\n<td><strong>10:20<\/strong><\/td>\n<td>\n<h5>Apertura<\/h5>\n<p>Daniel Girona Campillo. Presidente Fundacio\u0301n CEFI<\/p>\n<p>Modera la jornada: Jesu\u0301s Rubi\u0301 Navarrete. Adjunto a la Directora AEPD\n<\/td>\n<\/tr>\n<tr>\n<td><strong>10:30 &#8211; 12:00<\/strong><\/td>\n<td>\n<h5>EL REGLAMENTO EUROPEO DE PROTECCIO\u0301N DE DATOS. \u201cPRIVACY SHIELD\u201d Y BREXIT<\/h5>\n<p><strong>El nuevo marco europeo de proteccio\u0301n de datos. Co\u0301digos tipo y certificaciones.<\/strong><br \/>\nJose Leandro Nu\u0301n\u0303ez Garci\u0301a. Abogado. Socio en Audens. Secretario ENATIC<\/p>\n<p><strong>Aspectos de salud del Reglamento: implicaciones para la industria farmace\u0301utica. La figura del Data Protection Officer.<\/strong><br \/>\nCarmen Casado Seoane. Abogado, Regional Compliance Sr. Manager for Southern EU en AMGEN<\/p>\n<p><strong>\u201cPrivacy Shield\u201d y Brexit.<\/strong><br \/>\nCristina Ferna\u0301ndez-Gonza\u0301lez. Senior Counsel GSK Regional Data Privacy Lead EU &#038; Canada<\/td>\n<\/tr>\n<tr>\n<td><strong>12:00 &#8211; 12:30<\/strong><\/td>\n<td>\n<h5>Pausa caf\u00e9<\/h5>\n<\/td>\n<\/tr>\n<tr>\n<td><strong>12:30 &#8211; 14:00<\/strong><\/td>\n<td>\n<h5>PROTECCIO\u0301N DE DATOS. CUESTIONES SANITARIAS. INFORME DE TRANSPARENCIA. APPS DE SALUD<\/h5>\n<p><strong>Informe de Transparencia. Consentimiento en las transferencias de valor.<\/strong><br \/>\nAgusti\u0301n Puente Escobar. Abogado del Estado. Jefe del Gabinete Juri\u0301dico AEPD<\/p>\n<p><strong>Co\u0301digo de Conducta para APPS de salud de la Comisio\u0301n Europea.<\/strong><br \/>\nCecilia A\u0301lvarez Rigaudias. European Data Protection Officer. Lead en Pfizer. Presidenta APEP<\/p>\n<p><strong>Las tendencias tecnolo\u0301gicas en e-health y sus consideraciones legales.<\/strong><br \/>\nAna Caballero Valero. Abogada Co\u0301digo Legal<\/td>\n<\/tr>\n<\/tbody>\n<\/table>\n","protected":false},"excerpt":{"rendered":"<p>Seminario protecci\u00f3n de datos de la industria farmac\u00e9utica.<\/p>\n","protected":false},"featured_media":5793,"template":"","meta":{"_acf_changed":false},"product_brand":[],"product_cat":[97,78],"product_tag":[],"class_list":{"0":"post-5925","1":"product","2":"type-product","3":"status-publish","4":"has-post-thumbnail","6":"product_cat-seminarios-sobre-proteccion-de-datos-personales","7":"product_cat-seminarios","9":"first","10":"outofstock","11":"virtual","12":"taxable","13":"purchasable","14":"product-type-simple"},"acf":[],"yoast_head":"<!-- This site is optimized with the Yoast SEO plugin v27.5 - https:\/\/yoast.com\/product\/yoast-seo-wordpress\/ -->\n<title>Seminario protecci\u00f3n de datos de la industria farmac\u00e9utica - Centro de estudios para el fomento de la investigaci\u00f3n<\/title>\n<meta name=\"robots\" content=\"index, follow, max-snippet:-1, max-image-preview:large, max-video-preview:-1\" \/>\n<link rel=\"canonical\" href=\"https:\/\/cefi.es\/en\/tienda\/cursos-y-seminarios\/seminarios\/seminarios-sobre-proteccion-de-datos-personales\/seminario-proteccion-de-datos-de-la-industria-farmaceutica\/\" \/>\n<meta property=\"og:locale\" content=\"en_US\" \/>\n<meta property=\"og:type\" content=\"article\" \/>\n<meta property=\"og:title\" content=\"Seminario protecci\u00f3n de datos de la industria farmac\u00e9utica - Centro de estudios para el fomento de la investigaci\u00f3n\" \/>\n<meta property=\"og:description\" content=\"Seminario protecci\u00f3n de datos de la industria farmac\u00e9utica.\" \/>\n<meta property=\"og:url\" content=\"https:\/\/cefi.es\/en\/tienda\/cursos-y-seminarios\/seminarios\/seminarios-sobre-proteccion-de-datos-personales\/seminario-proteccion-de-datos-de-la-industria-farmaceutica\/\" \/>\n<meta property=\"og:site_name\" content=\"Centro de estudios para el fomento de la investigaci\u00f3n\" \/>\n<meta property=\"article:modified_time\" content=\"2020-02-11T12:34:52+00:00\" \/>\n<meta property=\"og:image\" content=\"https:\/\/cefi.es\/wp-contenido\/uploads\/2019\/12\/SEMINARIO-PROTECCION-DE-DATOS-EN-LA-INDUSTRIA-FARMACEUTICA-18_10_2016.jpg\" \/>\n\t<meta property=\"og:image:width\" content=\"1440\" \/>\n\t<meta property=\"og:image:height\" content=\"890\" \/>\n\t<meta property=\"og:image:type\" content=\"image\/jpeg\" \/>\n<meta name=\"twitter:card\" content=\"summary_large_image\" \/>\n<meta name=\"twitter:label1\" content=\"Est. reading time\" \/>\n\t<meta name=\"twitter:data1\" content=\"1 minute\" \/>\n<script type=\"application\/ld+json\" class=\"yoast-schema-graph\">{\"@context\":\"https:\\\/\\\/schema.org\",\"@graph\":[{\"@type\":\"WebPage\",\"@id\":\"https:\\\/\\\/cefi.es\\\/en\\\/tienda\\\/cursos-y-seminarios\\\/seminarios\\\/seminarios-sobre-proteccion-de-datos-personales\\\/seminario-proteccion-de-datos-de-la-industria-farmaceutica\\\/\",\"url\":\"https:\\\/\\\/cefi.es\\\/en\\\/tienda\\\/cursos-y-seminarios\\\/seminarios\\\/seminarios-sobre-proteccion-de-datos-personales\\\/seminario-proteccion-de-datos-de-la-industria-farmaceutica\\\/\",\"name\":\"Seminario protecci\u00f3n de datos de la industria farmac\u00e9utica - Centro de estudios para el fomento de la investigaci\u00f3n\",\"isPartOf\":{\"@id\":\"https:\\\/\\\/cefi.es\\\/en\\\/#website\"},\"primaryImageOfPage\":{\"@id\":\"https:\\\/\\\/cefi.es\\\/en\\\/tienda\\\/cursos-y-seminarios\\\/seminarios\\\/seminarios-sobre-proteccion-de-datos-personales\\\/seminario-proteccion-de-datos-de-la-industria-farmaceutica\\\/#primaryimage\"},\"image\":{\"@id\":\"https:\\\/\\\/cefi.es\\\/en\\\/tienda\\\/cursos-y-seminarios\\\/seminarios\\\/seminarios-sobre-proteccion-de-datos-personales\\\/seminario-proteccion-de-datos-de-la-industria-farmaceutica\\\/#primaryimage\"},\"thumbnailUrl\":\"https:\\\/\\\/cefi.es\\\/wp-contenido\\\/uploads\\\/2019\\\/12\\\/SEMINARIO-PROTECCION-DE-DATOS-EN-LA-INDUSTRIA-FARMACEUTICA-18_10_2016.jpg\",\"datePublished\":\"2016-10-18T18:03:14+00:00\",\"dateModified\":\"2020-02-11T12:34:52+00:00\",\"breadcrumb\":{\"@id\":\"https:\\\/\\\/cefi.es\\\/en\\\/tienda\\\/cursos-y-seminarios\\\/seminarios\\\/seminarios-sobre-proteccion-de-datos-personales\\\/seminario-proteccion-de-datos-de-la-industria-farmaceutica\\\/#breadcrumb\"},\"inLanguage\":\"en-US\",\"potentialAction\":[{\"@type\":\"ReadAction\",\"target\":[\"https:\\\/\\\/cefi.es\\\/en\\\/tienda\\\/cursos-y-seminarios\\\/seminarios\\\/seminarios-sobre-proteccion-de-datos-personales\\\/seminario-proteccion-de-datos-de-la-industria-farmaceutica\\\/\"]}]},{\"@type\":\"ImageObject\",\"inLanguage\":\"en-US\",\"@id\":\"https:\\\/\\\/cefi.es\\\/en\\\/tienda\\\/cursos-y-seminarios\\\/seminarios\\\/seminarios-sobre-proteccion-de-datos-personales\\\/seminario-proteccion-de-datos-de-la-industria-farmaceutica\\\/#primaryimage\",\"url\":\"https:\\\/\\\/cefi.es\\\/wp-contenido\\\/uploads\\\/2019\\\/12\\\/SEMINARIO-PROTECCION-DE-DATOS-EN-LA-INDUSTRIA-FARMACEUTICA-18_10_2016.jpg\",\"contentUrl\":\"https:\\\/\\\/cefi.es\\\/wp-contenido\\\/uploads\\\/2019\\\/12\\\/SEMINARIO-PROTECCION-DE-DATOS-EN-LA-INDUSTRIA-FARMACEUTICA-18_10_2016.jpg\",\"width\":1440,\"height\":890},{\"@type\":\"BreadcrumbList\",\"@id\":\"https:\\\/\\\/cefi.es\\\/en\\\/tienda\\\/cursos-y-seminarios\\\/seminarios\\\/seminarios-sobre-proteccion-de-datos-personales\\\/seminario-proteccion-de-datos-de-la-industria-farmaceutica\\\/#breadcrumb\",\"itemListElement\":[{\"@type\":\"ListItem\",\"position\":1,\"name\":\"Home\",\"item\":\"https:\\\/\\\/cefi.es\\\/en\\\/\"},{\"@type\":\"ListItem\",\"position\":2,\"name\":\"Products\",\"item\":\"https:\\\/\\\/cefi.es\\\/en\\\/shop\\\/\"},{\"@type\":\"ListItem\",\"position\":3,\"name\":\"Seminario protecci\u00f3n de datos de la industria farmac\u00e9utica\"}]},{\"@type\":\"WebSite\",\"@id\":\"https:\\\/\\\/cefi.es\\\/en\\\/#website\",\"url\":\"https:\\\/\\\/cefi.es\\\/en\\\/\",\"name\":\"Centro de estudios para el fomento de la investigaci\u00f3n\",\"description\":\"\",\"publisher\":{\"@id\":\"https:\\\/\\\/cefi.es\\\/en\\\/#organization\"},\"potentialAction\":[{\"@type\":\"SearchAction\",\"target\":{\"@type\":\"EntryPoint\",\"urlTemplate\":\"https:\\\/\\\/cefi.es\\\/en\\\/?s={search_term_string}\"},\"query-input\":{\"@type\":\"PropertyValueSpecification\",\"valueRequired\":true,\"valueName\":\"search_term_string\"}}],\"inLanguage\":\"en-US\"},{\"@type\":\"Organization\",\"@id\":\"https:\\\/\\\/cefi.es\\\/en\\\/#organization\",\"name\":\"Fundacion CeFi. Propiedad industrial e intelectual\",\"url\":\"https:\\\/\\\/cefi.es\\\/en\\\/\",\"logo\":{\"@type\":\"ImageObject\",\"inLanguage\":\"en-US\",\"@id\":\"https:\\\/\\\/cefi.es\\\/en\\\/#\\\/schema\\\/logo\\\/image\\\/\",\"url\":\"https:\\\/\\\/cefi.es\\\/wp-contenido\\\/uploads\\\/2019\\\/12\\\/cropped-favicon-3.png\",\"contentUrl\":\"https:\\\/\\\/cefi.es\\\/wp-contenido\\\/uploads\\\/2019\\\/12\\\/cropped-favicon-3.png\",\"width\":512,\"height\":512,\"caption\":\"Fundacion CeFi. Propiedad industrial e intelectual\"},\"image\":{\"@id\":\"https:\\\/\\\/cefi.es\\\/en\\\/#\\\/schema\\\/logo\\\/image\\\/\"}}]}<\/script>\n<!-- \/ Yoast SEO plugin. -->","yoast_head_json":{"title":"Seminario protecci\u00f3n de datos de la industria farmac\u00e9utica - Centro de estudios para el fomento de la investigaci\u00f3n","robots":{"index":"index","follow":"follow","max-snippet":"max-snippet:-1","max-image-preview":"max-image-preview:large","max-video-preview":"max-video-preview:-1"},"canonical":"https:\/\/cefi.es\/en\/tienda\/cursos-y-seminarios\/seminarios\/seminarios-sobre-proteccion-de-datos-personales\/seminario-proteccion-de-datos-de-la-industria-farmaceutica\/","og_locale":"en_US","og_type":"article","og_title":"Seminario protecci\u00f3n de datos de la industria farmac\u00e9utica - Centro de estudios para el fomento de la investigaci\u00f3n","og_description":"Seminario protecci\u00f3n de datos de la industria farmac\u00e9utica.","og_url":"https:\/\/cefi.es\/en\/tienda\/cursos-y-seminarios\/seminarios\/seminarios-sobre-proteccion-de-datos-personales\/seminario-proteccion-de-datos-de-la-industria-farmaceutica\/","og_site_name":"Centro de estudios para el fomento de la investigaci\u00f3n","article_modified_time":"2020-02-11T12:34:52+00:00","og_image":[{"width":1440,"height":890,"url":"https:\/\/cefi.es\/wp-contenido\/uploads\/2019\/12\/SEMINARIO-PROTECCION-DE-DATOS-EN-LA-INDUSTRIA-FARMACEUTICA-18_10_2016.jpg","type":"image\/jpeg"}],"twitter_card":"summary_large_image","twitter_misc":{"Est. reading time":"1 minute"},"schema":{"@context":"https:\/\/schema.org","@graph":[{"@type":"WebPage","@id":"https:\/\/cefi.es\/en\/tienda\/cursos-y-seminarios\/seminarios\/seminarios-sobre-proteccion-de-datos-personales\/seminario-proteccion-de-datos-de-la-industria-farmaceutica\/","url":"https:\/\/cefi.es\/en\/tienda\/cursos-y-seminarios\/seminarios\/seminarios-sobre-proteccion-de-datos-personales\/seminario-proteccion-de-datos-de-la-industria-farmaceutica\/","name":"Seminario protecci\u00f3n de datos de la industria farmac\u00e9utica - Centro de estudios para el fomento de la investigaci\u00f3n","isPartOf":{"@id":"https:\/\/cefi.es\/en\/#website"},"primaryImageOfPage":{"@id":"https:\/\/cefi.es\/en\/tienda\/cursos-y-seminarios\/seminarios\/seminarios-sobre-proteccion-de-datos-personales\/seminario-proteccion-de-datos-de-la-industria-farmaceutica\/#primaryimage"},"image":{"@id":"https:\/\/cefi.es\/en\/tienda\/cursos-y-seminarios\/seminarios\/seminarios-sobre-proteccion-de-datos-personales\/seminario-proteccion-de-datos-de-la-industria-farmaceutica\/#primaryimage"},"thumbnailUrl":"https:\/\/cefi.es\/wp-contenido\/uploads\/2019\/12\/SEMINARIO-PROTECCION-DE-DATOS-EN-LA-INDUSTRIA-FARMACEUTICA-18_10_2016.jpg","datePublished":"2016-10-18T18:03:14+00:00","dateModified":"2020-02-11T12:34:52+00:00","breadcrumb":{"@id":"https:\/\/cefi.es\/en\/tienda\/cursos-y-seminarios\/seminarios\/seminarios-sobre-proteccion-de-datos-personales\/seminario-proteccion-de-datos-de-la-industria-farmaceutica\/#breadcrumb"},"inLanguage":"en-US","potentialAction":[{"@type":"ReadAction","target":["https:\/\/cefi.es\/en\/tienda\/cursos-y-seminarios\/seminarios\/seminarios-sobre-proteccion-de-datos-personales\/seminario-proteccion-de-datos-de-la-industria-farmaceutica\/"]}]},{"@type":"ImageObject","inLanguage":"en-US","@id":"https:\/\/cefi.es\/en\/tienda\/cursos-y-seminarios\/seminarios\/seminarios-sobre-proteccion-de-datos-personales\/seminario-proteccion-de-datos-de-la-industria-farmaceutica\/#primaryimage","url":"https:\/\/cefi.es\/wp-contenido\/uploads\/2019\/12\/SEMINARIO-PROTECCION-DE-DATOS-EN-LA-INDUSTRIA-FARMACEUTICA-18_10_2016.jpg","contentUrl":"https:\/\/cefi.es\/wp-contenido\/uploads\/2019\/12\/SEMINARIO-PROTECCION-DE-DATOS-EN-LA-INDUSTRIA-FARMACEUTICA-18_10_2016.jpg","width":1440,"height":890},{"@type":"BreadcrumbList","@id":"https:\/\/cefi.es\/en\/tienda\/cursos-y-seminarios\/seminarios\/seminarios-sobre-proteccion-de-datos-personales\/seminario-proteccion-de-datos-de-la-industria-farmaceutica\/#breadcrumb","itemListElement":[{"@type":"ListItem","position":1,"name":"Home","item":"https:\/\/cefi.es\/en\/"},{"@type":"ListItem","position":2,"name":"Products","item":"https:\/\/cefi.es\/en\/shop\/"},{"@type":"ListItem","position":3,"name":"Seminario protecci\u00f3n de datos de la industria farmac\u00e9utica"}]},{"@type":"WebSite","@id":"https:\/\/cefi.es\/en\/#website","url":"https:\/\/cefi.es\/en\/","name":"Centro de estudios para el fomento de la investigaci\u00f3n","description":"","publisher":{"@id":"https:\/\/cefi.es\/en\/#organization"},"potentialAction":[{"@type":"SearchAction","target":{"@type":"EntryPoint","urlTemplate":"https:\/\/cefi.es\/en\/?s={search_term_string}"},"query-input":{"@type":"PropertyValueSpecification","valueRequired":true,"valueName":"search_term_string"}}],"inLanguage":"en-US"},{"@type":"Organization","@id":"https:\/\/cefi.es\/en\/#organization","name":"Fundacion CeFi. Propiedad industrial e intelectual","url":"https:\/\/cefi.es\/en\/","logo":{"@type":"ImageObject","inLanguage":"en-US","@id":"https:\/\/cefi.es\/en\/#\/schema\/logo\/image\/","url":"https:\/\/cefi.es\/wp-contenido\/uploads\/2019\/12\/cropped-favicon-3.png","contentUrl":"https:\/\/cefi.es\/wp-contenido\/uploads\/2019\/12\/cropped-favicon-3.png","width":512,"height":512,"caption":"Fundacion CeFi. Propiedad industrial e intelectual"},"image":{"@id":"https:\/\/cefi.es\/en\/#\/schema\/logo\/image\/"}}]}},"_links":{"self":[{"href":"https:\/\/cefi.es\/en\/wp-json\/wp\/v2\/product\/5925","targetHints":{"allow":["GET"]}}],"collection":[{"href":"https:\/\/cefi.es\/en\/wp-json\/wp\/v2\/product"}],"about":[{"href":"https:\/\/cefi.es\/en\/wp-json\/wp\/v2\/types\/product"}],"version-history":[{"count":5,"href":"https:\/\/cefi.es\/en\/wp-json\/wp\/v2\/product\/5925\/revisions"}],"predecessor-version":[{"id":6817,"href":"https:\/\/cefi.es\/en\/wp-json\/wp\/v2\/product\/5925\/revisions\/6817"}],"wp:featuredmedia":[{"embeddable":true,"href":"https:\/\/cefi.es\/en\/wp-json\/wp\/v2\/media\/5793"}],"wp:attachment":[{"href":"https:\/\/cefi.es\/en\/wp-json\/wp\/v2\/media?parent=5925"}],"wp:term":[{"taxonomy":"product_brand","embeddable":true,"href":"https:\/\/cefi.es\/en\/wp-json\/wp\/v2\/product_brand?post=5925"},{"taxonomy":"product_cat","embeddable":true,"href":"https:\/\/cefi.es\/en\/wp-json\/wp\/v2\/product_cat?post=5925"},{"taxonomy":"product_tag","embeddable":true,"href":"https:\/\/cefi.es\/en\/wp-json\/wp\/v2\/product_tag?post=5925"}],"curies":[{"name":"wp","href":"https:\/\/api.w.org\/{rel}","templated":true}]}}