{"id":5916,"date":"2018-09-18T17:43:28","date_gmt":"2018-09-18T17:43:28","guid":{"rendered":"http:\/\/www.cefi.es\/?post_type=product&#038;p=5916"},"modified":"2020-02-11T12:33:58","modified_gmt":"2020-02-11T12:33:58","slug":"seminario-aspectos-practicos-de-la-aplicacion-del-derecho-de-la-competencia-en-el-sector-farmaceutico","status":"publish","type":"product","link":"https:\/\/cefi.es\/en\/tienda\/cursos-y-seminarios\/seminarios\/seminarios-sobre-competencia\/seminario-aspectos-practicos-de-la-aplicacion-del-derecho-de-la-competencia-en-el-sector-farmaceutico\/","title":{"rendered":"Seminario aspectos pr\u00e1cticos de la aplicaci\u00f3n del derecho de la competencia en el sector farmac\u00e9utico"},"content":{"rendered":"<table>\n<tbody>\n<tr>\n<td><strong>9:30<\/strong><\/td>\n<td>\n<h5>ACREDITACIO\u0301N Y ENTREGA DE DOCUMENTACIO\u0301N<\/h5>\n<\/td>\n<\/tr>\n<tr>\n<td><strong>9:55<\/strong><\/td>\n<td>\n<h5>APERTURA<\/h5>\n<p><strong>Ba\u0301rbara Mun\u0303oz Figueras. Presidenta Fundacio\u0301n CEFI<\/strong><\/td>\n<\/tr>\n<\/tbody>\n<\/table>\n<table>\n<tbody>\n<tr>\n<td colspan=\"2\">\n<h5>MESA VISIO\u0301N CNMC, MERCADO RELEVANTE Y POSICIO\u0301N DE DOMINIO<\/h5>\n<p><strong>Modera: Mari\u0301a Cedo\u0301 Perpinya\u0301. Esteve<\/strong>\n<\/td>\n<\/tr>\n<tr>\n<td><strong>10:00 &#8211; 10:15<\/strong><\/td>\n<td>\n<h5>VISIO\u0301N CNMC SOBRE EL SECTOR FARMACE\u0301UTICO<\/h5>\n<p>Almudena Kessler Rodri\u0301guez. Subdirectora Adjunta de Industria y Energi\u0301a de la Direccio\u0301n de Competencia de la CNMC.<\/td>\n<\/tr>\n<tr>\n<td><strong>10:15 &#8211; 10:30<\/strong><\/td>\n<td>\n<h5>MERCADO RELEVANTE Y DEFINICIO\u0301N DE CUOTA DE MERCADO<\/h5>\n<p>Juan Passa\u0301s. Linklaters.<\/td>\n<\/tr>\n<tr>\n<td><strong>10:30 &#8211; 10:45<\/strong><\/td>\n<td>\n<h5>POSICIO\u0301N DE DOMINIO EN EL SECTOR FARMACE\u0301UTICO<\/h5>\n<p>Roberto Garci\u0301a Soto. GSK.\n<\/td>\n<\/tr>\n<tr>\n<td><strong>10:45-11:05<\/strong><\/td>\n<td>\n<h5>DEBATE<\/h5>\n<\/td>\n<\/tr>\n<\/tbody>\n<\/table>\n<table>\n<tbody>\n<tr>\n<td colspan=\"2\">\n<h5>MESA DE PRECIOS Y DESCUENTOS<\/h5>\n<p><strong>Modera: Moise\u0301s Rami\u0301rez Justo. Patrono Fundacio\u0301n CEFI<\/strong>\n<\/td>\n<\/tr>\n<tr>\n<td><strong>11:05 &#8211; 11:20<\/strong><\/td>\n<td>\n<h5>CONFIDENCIALIDAD DE PRECIOS Y OFERTAS<\/h5>\n<p>Alberto Dorrego de Carlos. Eversheds Sutherland.<\/td>\n<\/tr>\n<tr>\n<td><strong>11:20 &#8211; 11:35<\/strong><\/td>\n<td>\n<h5>OFERTAS, DESCUENTOS Y OTRAS PRA\u0301CTICAS COMERCIALES EN EL MERCADO RETAIL Y HOSPITALARIO<\/h5>\n<p>Jordi Faus Santasusana. Faus &#038; Moliner Abogados.<\/td>\n<\/tr>\n<tr>\n<td><strong>11:35 &#8211; 11:50<\/strong><\/td>\n<td>\n<h5>EXPEDIENTE PRECIO LIBRE<\/h5>\n<p>Teresa Paz-Ares. Uri\u0301a Mene\u0301ndez.\n<\/td>\n<\/tr>\n<tr>\n<td><strong>11:50 &#8211; 12:10<\/strong><\/td>\n<td>\n<h5>DEBATE<\/h5>\n<\/td>\n<\/tr>\n<tr>\n<td><strong>12:10 &#8211; 12:30<\/strong><\/td>\n<td>\n<h5>PAUSA CAFE\u0301<\/h5>\n<\/td>\n<\/tr>\n<\/tbody>\n<\/table>\n<table>\n<tbody>\n<tr>\n<td colspan=\"2\">\n<h5>MESA DE CONTRATACIO\u0301N PU\u0301BLICA Y COMPETENCIA<\/h5>\n<p><strong>Modera: Laura Badenes Torrens. Patrono Fundacio\u0301n CEFI<\/strong>\n<\/td>\n<\/tr>\n<tr>\n<td><strong>12:30 &#8211; 12:45<\/strong><\/td>\n<td>\n<h5>CRITERIOS DE COSTE-EFICIENCIA, OTROS CRITERIOS CUALITATIVOS Y FO\u0301RMULAS INNOVADORAS (RIESGO COMPARTIDO, DESCUENTOS POR TRAMOS, ETC.) EN LA NUEVA LEY 9\/2017 DE CONTRATOS DEL SECTOR PU\u0301BLICO<\/h5>\n<p>Irene Moreno-Tapia. Cuatrecasas.<\/td>\n<\/tr>\n<tr>\n<td><strong>12:45 &#8211; 13:00<\/strong><\/td>\n<td>\n<h5>LA DETECCIO\u0301N DE PRA\u0301CTICAS COLUSIVAS EN LICITACIONES PU\u0301BLICAS. INDICADORES PARA LAS AUTORIDADES DE COMPETENCIA DE LA EXISTENCIA DE COLUSIO\u0301N EN UNA LICITACIO\u0301N. REFERENCIA AL PAPEL DE LA UNIDAD DE INTELIGENCIA ECONO\u0301MICA DE LA CNMC EN LA DETECCIO\u0301N DE CA\u0301RTELES<\/h5>\n<p>Patricia Lin\u0303a\u0301n Herna\u0301ndez. Bird &#038; Bird.<\/td>\n<\/tr>\n<tr>\n<td><strong>13:00-13:20<\/strong><\/td>\n<td>\n<h5>DEBATE<\/h5>\n<\/td>\n<\/tr>\n<\/tbody>\n<\/table>\n<table>\n<tbody>\n<tr>\n<td colspan=\"2\">\n<h5>MESA DE DAN\u0303OS Y PERJUICIOS<\/h5>\n<p><strong>Modera: Javier de Urqui\u0301a Marti\u0301. Patrono Fundacio\u0301n CEFI<\/strong>\n<\/td>\n<\/tr>\n<tr>\n<td><strong>13:20 &#8211; 13:35<\/strong><\/td>\n<td>\n<h5>SANCIONES, NUEVAS NORMAS PARA LA RECLAMACIO\u0301N DE DAN\u0303OS Y LA PROHIBICIO\u0301N DE CONTRATAR EN LA NUEVA LCSP<\/h5>\n<p>A\u0301ngel Valde\u0301s Burgui. Lupicinio International Law Firm.<\/td>\n<\/tr>\n<tr>\n<td><strong>13:35 &#8211; 13:50<\/strong><\/td>\n<td>\n<h5>DAN\u0303OS Y PERJUICIOS POR INFRACCIO\u0301N DEL DERECHO DE LA COMPETENCIA<\/h5>\n<p>Helmut Brokelmann. MLAB Abogados.<\/td>\n<\/tr>\n<tr>\n<td><strong>13:50 &#8211; 14:10<\/strong><\/td>\n<td>\n<h5>DEBATE<\/h5>\n<\/td>\n<\/tr>\n<tr>\n<td><strong>14:10<\/strong><\/td>\n<td>\n<h5>CLAUSURA<\/h5>\n<p><strong>Beatriz de Guindos Talavera. Directora de Competencia. CNMC<\/strong><\/td>\n<\/tr>\n<\/tbody>\n<\/table>\n","protected":false},"excerpt":{"rendered":"<p>Seminario aspectos pr\u00e1cticos de la aplicaci\u00f3n del derecho de la competencia en el sector farmac\u00e9utico.<\/p>\n","protected":false},"featured_media":5799,"template":"","meta":{"_acf_changed":false},"product_brand":[],"product_cat":[96,78],"product_tag":[],"class_list":{"0":"post-5916","1":"product","2":"type-product","3":"status-publish","4":"has-post-thumbnail","6":"product_cat-seminarios-sobre-competencia","7":"product_cat-seminarios","9":"first","10":"outofstock","11":"virtual","12":"taxable","13":"purchasable","14":"product-type-simple"},"acf":[],"yoast_head":"<!-- This site is optimized with the Yoast SEO plugin v27.3 - https:\/\/yoast.com\/product\/yoast-seo-wordpress\/ -->\n<title>Seminario aspectos pr\u00e1cticos de la aplicaci\u00f3n del derecho de la competencia en el sector farmac\u00e9utico - Centro de estudios para el fomento de la investigaci\u00f3n<\/title>\n<meta name=\"robots\" content=\"index, follow, max-snippet:-1, max-image-preview:large, max-video-preview:-1\" \/>\n<link rel=\"canonical\" href=\"https:\/\/cefi.es\/en\/tienda\/cursos-y-seminarios\/seminarios\/seminarios-sobre-competencia\/seminario-aspectos-practicos-de-la-aplicacion-del-derecho-de-la-competencia-en-el-sector-farmaceutico\/\" \/>\n<meta property=\"og:locale\" content=\"en_US\" \/>\n<meta property=\"og:type\" content=\"article\" \/>\n<meta property=\"og:title\" content=\"Seminario aspectos pr\u00e1cticos de la aplicaci\u00f3n del derecho de la competencia en el sector farmac\u00e9utico - Centro de estudios para el fomento de la investigaci\u00f3n\" \/>\n<meta property=\"og:description\" content=\"Seminario aspectos pr\u00e1cticos de la aplicaci\u00f3n del derecho de la competencia en el sector farmac\u00e9utico.\" \/>\n<meta property=\"og:url\" content=\"https:\/\/cefi.es\/en\/tienda\/cursos-y-seminarios\/seminarios\/seminarios-sobre-competencia\/seminario-aspectos-practicos-de-la-aplicacion-del-derecho-de-la-competencia-en-el-sector-farmaceutico\/\" \/>\n<meta property=\"og:site_name\" content=\"Centro de estudios para el fomento de la investigaci\u00f3n\" \/>\n<meta property=\"article:modified_time\" content=\"2020-02-11T12:33:58+00:00\" \/>\n<meta property=\"og:image\" content=\"https:\/\/cefi.es\/wp-contenido\/uploads\/2019\/12\/SEMINARIO-ASPECTOS-PRACTICOS-DE-LA-APLICACION-DEL-DERECHO-DE-LA-COMPETENCIA-EN-EL-SECTOR-FARMACEUTICO-18_9_2018.jpg\" \/>\n\t<meta property=\"og:image:width\" content=\"1440\" \/>\n\t<meta property=\"og:image:height\" content=\"890\" \/>\n\t<meta property=\"og:image:type\" content=\"image\/jpeg\" \/>\n<meta name=\"twitter:card\" content=\"summary_large_image\" \/>\n<meta name=\"twitter:label1\" content=\"Est. reading time\" \/>\n\t<meta name=\"twitter:data1\" content=\"2 minutes\" \/>\n<script type=\"application\/ld+json\" class=\"yoast-schema-graph\">{\"@context\":\"https:\\\/\\\/schema.org\",\"@graph\":[{\"@type\":\"WebPage\",\"@id\":\"https:\\\/\\\/cefi.es\\\/en\\\/tienda\\\/cursos-y-seminarios\\\/seminarios\\\/seminarios-sobre-competencia\\\/seminario-aspectos-practicos-de-la-aplicacion-del-derecho-de-la-competencia-en-el-sector-farmaceutico\\\/\",\"url\":\"https:\\\/\\\/cefi.es\\\/en\\\/tienda\\\/cursos-y-seminarios\\\/seminarios\\\/seminarios-sobre-competencia\\\/seminario-aspectos-practicos-de-la-aplicacion-del-derecho-de-la-competencia-en-el-sector-farmaceutico\\\/\",\"name\":\"Seminario aspectos pr\u00e1cticos de la aplicaci\u00f3n del derecho de la competencia en el sector farmac\u00e9utico - Centro de estudios para el fomento de la investigaci\u00f3n\",\"isPartOf\":{\"@id\":\"https:\\\/\\\/cefi.es\\\/en\\\/#website\"},\"primaryImageOfPage\":{\"@id\":\"https:\\\/\\\/cefi.es\\\/en\\\/tienda\\\/cursos-y-seminarios\\\/seminarios\\\/seminarios-sobre-competencia\\\/seminario-aspectos-practicos-de-la-aplicacion-del-derecho-de-la-competencia-en-el-sector-farmaceutico\\\/#primaryimage\"},\"image\":{\"@id\":\"https:\\\/\\\/cefi.es\\\/en\\\/tienda\\\/cursos-y-seminarios\\\/seminarios\\\/seminarios-sobre-competencia\\\/seminario-aspectos-practicos-de-la-aplicacion-del-derecho-de-la-competencia-en-el-sector-farmaceutico\\\/#primaryimage\"},\"thumbnailUrl\":\"https:\\\/\\\/cefi.es\\\/wp-contenido\\\/uploads\\\/2019\\\/12\\\/SEMINARIO-ASPECTOS-PRACTICOS-DE-LA-APLICACION-DEL-DERECHO-DE-LA-COMPETENCIA-EN-EL-SECTOR-FARMACEUTICO-18_9_2018.jpg\",\"datePublished\":\"2018-09-18T17:43:28+00:00\",\"dateModified\":\"2020-02-11T12:33:58+00:00\",\"breadcrumb\":{\"@id\":\"https:\\\/\\\/cefi.es\\\/en\\\/tienda\\\/cursos-y-seminarios\\\/seminarios\\\/seminarios-sobre-competencia\\\/seminario-aspectos-practicos-de-la-aplicacion-del-derecho-de-la-competencia-en-el-sector-farmaceutico\\\/#breadcrumb\"},\"inLanguage\":\"en-US\",\"potentialAction\":[{\"@type\":\"ReadAction\",\"target\":[\"https:\\\/\\\/cefi.es\\\/en\\\/tienda\\\/cursos-y-seminarios\\\/seminarios\\\/seminarios-sobre-competencia\\\/seminario-aspectos-practicos-de-la-aplicacion-del-derecho-de-la-competencia-en-el-sector-farmaceutico\\\/\"]}]},{\"@type\":\"ImageObject\",\"inLanguage\":\"en-US\",\"@id\":\"https:\\\/\\\/cefi.es\\\/en\\\/tienda\\\/cursos-y-seminarios\\\/seminarios\\\/seminarios-sobre-competencia\\\/seminario-aspectos-practicos-de-la-aplicacion-del-derecho-de-la-competencia-en-el-sector-farmaceutico\\\/#primaryimage\",\"url\":\"https:\\\/\\\/cefi.es\\\/wp-contenido\\\/uploads\\\/2019\\\/12\\\/SEMINARIO-ASPECTOS-PRACTICOS-DE-LA-APLICACION-DEL-DERECHO-DE-LA-COMPETENCIA-EN-EL-SECTOR-FARMACEUTICO-18_9_2018.jpg\",\"contentUrl\":\"https:\\\/\\\/cefi.es\\\/wp-contenido\\\/uploads\\\/2019\\\/12\\\/SEMINARIO-ASPECTOS-PRACTICOS-DE-LA-APLICACION-DEL-DERECHO-DE-LA-COMPETENCIA-EN-EL-SECTOR-FARMACEUTICO-18_9_2018.jpg\",\"width\":1440,\"height\":890},{\"@type\":\"BreadcrumbList\",\"@id\":\"https:\\\/\\\/cefi.es\\\/en\\\/tienda\\\/cursos-y-seminarios\\\/seminarios\\\/seminarios-sobre-competencia\\\/seminario-aspectos-practicos-de-la-aplicacion-del-derecho-de-la-competencia-en-el-sector-farmaceutico\\\/#breadcrumb\",\"itemListElement\":[{\"@type\":\"ListItem\",\"position\":1,\"name\":\"Home\",\"item\":\"https:\\\/\\\/cefi.es\\\/en\\\/\"},{\"@type\":\"ListItem\",\"position\":2,\"name\":\"Products\",\"item\":\"https:\\\/\\\/cefi.es\\\/en\\\/shop\\\/\"},{\"@type\":\"ListItem\",\"position\":3,\"name\":\"Seminario aspectos pr\u00e1cticos de la aplicaci\u00f3n del derecho de la competencia en el sector farmac\u00e9utico\"}]},{\"@type\":\"WebSite\",\"@id\":\"https:\\\/\\\/cefi.es\\\/en\\\/#website\",\"url\":\"https:\\\/\\\/cefi.es\\\/en\\\/\",\"name\":\"Centro de estudios para el fomento de la investigaci\u00f3n\",\"description\":\"\",\"publisher\":{\"@id\":\"https:\\\/\\\/cefi.es\\\/en\\\/#organization\"},\"potentialAction\":[{\"@type\":\"SearchAction\",\"target\":{\"@type\":\"EntryPoint\",\"urlTemplate\":\"https:\\\/\\\/cefi.es\\\/en\\\/?s={search_term_string}\"},\"query-input\":{\"@type\":\"PropertyValueSpecification\",\"valueRequired\":true,\"valueName\":\"search_term_string\"}}],\"inLanguage\":\"en-US\"},{\"@type\":\"Organization\",\"@id\":\"https:\\\/\\\/cefi.es\\\/en\\\/#organization\",\"name\":\"Fundacion CeFi. Propiedad industrial e intelectual\",\"url\":\"https:\\\/\\\/cefi.es\\\/en\\\/\",\"logo\":{\"@type\":\"ImageObject\",\"inLanguage\":\"en-US\",\"@id\":\"https:\\\/\\\/cefi.es\\\/en\\\/#\\\/schema\\\/logo\\\/image\\\/\",\"url\":\"https:\\\/\\\/cefi.es\\\/wp-contenido\\\/uploads\\\/2019\\\/12\\\/cropped-favicon-3.png\",\"contentUrl\":\"https:\\\/\\\/cefi.es\\\/wp-contenido\\\/uploads\\\/2019\\\/12\\\/cropped-favicon-3.png\",\"width\":512,\"height\":512,\"caption\":\"Fundacion CeFi. Propiedad industrial e intelectual\"},\"image\":{\"@id\":\"https:\\\/\\\/cefi.es\\\/en\\\/#\\\/schema\\\/logo\\\/image\\\/\"}}]}<\/script>\n<!-- \/ Yoast SEO plugin. -->","yoast_head_json":{"title":"Seminario aspectos pr\u00e1cticos de la aplicaci\u00f3n del derecho de la competencia en el sector farmac\u00e9utico - Centro de estudios para el fomento de la investigaci\u00f3n","robots":{"index":"index","follow":"follow","max-snippet":"max-snippet:-1","max-image-preview":"max-image-preview:large","max-video-preview":"max-video-preview:-1"},"canonical":"https:\/\/cefi.es\/en\/tienda\/cursos-y-seminarios\/seminarios\/seminarios-sobre-competencia\/seminario-aspectos-practicos-de-la-aplicacion-del-derecho-de-la-competencia-en-el-sector-farmaceutico\/","og_locale":"en_US","og_type":"article","og_title":"Seminario aspectos pr\u00e1cticos de la aplicaci\u00f3n del derecho de la competencia en el sector farmac\u00e9utico - Centro de estudios para el fomento de la investigaci\u00f3n","og_description":"Seminario aspectos pr\u00e1cticos de la aplicaci\u00f3n del derecho de la competencia en el sector farmac\u00e9utico.","og_url":"https:\/\/cefi.es\/en\/tienda\/cursos-y-seminarios\/seminarios\/seminarios-sobre-competencia\/seminario-aspectos-practicos-de-la-aplicacion-del-derecho-de-la-competencia-en-el-sector-farmaceutico\/","og_site_name":"Centro de estudios para el fomento de la investigaci\u00f3n","article_modified_time":"2020-02-11T12:33:58+00:00","og_image":[{"width":1440,"height":890,"url":"https:\/\/cefi.es\/wp-contenido\/uploads\/2019\/12\/SEMINARIO-ASPECTOS-PRACTICOS-DE-LA-APLICACION-DEL-DERECHO-DE-LA-COMPETENCIA-EN-EL-SECTOR-FARMACEUTICO-18_9_2018.jpg","type":"image\/jpeg"}],"twitter_card":"summary_large_image","twitter_misc":{"Est. reading time":"2 minutes"},"schema":{"@context":"https:\/\/schema.org","@graph":[{"@type":"WebPage","@id":"https:\/\/cefi.es\/en\/tienda\/cursos-y-seminarios\/seminarios\/seminarios-sobre-competencia\/seminario-aspectos-practicos-de-la-aplicacion-del-derecho-de-la-competencia-en-el-sector-farmaceutico\/","url":"https:\/\/cefi.es\/en\/tienda\/cursos-y-seminarios\/seminarios\/seminarios-sobre-competencia\/seminario-aspectos-practicos-de-la-aplicacion-del-derecho-de-la-competencia-en-el-sector-farmaceutico\/","name":"Seminario aspectos pr\u00e1cticos de la aplicaci\u00f3n del derecho de la competencia en el sector farmac\u00e9utico - Centro de estudios para el fomento de la investigaci\u00f3n","isPartOf":{"@id":"https:\/\/cefi.es\/en\/#website"},"primaryImageOfPage":{"@id":"https:\/\/cefi.es\/en\/tienda\/cursos-y-seminarios\/seminarios\/seminarios-sobre-competencia\/seminario-aspectos-practicos-de-la-aplicacion-del-derecho-de-la-competencia-en-el-sector-farmaceutico\/#primaryimage"},"image":{"@id":"https:\/\/cefi.es\/en\/tienda\/cursos-y-seminarios\/seminarios\/seminarios-sobre-competencia\/seminario-aspectos-practicos-de-la-aplicacion-del-derecho-de-la-competencia-en-el-sector-farmaceutico\/#primaryimage"},"thumbnailUrl":"https:\/\/cefi.es\/wp-contenido\/uploads\/2019\/12\/SEMINARIO-ASPECTOS-PRACTICOS-DE-LA-APLICACION-DEL-DERECHO-DE-LA-COMPETENCIA-EN-EL-SECTOR-FARMACEUTICO-18_9_2018.jpg","datePublished":"2018-09-18T17:43:28+00:00","dateModified":"2020-02-11T12:33:58+00:00","breadcrumb":{"@id":"https:\/\/cefi.es\/en\/tienda\/cursos-y-seminarios\/seminarios\/seminarios-sobre-competencia\/seminario-aspectos-practicos-de-la-aplicacion-del-derecho-de-la-competencia-en-el-sector-farmaceutico\/#breadcrumb"},"inLanguage":"en-US","potentialAction":[{"@type":"ReadAction","target":["https:\/\/cefi.es\/en\/tienda\/cursos-y-seminarios\/seminarios\/seminarios-sobre-competencia\/seminario-aspectos-practicos-de-la-aplicacion-del-derecho-de-la-competencia-en-el-sector-farmaceutico\/"]}]},{"@type":"ImageObject","inLanguage":"en-US","@id":"https:\/\/cefi.es\/en\/tienda\/cursos-y-seminarios\/seminarios\/seminarios-sobre-competencia\/seminario-aspectos-practicos-de-la-aplicacion-del-derecho-de-la-competencia-en-el-sector-farmaceutico\/#primaryimage","url":"https:\/\/cefi.es\/wp-contenido\/uploads\/2019\/12\/SEMINARIO-ASPECTOS-PRACTICOS-DE-LA-APLICACION-DEL-DERECHO-DE-LA-COMPETENCIA-EN-EL-SECTOR-FARMACEUTICO-18_9_2018.jpg","contentUrl":"https:\/\/cefi.es\/wp-contenido\/uploads\/2019\/12\/SEMINARIO-ASPECTOS-PRACTICOS-DE-LA-APLICACION-DEL-DERECHO-DE-LA-COMPETENCIA-EN-EL-SECTOR-FARMACEUTICO-18_9_2018.jpg","width":1440,"height":890},{"@type":"BreadcrumbList","@id":"https:\/\/cefi.es\/en\/tienda\/cursos-y-seminarios\/seminarios\/seminarios-sobre-competencia\/seminario-aspectos-practicos-de-la-aplicacion-del-derecho-de-la-competencia-en-el-sector-farmaceutico\/#breadcrumb","itemListElement":[{"@type":"ListItem","position":1,"name":"Home","item":"https:\/\/cefi.es\/en\/"},{"@type":"ListItem","position":2,"name":"Products","item":"https:\/\/cefi.es\/en\/shop\/"},{"@type":"ListItem","position":3,"name":"Seminario aspectos pr\u00e1cticos de la aplicaci\u00f3n del derecho de la competencia en el sector farmac\u00e9utico"}]},{"@type":"WebSite","@id":"https:\/\/cefi.es\/en\/#website","url":"https:\/\/cefi.es\/en\/","name":"Centro de estudios para el fomento de la investigaci\u00f3n","description":"","publisher":{"@id":"https:\/\/cefi.es\/en\/#organization"},"potentialAction":[{"@type":"SearchAction","target":{"@type":"EntryPoint","urlTemplate":"https:\/\/cefi.es\/en\/?s={search_term_string}"},"query-input":{"@type":"PropertyValueSpecification","valueRequired":true,"valueName":"search_term_string"}}],"inLanguage":"en-US"},{"@type":"Organization","@id":"https:\/\/cefi.es\/en\/#organization","name":"Fundacion CeFi. Propiedad industrial e intelectual","url":"https:\/\/cefi.es\/en\/","logo":{"@type":"ImageObject","inLanguage":"en-US","@id":"https:\/\/cefi.es\/en\/#\/schema\/logo\/image\/","url":"https:\/\/cefi.es\/wp-contenido\/uploads\/2019\/12\/cropped-favicon-3.png","contentUrl":"https:\/\/cefi.es\/wp-contenido\/uploads\/2019\/12\/cropped-favicon-3.png","width":512,"height":512,"caption":"Fundacion CeFi. Propiedad industrial e intelectual"},"image":{"@id":"https:\/\/cefi.es\/en\/#\/schema\/logo\/image\/"}}]}},"_links":{"self":[{"href":"https:\/\/cefi.es\/en\/wp-json\/wp\/v2\/product\/5916","targetHints":{"allow":["GET"]}}],"collection":[{"href":"https:\/\/cefi.es\/en\/wp-json\/wp\/v2\/product"}],"about":[{"href":"https:\/\/cefi.es\/en\/wp-json\/wp\/v2\/types\/product"}],"version-history":[{"count":7,"href":"https:\/\/cefi.es\/en\/wp-json\/wp\/v2\/product\/5916\/revisions"}],"predecessor-version":[{"id":6810,"href":"https:\/\/cefi.es\/en\/wp-json\/wp\/v2\/product\/5916\/revisions\/6810"}],"wp:featuredmedia":[{"embeddable":true,"href":"https:\/\/cefi.es\/en\/wp-json\/wp\/v2\/media\/5799"}],"wp:attachment":[{"href":"https:\/\/cefi.es\/en\/wp-json\/wp\/v2\/media?parent=5916"}],"wp:term":[{"taxonomy":"product_brand","embeddable":true,"href":"https:\/\/cefi.es\/en\/wp-json\/wp\/v2\/product_brand?post=5916"},{"taxonomy":"product_cat","embeddable":true,"href":"https:\/\/cefi.es\/en\/wp-json\/wp\/v2\/product_cat?post=5916"},{"taxonomy":"product_tag","embeddable":true,"href":"https:\/\/cefi.es\/en\/wp-json\/wp\/v2\/product_tag?post=5916"}],"curies":[{"name":"wp","href":"https:\/\/api.w.org\/{rel}","templated":true}]}}