{"id":5909,"date":"2015-06-09T17:27:30","date_gmt":"2015-06-09T17:27:30","guid":{"rendered":"http:\/\/www.cefi.es\/?post_type=product&#038;p=5909"},"modified":"2020-02-11T12:34:08","modified_gmt":"2020-02-11T12:34:08","slug":"seminario-competencia-vision-practica-del-sector-farmaceutico","status":"publish","type":"product","link":"https:\/\/cefi.es\/en\/tienda\/cursos-y-seminarios\/seminarios\/seminarios-sobre-competencia\/seminario-competencia-vision-practica-del-sector-farmaceutico\/","title":{"rendered":"Seminario competencia: Visi\u00f3n pr\u00e1ctica del sector farmac\u00e9utico"},"content":{"rendered":"<table>\n<tbody>\n<tr>\n<td><strong>8:45<\/strong><\/td>\n<td>\n<h5>Acreditacio\u0301n y entrega de documentacio\u0301n<\/h5>\n<\/td>\n<\/tr>\n<tr>\n<td><strong>9:15<\/strong><\/td>\n<td>\n<h5>Apertura<\/h5>\n<p>Maria Alonso Burgaz. Vicepresidenta Fundacio\u0301n CEFI<br \/>\nMercedes Pedraz Calvo. Magistrada Sala de lo Contencioso-Administrativo. Audiencia Nacional<\/td>\n<\/tr>\n<tr>\n<td><strong>9:30<\/strong><\/td>\n<td>\n<h5>Acuerdos anticompetitivos y pra\u0301cticas colusorias. Li\u0301mites contractuales y al intercambio de informacio\u0301n. El sistema de clemencia<\/h5>\n<p><em>Jurisprudencia\/Ejemplos del sector<\/em><br \/>\nModera: Katia Pin\u0303ol Torres<br \/>\nPonentes:<br \/>\nAntonio Marti\u0301nez Sa\u0301nchez. Abogado-socio Allen &amp; Overy<br \/>\nA\u0301ngel Valde\u0301s Burgui. Abogado-socio Lupicinio Abogados<\/td>\n<\/tr>\n<tr>\n<td><strong>10:45<\/strong><\/td>\n<td>\n<h5>Descuentos comerciales: perspectiva derecho defensa de la competencia y competencia desleal<\/h5>\n<p><em>Abuso de posicio\u0301n dominante. Descuentos en operaciones vinculadas: tying, bundling, otras. Precio predatorio. Entrega de producto gratui\u0301to. Venta a pe\u0301rdida. <\/em><br \/>\n<em>Jurisprudencia\/Ejemplos del sector.<\/em><br \/>\nModera: Victoria Ferna\u0301ndez Lo\u0301pez<br \/>\nPonente: Alfonso Gutie\u0301rrez Herna\u0301ndez. Abogado-socio Uri\u0301a Mene\u0301ndez<\/td>\n<\/tr>\n<tr>\n<td><strong>11:30<\/strong><\/td>\n<td>\n<h5>Pausa caf\u00e9<\/h5>\n<\/td>\n<\/tr>\n<tr>\n<td><strong>12:00<\/strong><\/td>\n<td>\n<h5>Gui\u0301as de la CNMC. Casui\u0301stica reciente aplicable al sector farmace\u0301utico<\/h5>\n<p>Modera: Maria Alonso Burgaz<br \/>\nPonente: Carmen Cerda\u0301 Marti\u0301nez-Pujalte. Subdirectora Adjunta de Industria y Energi\u0301a. CNMC<\/td>\n<\/tr>\n<tr>\n<td><strong>12:45<\/strong><\/td>\n<td>\n<h5>Gui\u0301as para el abogado interno. Buenas pra\u0301cticas de comunicacio\u0301n y formacio\u0301n interna: \u201cDo\u2019s\u201d y \u201cDont\u2019s\u201d en dawn raids, alianzas comerciales, foros, asociaciones competidores. Secreto profesional<\/h5>\n<p>Modera: Ba\u0301rbara Mun\u0303oz Figueras<br \/>\nPonente: Irene Moreno-Tapia. Consejera Cuatrecasas, Gonc\u0327alves Pereira<\/td>\n<\/tr>\n<tr>\n<td><strong>13:30<\/strong><\/td>\n<td>\n<h5>Contratacio\u0301n pu\u0301blica y derecho de la competencia<\/h5>\n<p><em>Li\u0301mites. Suministro a trave\u0301s de contratos exclusivos<\/em><br \/>\nModera: Jose\u0301 Miguel Colldefors<br \/>\nPonente: Sabiniano Medrano Irazola. Abogado-socio Ernst &amp; Young Abogados<\/td>\n<\/tr>\n<tr>\n<td><strong>14:15<\/strong><\/td>\n<td>\n<h5>Clausura<\/h5>\n<p>Maria Alonso Burgaz. Vicepresidenta Fundacio\u0301n CEFI<br \/>\nRafael Allendesalazar Corcho. Presidente Asociacio\u0301n Espan\u0303ola para la Defensa de la Competencia. Abogado socio MLAB Abogados<\/td>\n<\/tr>\n<\/tbody>\n<\/table>\n","protected":false},"excerpt":{"rendered":"<p>Seminario competencia: Visi\u00f3n pr\u00e1ctica del sector farmac\u00e9utico.<\/p>\n","protected":false},"featured_media":5797,"template":"","meta":{"_acf_changed":false},"product_brand":[],"product_cat":[78,96],"product_tag":[],"class_list":{"0":"post-5909","1":"product","2":"type-product","3":"status-publish","4":"has-post-thumbnail","6":"product_cat-seminarios","7":"product_cat-seminarios-sobre-competencia","9":"first","10":"outofstock","11":"virtual","12":"taxable","13":"purchasable","14":"product-type-simple"},"acf":[],"yoast_head":"<!-- This site is optimized with the Yoast SEO plugin v27.5 - https:\/\/yoast.com\/product\/yoast-seo-wordpress\/ -->\n<title>Seminario competencia: Visi\u00f3n pr\u00e1ctica del sector farmac\u00e9utico - Centro de estudios para el fomento de la investigaci\u00f3n<\/title>\n<meta name=\"robots\" content=\"index, follow, max-snippet:-1, max-image-preview:large, max-video-preview:-1\" \/>\n<link rel=\"canonical\" href=\"https:\/\/cefi.es\/en\/tienda\/cursos-y-seminarios\/seminarios\/seminarios-sobre-competencia\/seminario-competencia-vision-practica-del-sector-farmaceutico\/\" \/>\n<meta property=\"og:locale\" content=\"en_US\" \/>\n<meta property=\"og:type\" content=\"article\" \/>\n<meta property=\"og:title\" content=\"Seminario competencia: Visi\u00f3n pr\u00e1ctica del sector farmac\u00e9utico - Centro de estudios para el fomento de la investigaci\u00f3n\" \/>\n<meta property=\"og:description\" content=\"Seminario competencia: Visi\u00f3n pr\u00e1ctica del sector farmac\u00e9utico.\" \/>\n<meta property=\"og:url\" content=\"https:\/\/cefi.es\/en\/tienda\/cursos-y-seminarios\/seminarios\/seminarios-sobre-competencia\/seminario-competencia-vision-practica-del-sector-farmaceutico\/\" \/>\n<meta property=\"og:site_name\" content=\"Centro de estudios para el fomento de la investigaci\u00f3n\" \/>\n<meta property=\"article:modified_time\" content=\"2020-02-11T12:34:08+00:00\" \/>\n<meta property=\"og:image\" content=\"https:\/\/cefi.es\/wp-contenido\/uploads\/2019\/12\/COMPETENCIA-VISION-PRACTICA-DEL-SECTOR-FARMACEUTICO-9_6_2015.jpg\" \/>\n\t<meta property=\"og:image:width\" content=\"1440\" \/>\n\t<meta property=\"og:image:height\" content=\"890\" \/>\n\t<meta property=\"og:image:type\" content=\"image\/jpeg\" \/>\n<meta name=\"twitter:card\" content=\"summary_large_image\" \/>\n<meta name=\"twitter:label1\" content=\"Est. reading time\" \/>\n\t<meta name=\"twitter:data1\" content=\"1 minute\" \/>\n<script type=\"application\/ld+json\" class=\"yoast-schema-graph\">{\"@context\":\"https:\\\/\\\/schema.org\",\"@graph\":[{\"@type\":\"WebPage\",\"@id\":\"https:\\\/\\\/cefi.es\\\/en\\\/tienda\\\/cursos-y-seminarios\\\/seminarios\\\/seminarios-sobre-competencia\\\/seminario-competencia-vision-practica-del-sector-farmaceutico\\\/\",\"url\":\"https:\\\/\\\/cefi.es\\\/en\\\/tienda\\\/cursos-y-seminarios\\\/seminarios\\\/seminarios-sobre-competencia\\\/seminario-competencia-vision-practica-del-sector-farmaceutico\\\/\",\"name\":\"Seminario competencia: Visi\u00f3n pr\u00e1ctica del sector farmac\u00e9utico - Centro de estudios para el fomento de la investigaci\u00f3n\",\"isPartOf\":{\"@id\":\"https:\\\/\\\/cefi.es\\\/en\\\/#website\"},\"primaryImageOfPage\":{\"@id\":\"https:\\\/\\\/cefi.es\\\/en\\\/tienda\\\/cursos-y-seminarios\\\/seminarios\\\/seminarios-sobre-competencia\\\/seminario-competencia-vision-practica-del-sector-farmaceutico\\\/#primaryimage\"},\"image\":{\"@id\":\"https:\\\/\\\/cefi.es\\\/en\\\/tienda\\\/cursos-y-seminarios\\\/seminarios\\\/seminarios-sobre-competencia\\\/seminario-competencia-vision-practica-del-sector-farmaceutico\\\/#primaryimage\"},\"thumbnailUrl\":\"https:\\\/\\\/cefi.es\\\/wp-contenido\\\/uploads\\\/2019\\\/12\\\/COMPETENCIA-VISION-PRACTICA-DEL-SECTOR-FARMACEUTICO-9_6_2015.jpg\",\"datePublished\":\"2015-06-09T17:27:30+00:00\",\"dateModified\":\"2020-02-11T12:34:08+00:00\",\"breadcrumb\":{\"@id\":\"https:\\\/\\\/cefi.es\\\/en\\\/tienda\\\/cursos-y-seminarios\\\/seminarios\\\/seminarios-sobre-competencia\\\/seminario-competencia-vision-practica-del-sector-farmaceutico\\\/#breadcrumb\"},\"inLanguage\":\"en-US\",\"potentialAction\":[{\"@type\":\"ReadAction\",\"target\":[\"https:\\\/\\\/cefi.es\\\/en\\\/tienda\\\/cursos-y-seminarios\\\/seminarios\\\/seminarios-sobre-competencia\\\/seminario-competencia-vision-practica-del-sector-farmaceutico\\\/\"]}]},{\"@type\":\"ImageObject\",\"inLanguage\":\"en-US\",\"@id\":\"https:\\\/\\\/cefi.es\\\/en\\\/tienda\\\/cursos-y-seminarios\\\/seminarios\\\/seminarios-sobre-competencia\\\/seminario-competencia-vision-practica-del-sector-farmaceutico\\\/#primaryimage\",\"url\":\"https:\\\/\\\/cefi.es\\\/wp-contenido\\\/uploads\\\/2019\\\/12\\\/COMPETENCIA-VISION-PRACTICA-DEL-SECTOR-FARMACEUTICO-9_6_2015.jpg\",\"contentUrl\":\"https:\\\/\\\/cefi.es\\\/wp-contenido\\\/uploads\\\/2019\\\/12\\\/COMPETENCIA-VISION-PRACTICA-DEL-SECTOR-FARMACEUTICO-9_6_2015.jpg\",\"width\":1440,\"height\":890},{\"@type\":\"BreadcrumbList\",\"@id\":\"https:\\\/\\\/cefi.es\\\/en\\\/tienda\\\/cursos-y-seminarios\\\/seminarios\\\/seminarios-sobre-competencia\\\/seminario-competencia-vision-practica-del-sector-farmaceutico\\\/#breadcrumb\",\"itemListElement\":[{\"@type\":\"ListItem\",\"position\":1,\"name\":\"Home\",\"item\":\"https:\\\/\\\/cefi.es\\\/en\\\/\"},{\"@type\":\"ListItem\",\"position\":2,\"name\":\"Products\",\"item\":\"https:\\\/\\\/cefi.es\\\/en\\\/shop\\\/\"},{\"@type\":\"ListItem\",\"position\":3,\"name\":\"Seminario competencia: Visi\u00f3n pr\u00e1ctica del sector farmac\u00e9utico\"}]},{\"@type\":\"WebSite\",\"@id\":\"https:\\\/\\\/cefi.es\\\/en\\\/#website\",\"url\":\"https:\\\/\\\/cefi.es\\\/en\\\/\",\"name\":\"Centro de estudios para el fomento de la investigaci\u00f3n\",\"description\":\"\",\"publisher\":{\"@id\":\"https:\\\/\\\/cefi.es\\\/en\\\/#organization\"},\"potentialAction\":[{\"@type\":\"SearchAction\",\"target\":{\"@type\":\"EntryPoint\",\"urlTemplate\":\"https:\\\/\\\/cefi.es\\\/en\\\/?s={search_term_string}\"},\"query-input\":{\"@type\":\"PropertyValueSpecification\",\"valueRequired\":true,\"valueName\":\"search_term_string\"}}],\"inLanguage\":\"en-US\"},{\"@type\":\"Organization\",\"@id\":\"https:\\\/\\\/cefi.es\\\/en\\\/#organization\",\"name\":\"Fundacion CeFi. Propiedad industrial e intelectual\",\"url\":\"https:\\\/\\\/cefi.es\\\/en\\\/\",\"logo\":{\"@type\":\"ImageObject\",\"inLanguage\":\"en-US\",\"@id\":\"https:\\\/\\\/cefi.es\\\/en\\\/#\\\/schema\\\/logo\\\/image\\\/\",\"url\":\"https:\\\/\\\/cefi.es\\\/wp-contenido\\\/uploads\\\/2019\\\/12\\\/cropped-favicon-3.png\",\"contentUrl\":\"https:\\\/\\\/cefi.es\\\/wp-contenido\\\/uploads\\\/2019\\\/12\\\/cropped-favicon-3.png\",\"width\":512,\"height\":512,\"caption\":\"Fundacion CeFi. Propiedad industrial e intelectual\"},\"image\":{\"@id\":\"https:\\\/\\\/cefi.es\\\/en\\\/#\\\/schema\\\/logo\\\/image\\\/\"}}]}<\/script>\n<!-- \/ Yoast SEO plugin. -->","yoast_head_json":{"title":"Seminario competencia: Visi\u00f3n pr\u00e1ctica del sector farmac\u00e9utico - Centro de estudios para el fomento de la investigaci\u00f3n","robots":{"index":"index","follow":"follow","max-snippet":"max-snippet:-1","max-image-preview":"max-image-preview:large","max-video-preview":"max-video-preview:-1"},"canonical":"https:\/\/cefi.es\/en\/tienda\/cursos-y-seminarios\/seminarios\/seminarios-sobre-competencia\/seminario-competencia-vision-practica-del-sector-farmaceutico\/","og_locale":"en_US","og_type":"article","og_title":"Seminario competencia: Visi\u00f3n pr\u00e1ctica del sector farmac\u00e9utico - Centro de estudios para el fomento de la investigaci\u00f3n","og_description":"Seminario competencia: Visi\u00f3n pr\u00e1ctica del sector farmac\u00e9utico.","og_url":"https:\/\/cefi.es\/en\/tienda\/cursos-y-seminarios\/seminarios\/seminarios-sobre-competencia\/seminario-competencia-vision-practica-del-sector-farmaceutico\/","og_site_name":"Centro de estudios para el fomento de la investigaci\u00f3n","article_modified_time":"2020-02-11T12:34:08+00:00","og_image":[{"width":1440,"height":890,"url":"https:\/\/cefi.es\/wp-contenido\/uploads\/2019\/12\/COMPETENCIA-VISION-PRACTICA-DEL-SECTOR-FARMACEUTICO-9_6_2015.jpg","type":"image\/jpeg"}],"twitter_card":"summary_large_image","twitter_misc":{"Est. reading time":"1 minute"},"schema":{"@context":"https:\/\/schema.org","@graph":[{"@type":"WebPage","@id":"https:\/\/cefi.es\/en\/tienda\/cursos-y-seminarios\/seminarios\/seminarios-sobre-competencia\/seminario-competencia-vision-practica-del-sector-farmaceutico\/","url":"https:\/\/cefi.es\/en\/tienda\/cursos-y-seminarios\/seminarios\/seminarios-sobre-competencia\/seminario-competencia-vision-practica-del-sector-farmaceutico\/","name":"Seminario competencia: Visi\u00f3n pr\u00e1ctica del sector farmac\u00e9utico - Centro de estudios para el fomento de la investigaci\u00f3n","isPartOf":{"@id":"https:\/\/cefi.es\/en\/#website"},"primaryImageOfPage":{"@id":"https:\/\/cefi.es\/en\/tienda\/cursos-y-seminarios\/seminarios\/seminarios-sobre-competencia\/seminario-competencia-vision-practica-del-sector-farmaceutico\/#primaryimage"},"image":{"@id":"https:\/\/cefi.es\/en\/tienda\/cursos-y-seminarios\/seminarios\/seminarios-sobre-competencia\/seminario-competencia-vision-practica-del-sector-farmaceutico\/#primaryimage"},"thumbnailUrl":"https:\/\/cefi.es\/wp-contenido\/uploads\/2019\/12\/COMPETENCIA-VISION-PRACTICA-DEL-SECTOR-FARMACEUTICO-9_6_2015.jpg","datePublished":"2015-06-09T17:27:30+00:00","dateModified":"2020-02-11T12:34:08+00:00","breadcrumb":{"@id":"https:\/\/cefi.es\/en\/tienda\/cursos-y-seminarios\/seminarios\/seminarios-sobre-competencia\/seminario-competencia-vision-practica-del-sector-farmaceutico\/#breadcrumb"},"inLanguage":"en-US","potentialAction":[{"@type":"ReadAction","target":["https:\/\/cefi.es\/en\/tienda\/cursos-y-seminarios\/seminarios\/seminarios-sobre-competencia\/seminario-competencia-vision-practica-del-sector-farmaceutico\/"]}]},{"@type":"ImageObject","inLanguage":"en-US","@id":"https:\/\/cefi.es\/en\/tienda\/cursos-y-seminarios\/seminarios\/seminarios-sobre-competencia\/seminario-competencia-vision-practica-del-sector-farmaceutico\/#primaryimage","url":"https:\/\/cefi.es\/wp-contenido\/uploads\/2019\/12\/COMPETENCIA-VISION-PRACTICA-DEL-SECTOR-FARMACEUTICO-9_6_2015.jpg","contentUrl":"https:\/\/cefi.es\/wp-contenido\/uploads\/2019\/12\/COMPETENCIA-VISION-PRACTICA-DEL-SECTOR-FARMACEUTICO-9_6_2015.jpg","width":1440,"height":890},{"@type":"BreadcrumbList","@id":"https:\/\/cefi.es\/en\/tienda\/cursos-y-seminarios\/seminarios\/seminarios-sobre-competencia\/seminario-competencia-vision-practica-del-sector-farmaceutico\/#breadcrumb","itemListElement":[{"@type":"ListItem","position":1,"name":"Home","item":"https:\/\/cefi.es\/en\/"},{"@type":"ListItem","position":2,"name":"Products","item":"https:\/\/cefi.es\/en\/shop\/"},{"@type":"ListItem","position":3,"name":"Seminario competencia: Visi\u00f3n pr\u00e1ctica del sector farmac\u00e9utico"}]},{"@type":"WebSite","@id":"https:\/\/cefi.es\/en\/#website","url":"https:\/\/cefi.es\/en\/","name":"Centro de estudios para el fomento de la investigaci\u00f3n","description":"","publisher":{"@id":"https:\/\/cefi.es\/en\/#organization"},"potentialAction":[{"@type":"SearchAction","target":{"@type":"EntryPoint","urlTemplate":"https:\/\/cefi.es\/en\/?s={search_term_string}"},"query-input":{"@type":"PropertyValueSpecification","valueRequired":true,"valueName":"search_term_string"}}],"inLanguage":"en-US"},{"@type":"Organization","@id":"https:\/\/cefi.es\/en\/#organization","name":"Fundacion CeFi. Propiedad industrial e intelectual","url":"https:\/\/cefi.es\/en\/","logo":{"@type":"ImageObject","inLanguage":"en-US","@id":"https:\/\/cefi.es\/en\/#\/schema\/logo\/image\/","url":"https:\/\/cefi.es\/wp-contenido\/uploads\/2019\/12\/cropped-favicon-3.png","contentUrl":"https:\/\/cefi.es\/wp-contenido\/uploads\/2019\/12\/cropped-favicon-3.png","width":512,"height":512,"caption":"Fundacion CeFi. Propiedad industrial e intelectual"},"image":{"@id":"https:\/\/cefi.es\/en\/#\/schema\/logo\/image\/"}}]}},"_links":{"self":[{"href":"https:\/\/cefi.es\/en\/wp-json\/wp\/v2\/product\/5909","targetHints":{"allow":["GET"]}}],"collection":[{"href":"https:\/\/cefi.es\/en\/wp-json\/wp\/v2\/product"}],"about":[{"href":"https:\/\/cefi.es\/en\/wp-json\/wp\/v2\/types\/product"}],"version-history":[{"count":5,"href":"https:\/\/cefi.es\/en\/wp-json\/wp\/v2\/product\/5909\/revisions"}],"predecessor-version":[{"id":6811,"href":"https:\/\/cefi.es\/en\/wp-json\/wp\/v2\/product\/5909\/revisions\/6811"}],"wp:featuredmedia":[{"embeddable":true,"href":"https:\/\/cefi.es\/en\/wp-json\/wp\/v2\/media\/5797"}],"wp:attachment":[{"href":"https:\/\/cefi.es\/en\/wp-json\/wp\/v2\/media?parent=5909"}],"wp:term":[{"taxonomy":"product_brand","embeddable":true,"href":"https:\/\/cefi.es\/en\/wp-json\/wp\/v2\/product_brand?post=5909"},{"taxonomy":"product_cat","embeddable":true,"href":"https:\/\/cefi.es\/en\/wp-json\/wp\/v2\/product_cat?post=5909"},{"taxonomy":"product_tag","embeddable":true,"href":"https:\/\/cefi.es\/en\/wp-json\/wp\/v2\/product_tag?post=5909"}],"curies":[{"name":"wp","href":"https:\/\/api.w.org\/{rel}","templated":true}]}}