{"id":5907,"date":"2015-11-10T17:11:39","date_gmt":"2015-11-10T17:11:39","guid":{"rendered":"http:\/\/www.cefi.es\/?post_type=product&#038;p=5907"},"modified":"2020-02-11T12:32:13","modified_gmt":"2020-02-11T12:32:13","slug":"seminario-innovacion-aspectos-tecnologicos-y-juridicos","status":"publish","type":"product","link":"https:\/\/cefi.es\/en\/tienda\/cursos-y-seminarios\/seminarios\/seminarios-sobre-innovacion-y-propiedad-industrial\/seminario-innovacion-aspectos-tecnologicos-y-juridicos\/","title":{"rendered":"Seminario innovaci\u00f3n: Aspectos tecnol\u00f3gicos y jur\u00eddicos"},"content":{"rendered":"<table>\n<tbody>\n<tr>\n<td><strong>10:30 &#8211; 11:00<\/strong><\/td>\n<td>\n<h5>Recepci\u00f3n de asistentes y entrega de documentaci\u00f3n<\/h5>\n<\/td>\n<\/tr>\n<tr>\n<td><strong>11:00 &#8211; 12:00<\/strong><\/td>\n<td>\n<h5>NUEVOS CANALES DE INFORMACI\u00d3N Y FORMACI\u00d3N<\/h5>\n<p><strong>Tecnolog\u00edas aplicadas a la efectividad redes de ventas (GPS\/control de actividad).<\/strong><br \/>\nJos\u00e9 Ram\u00f3n Morales C\u00e1ceres.<br \/>\nSocio responsable \u00c1rea Tecnolog\u00eda y Outsourcing Garrigues<\/p>\n<p><strong>Visita m\u00e9dica virtual. E-detailing. Call centers.<\/strong><br \/>\nNoelia de Miguel S\u00e1nchez<br \/>\nDirectora \u00c1rea Derecho Farmac\u00e9utico y Sanitario. Tornos Abogados<\/td>\n<\/tr>\n<tr>\n<td><strong>12:00 &#8211; 13:00<\/strong><\/td>\n<td>\n<h5>NUEVAS HERRAMIENTAS DE GESTI\u00d3N. MEJORA EN EL CUMPLIMIENTO DEL TRATAMIENTO PRESCRITO Y PROGRAMAS DE ADHERENCIA<\/h5>\n<p><strong>SMS, email, voz, gaming. Mejora en el cumplimiento del tratamiento.<\/strong><\/p>\n<p><strong>Beneficios para el laboratorio: disminuci\u00f3n tasa abandono.<\/strong><\/p>\n<p><strong>Beneficios para el profesional: servicio de valor a\u00f1adido al paciente.<\/strong><\/p>\n<p><strong>Beneficios para el paciente: cumplimiento del tratamiento y mejora de la salud. Beneficios para las Autoridades sanitarias: menor gasto sanitario al reducirse reingresos y visitas.<\/strong><\/p>\n<p><strong>Apps sanitarias.<\/strong><br \/>\nAlejandro Touri\u00f1o Pena<br \/>\nSocio \u00c9cija<\/td>\n<\/tr>\n<tr>\n<td><strong>13:00 &#8211; 14:00<\/strong><\/td>\n<td>\n<h5>MEDIOS SOCIALES Y FARMA. USO DE LAS REDES SOCIALES POR PARTE DE LAS COMPA\u00d1\u00cdAS Y LOS EMPLEADOS. PROTOCOLOS INTERNOS. L\u00cdMITES. PROMOCI\u00d3N<\/h5>\n<p><strong>L\u00edmites. Actuaci\u00f3n como persona privada\/actuaci\u00f3n como empleado. Marca personal, profesional y corporativa.<\/strong><br \/>\nIsabela Crespo Vitorique<br \/>\nAsociada Senior Dpto. Propiedad Industrial y Tecnolog\u00eda. G\u00f3mez-Acebo &amp; Pombo<\/p>\n<p><strong>Protocolos internos, L\u00edmites.<\/strong><br \/>\nMontserrat Tarr\u00e9s Ferr\u00e1n.<br \/>\nDirectora de Comunicaci\u00f3n Novartis<\/td>\n<\/tr>\n<tr>\n<td><strong>14:00 &#8211; 15:00<\/strong><\/td>\n<td>\n<h5>C\u00d3CTEL<\/h5>\n<\/td>\n<\/tr>\n<tr>\n<td><strong>15:00 &#8211; 16:30<\/strong><\/td>\n<td>\n<h5>PROMOCI\u00d3N Y PUBLICIDAD. NUEVOS MEDIOS, SOPORTES Y CANALES DE COMUNICACI\u00d3N<\/h5>\n<p><strong>Art. 8 entorno digital. C\u00f3digo Buenas Pr\u00e1cticas de la industria farmac\u00e9utica<\/strong><br \/>\nBeatriz Lozano Mu\u00f1oz<br \/>\nDirectora de Comunicaci\u00f3n Roche<\/p>\n<p><strong>Gu\u00eda para la publicidad de medicamentos en Catalu\u00f1a<\/strong><br \/>\nM\u00aa Jos\u00e9 Gaspar i Caro<br \/>\nJefa del Servicio de Planificaci\u00f3n Farmac\u00e9utica. DG de Ordenaci\u00f3n y Regulaci\u00f3n Sanitaria. Generalitat de Catalunya<\/p>\n<p><strong>Nuevos canales de comunicaci\u00f3n con el paciente. Plataformas y Redes sociales de pacientes.<\/strong><br \/>\nManuel Riquelme P\u00e9rez<br \/>\nDirector de desarrollo de negocio. Sur Europa. People Who Global<\/td>\n<\/tr>\n<tr>\n<td><strong>16:30 &#8211; 17:15<\/strong><\/td>\n<td>\n<h5>FIRMA ELECTR\u00d3NICA EN SALUD<\/h5>\n<p><strong>Firma electr\u00f3nica para contratos y consentimientos. Originales vs. versiones electr\u00f3nicas de documentos \u00bfEn qu\u00e9 tipo de documentos? \u00bfCon qu\u00e9 medidas tecnol\u00f3gicas para ser fiables? \u00bfLo permiten las normas de ensayos cl\u00ednicos? \u00bfLo aceptan las autoridades? \u00bfTodas? Protecci\u00f3n de datos y firma electr\u00f3nica.<\/strong><br \/>\nMart\u00ed Manent<br \/>\nCEO derecho.com<\/td>\n<\/tr>\n<tr>\n<td><strong>17:30 &#8211; 18:00<\/strong><\/td>\n<td>\n<h5>TRAZABILIDAD<\/h5>\n<p><strong>Data matrix<\/strong><br \/>\n\u00cdciar Sanz de Madrid<br \/>\nDirectora Dpto. Internacional Farmaindustria<\/td>\n<\/tr>\n<\/tbody>\n<\/table>\n","protected":false},"excerpt":{"rendered":"<p>Seminario innovaci\u00f3n: Aspectos tecnol\u00f3gicos y jur\u00eddicos.<\/p>\n","protected":false},"featured_media":5801,"template":"","meta":{"_acf_changed":false},"product_brand":[],"product_cat":[78,95],"product_tag":[],"class_list":{"0":"post-5907","1":"product","2":"type-product","3":"status-publish","4":"has-post-thumbnail","6":"product_cat-seminarios","7":"product_cat-seminarios-sobre-innovacion-y-propiedad-industrial","9":"first","10":"outofstock","11":"virtual","12":"taxable","13":"purchasable","14":"product-type-simple"},"acf":[],"yoast_head":"<!-- This site is optimized with the Yoast SEO plugin v27.5 - https:\/\/yoast.com\/product\/yoast-seo-wordpress\/ -->\n<title>Seminario innovaci\u00f3n: Aspectos tecnol\u00f3gicos y jur\u00eddicos - Centro de estudios para el fomento de la investigaci\u00f3n<\/title>\n<meta name=\"robots\" content=\"index, follow, max-snippet:-1, max-image-preview:large, max-video-preview:-1\" \/>\n<link rel=\"canonical\" href=\"https:\/\/cefi.es\/en\/tienda\/cursos-y-seminarios\/seminarios\/seminarios-sobre-innovacion-y-propiedad-industrial\/seminario-innovacion-aspectos-tecnologicos-y-juridicos\/\" \/>\n<meta property=\"og:locale\" content=\"en_US\" \/>\n<meta property=\"og:type\" content=\"article\" \/>\n<meta property=\"og:title\" content=\"Seminario innovaci\u00f3n: Aspectos tecnol\u00f3gicos y jur\u00eddicos - Centro de estudios para el fomento de la investigaci\u00f3n\" \/>\n<meta property=\"og:description\" content=\"Seminario innovaci\u00f3n: Aspectos tecnol\u00f3gicos y jur\u00eddicos.\" \/>\n<meta property=\"og:url\" content=\"https:\/\/cefi.es\/en\/tienda\/cursos-y-seminarios\/seminarios\/seminarios-sobre-innovacion-y-propiedad-industrial\/seminario-innovacion-aspectos-tecnologicos-y-juridicos\/\" \/>\n<meta property=\"og:site_name\" content=\"Centro de estudios para el fomento de la investigaci\u00f3n\" \/>\n<meta property=\"article:modified_time\" content=\"2020-02-11T12:32:13+00:00\" \/>\n<meta property=\"og:image\" content=\"https:\/\/cefi.es\/wp-contenido\/uploads\/2019\/12\/SEMINARIO-INNOVACION-ASPECTOS-TECNOLOGICOS-Y-JURIDICOS-10_11_2015.jpg\" \/>\n\t<meta property=\"og:image:width\" content=\"1440\" \/>\n\t<meta property=\"og:image:height\" content=\"890\" \/>\n\t<meta property=\"og:image:type\" content=\"image\/jpeg\" \/>\n<meta name=\"twitter:card\" content=\"summary_large_image\" \/>\n<meta name=\"twitter:label1\" content=\"Est. reading time\" \/>\n\t<meta name=\"twitter:data1\" content=\"2 minutes\" \/>\n<script type=\"application\/ld+json\" class=\"yoast-schema-graph\">{\"@context\":\"https:\\\/\\\/schema.org\",\"@graph\":[{\"@type\":\"WebPage\",\"@id\":\"https:\\\/\\\/cefi.es\\\/en\\\/tienda\\\/cursos-y-seminarios\\\/seminarios\\\/seminarios-sobre-innovacion-y-propiedad-industrial\\\/seminario-innovacion-aspectos-tecnologicos-y-juridicos\\\/\",\"url\":\"https:\\\/\\\/cefi.es\\\/en\\\/tienda\\\/cursos-y-seminarios\\\/seminarios\\\/seminarios-sobre-innovacion-y-propiedad-industrial\\\/seminario-innovacion-aspectos-tecnologicos-y-juridicos\\\/\",\"name\":\"Seminario innovaci\u00f3n: Aspectos tecnol\u00f3gicos y jur\u00eddicos - Centro de estudios para el fomento de la investigaci\u00f3n\",\"isPartOf\":{\"@id\":\"https:\\\/\\\/cefi.es\\\/en\\\/#website\"},\"primaryImageOfPage\":{\"@id\":\"https:\\\/\\\/cefi.es\\\/en\\\/tienda\\\/cursos-y-seminarios\\\/seminarios\\\/seminarios-sobre-innovacion-y-propiedad-industrial\\\/seminario-innovacion-aspectos-tecnologicos-y-juridicos\\\/#primaryimage\"},\"image\":{\"@id\":\"https:\\\/\\\/cefi.es\\\/en\\\/tienda\\\/cursos-y-seminarios\\\/seminarios\\\/seminarios-sobre-innovacion-y-propiedad-industrial\\\/seminario-innovacion-aspectos-tecnologicos-y-juridicos\\\/#primaryimage\"},\"thumbnailUrl\":\"https:\\\/\\\/cefi.es\\\/wp-contenido\\\/uploads\\\/2019\\\/12\\\/SEMINARIO-INNOVACION-ASPECTOS-TECNOLOGICOS-Y-JURIDICOS-10_11_2015.jpg\",\"datePublished\":\"2015-11-10T17:11:39+00:00\",\"dateModified\":\"2020-02-11T12:32:13+00:00\",\"breadcrumb\":{\"@id\":\"https:\\\/\\\/cefi.es\\\/en\\\/tienda\\\/cursos-y-seminarios\\\/seminarios\\\/seminarios-sobre-innovacion-y-propiedad-industrial\\\/seminario-innovacion-aspectos-tecnologicos-y-juridicos\\\/#breadcrumb\"},\"inLanguage\":\"en-US\",\"potentialAction\":[{\"@type\":\"ReadAction\",\"target\":[\"https:\\\/\\\/cefi.es\\\/en\\\/tienda\\\/cursos-y-seminarios\\\/seminarios\\\/seminarios-sobre-innovacion-y-propiedad-industrial\\\/seminario-innovacion-aspectos-tecnologicos-y-juridicos\\\/\"]}]},{\"@type\":\"ImageObject\",\"inLanguage\":\"en-US\",\"@id\":\"https:\\\/\\\/cefi.es\\\/en\\\/tienda\\\/cursos-y-seminarios\\\/seminarios\\\/seminarios-sobre-innovacion-y-propiedad-industrial\\\/seminario-innovacion-aspectos-tecnologicos-y-juridicos\\\/#primaryimage\",\"url\":\"https:\\\/\\\/cefi.es\\\/wp-contenido\\\/uploads\\\/2019\\\/12\\\/SEMINARIO-INNOVACION-ASPECTOS-TECNOLOGICOS-Y-JURIDICOS-10_11_2015.jpg\",\"contentUrl\":\"https:\\\/\\\/cefi.es\\\/wp-contenido\\\/uploads\\\/2019\\\/12\\\/SEMINARIO-INNOVACION-ASPECTOS-TECNOLOGICOS-Y-JURIDICOS-10_11_2015.jpg\",\"width\":1440,\"height\":890},{\"@type\":\"BreadcrumbList\",\"@id\":\"https:\\\/\\\/cefi.es\\\/en\\\/tienda\\\/cursos-y-seminarios\\\/seminarios\\\/seminarios-sobre-innovacion-y-propiedad-industrial\\\/seminario-innovacion-aspectos-tecnologicos-y-juridicos\\\/#breadcrumb\",\"itemListElement\":[{\"@type\":\"ListItem\",\"position\":1,\"name\":\"Home\",\"item\":\"https:\\\/\\\/cefi.es\\\/en\\\/\"},{\"@type\":\"ListItem\",\"position\":2,\"name\":\"Products\",\"item\":\"https:\\\/\\\/cefi.es\\\/en\\\/shop\\\/\"},{\"@type\":\"ListItem\",\"position\":3,\"name\":\"Seminario innovaci\u00f3n: Aspectos tecnol\u00f3gicos y jur\u00eddicos\"}]},{\"@type\":\"WebSite\",\"@id\":\"https:\\\/\\\/cefi.es\\\/en\\\/#website\",\"url\":\"https:\\\/\\\/cefi.es\\\/en\\\/\",\"name\":\"Centro de estudios para el fomento de la investigaci\u00f3n\",\"description\":\"\",\"publisher\":{\"@id\":\"https:\\\/\\\/cefi.es\\\/en\\\/#organization\"},\"potentialAction\":[{\"@type\":\"SearchAction\",\"target\":{\"@type\":\"EntryPoint\",\"urlTemplate\":\"https:\\\/\\\/cefi.es\\\/en\\\/?s={search_term_string}\"},\"query-input\":{\"@type\":\"PropertyValueSpecification\",\"valueRequired\":true,\"valueName\":\"search_term_string\"}}],\"inLanguage\":\"en-US\"},{\"@type\":\"Organization\",\"@id\":\"https:\\\/\\\/cefi.es\\\/en\\\/#organization\",\"name\":\"Fundacion CeFi. Propiedad industrial e intelectual\",\"url\":\"https:\\\/\\\/cefi.es\\\/en\\\/\",\"logo\":{\"@type\":\"ImageObject\",\"inLanguage\":\"en-US\",\"@id\":\"https:\\\/\\\/cefi.es\\\/en\\\/#\\\/schema\\\/logo\\\/image\\\/\",\"url\":\"https:\\\/\\\/cefi.es\\\/wp-contenido\\\/uploads\\\/2019\\\/12\\\/cropped-favicon-3.png\",\"contentUrl\":\"https:\\\/\\\/cefi.es\\\/wp-contenido\\\/uploads\\\/2019\\\/12\\\/cropped-favicon-3.png\",\"width\":512,\"height\":512,\"caption\":\"Fundacion CeFi. Propiedad industrial e intelectual\"},\"image\":{\"@id\":\"https:\\\/\\\/cefi.es\\\/en\\\/#\\\/schema\\\/logo\\\/image\\\/\"}}]}<\/script>\n<!-- \/ Yoast SEO plugin. -->","yoast_head_json":{"title":"Seminario innovaci\u00f3n: Aspectos tecnol\u00f3gicos y jur\u00eddicos - Centro de estudios para el fomento de la investigaci\u00f3n","robots":{"index":"index","follow":"follow","max-snippet":"max-snippet:-1","max-image-preview":"max-image-preview:large","max-video-preview":"max-video-preview:-1"},"canonical":"https:\/\/cefi.es\/en\/tienda\/cursos-y-seminarios\/seminarios\/seminarios-sobre-innovacion-y-propiedad-industrial\/seminario-innovacion-aspectos-tecnologicos-y-juridicos\/","og_locale":"en_US","og_type":"article","og_title":"Seminario innovaci\u00f3n: Aspectos tecnol\u00f3gicos y jur\u00eddicos - Centro de estudios para el fomento de la investigaci\u00f3n","og_description":"Seminario innovaci\u00f3n: Aspectos tecnol\u00f3gicos y jur\u00eddicos.","og_url":"https:\/\/cefi.es\/en\/tienda\/cursos-y-seminarios\/seminarios\/seminarios-sobre-innovacion-y-propiedad-industrial\/seminario-innovacion-aspectos-tecnologicos-y-juridicos\/","og_site_name":"Centro de estudios para el fomento de la investigaci\u00f3n","article_modified_time":"2020-02-11T12:32:13+00:00","og_image":[{"width":1440,"height":890,"url":"https:\/\/cefi.es\/wp-contenido\/uploads\/2019\/12\/SEMINARIO-INNOVACION-ASPECTOS-TECNOLOGICOS-Y-JURIDICOS-10_11_2015.jpg","type":"image\/jpeg"}],"twitter_card":"summary_large_image","twitter_misc":{"Est. reading time":"2 minutes"},"schema":{"@context":"https:\/\/schema.org","@graph":[{"@type":"WebPage","@id":"https:\/\/cefi.es\/en\/tienda\/cursos-y-seminarios\/seminarios\/seminarios-sobre-innovacion-y-propiedad-industrial\/seminario-innovacion-aspectos-tecnologicos-y-juridicos\/","url":"https:\/\/cefi.es\/en\/tienda\/cursos-y-seminarios\/seminarios\/seminarios-sobre-innovacion-y-propiedad-industrial\/seminario-innovacion-aspectos-tecnologicos-y-juridicos\/","name":"Seminario innovaci\u00f3n: Aspectos tecnol\u00f3gicos y jur\u00eddicos - Centro de estudios para el fomento de la investigaci\u00f3n","isPartOf":{"@id":"https:\/\/cefi.es\/en\/#website"},"primaryImageOfPage":{"@id":"https:\/\/cefi.es\/en\/tienda\/cursos-y-seminarios\/seminarios\/seminarios-sobre-innovacion-y-propiedad-industrial\/seminario-innovacion-aspectos-tecnologicos-y-juridicos\/#primaryimage"},"image":{"@id":"https:\/\/cefi.es\/en\/tienda\/cursos-y-seminarios\/seminarios\/seminarios-sobre-innovacion-y-propiedad-industrial\/seminario-innovacion-aspectos-tecnologicos-y-juridicos\/#primaryimage"},"thumbnailUrl":"https:\/\/cefi.es\/wp-contenido\/uploads\/2019\/12\/SEMINARIO-INNOVACION-ASPECTOS-TECNOLOGICOS-Y-JURIDICOS-10_11_2015.jpg","datePublished":"2015-11-10T17:11:39+00:00","dateModified":"2020-02-11T12:32:13+00:00","breadcrumb":{"@id":"https:\/\/cefi.es\/en\/tienda\/cursos-y-seminarios\/seminarios\/seminarios-sobre-innovacion-y-propiedad-industrial\/seminario-innovacion-aspectos-tecnologicos-y-juridicos\/#breadcrumb"},"inLanguage":"en-US","potentialAction":[{"@type":"ReadAction","target":["https:\/\/cefi.es\/en\/tienda\/cursos-y-seminarios\/seminarios\/seminarios-sobre-innovacion-y-propiedad-industrial\/seminario-innovacion-aspectos-tecnologicos-y-juridicos\/"]}]},{"@type":"ImageObject","inLanguage":"en-US","@id":"https:\/\/cefi.es\/en\/tienda\/cursos-y-seminarios\/seminarios\/seminarios-sobre-innovacion-y-propiedad-industrial\/seminario-innovacion-aspectos-tecnologicos-y-juridicos\/#primaryimage","url":"https:\/\/cefi.es\/wp-contenido\/uploads\/2019\/12\/SEMINARIO-INNOVACION-ASPECTOS-TECNOLOGICOS-Y-JURIDICOS-10_11_2015.jpg","contentUrl":"https:\/\/cefi.es\/wp-contenido\/uploads\/2019\/12\/SEMINARIO-INNOVACION-ASPECTOS-TECNOLOGICOS-Y-JURIDICOS-10_11_2015.jpg","width":1440,"height":890},{"@type":"BreadcrumbList","@id":"https:\/\/cefi.es\/en\/tienda\/cursos-y-seminarios\/seminarios\/seminarios-sobre-innovacion-y-propiedad-industrial\/seminario-innovacion-aspectos-tecnologicos-y-juridicos\/#breadcrumb","itemListElement":[{"@type":"ListItem","position":1,"name":"Home","item":"https:\/\/cefi.es\/en\/"},{"@type":"ListItem","position":2,"name":"Products","item":"https:\/\/cefi.es\/en\/shop\/"},{"@type":"ListItem","position":3,"name":"Seminario innovaci\u00f3n: Aspectos tecnol\u00f3gicos y jur\u00eddicos"}]},{"@type":"WebSite","@id":"https:\/\/cefi.es\/en\/#website","url":"https:\/\/cefi.es\/en\/","name":"Centro de estudios para el fomento de la investigaci\u00f3n","description":"","publisher":{"@id":"https:\/\/cefi.es\/en\/#organization"},"potentialAction":[{"@type":"SearchAction","target":{"@type":"EntryPoint","urlTemplate":"https:\/\/cefi.es\/en\/?s={search_term_string}"},"query-input":{"@type":"PropertyValueSpecification","valueRequired":true,"valueName":"search_term_string"}}],"inLanguage":"en-US"},{"@type":"Organization","@id":"https:\/\/cefi.es\/en\/#organization","name":"Fundacion CeFi. Propiedad industrial e intelectual","url":"https:\/\/cefi.es\/en\/","logo":{"@type":"ImageObject","inLanguage":"en-US","@id":"https:\/\/cefi.es\/en\/#\/schema\/logo\/image\/","url":"https:\/\/cefi.es\/wp-contenido\/uploads\/2019\/12\/cropped-favicon-3.png","contentUrl":"https:\/\/cefi.es\/wp-contenido\/uploads\/2019\/12\/cropped-favicon-3.png","width":512,"height":512,"caption":"Fundacion CeFi. Propiedad industrial e intelectual"},"image":{"@id":"https:\/\/cefi.es\/en\/#\/schema\/logo\/image\/"}}]}},"_links":{"self":[{"href":"https:\/\/cefi.es\/en\/wp-json\/wp\/v2\/product\/5907","targetHints":{"allow":["GET"]}}],"collection":[{"href":"https:\/\/cefi.es\/en\/wp-json\/wp\/v2\/product"}],"about":[{"href":"https:\/\/cefi.es\/en\/wp-json\/wp\/v2\/types\/product"}],"version-history":[{"count":3,"href":"https:\/\/cefi.es\/en\/wp-json\/wp\/v2\/product\/5907\/revisions"}],"predecessor-version":[{"id":6805,"href":"https:\/\/cefi.es\/en\/wp-json\/wp\/v2\/product\/5907\/revisions\/6805"}],"wp:featuredmedia":[{"embeddable":true,"href":"https:\/\/cefi.es\/en\/wp-json\/wp\/v2\/media\/5801"}],"wp:attachment":[{"href":"https:\/\/cefi.es\/en\/wp-json\/wp\/v2\/media?parent=5907"}],"wp:term":[{"taxonomy":"product_brand","embeddable":true,"href":"https:\/\/cefi.es\/en\/wp-json\/wp\/v2\/product_brand?post=5907"},{"taxonomy":"product_cat","embeddable":true,"href":"https:\/\/cefi.es\/en\/wp-json\/wp\/v2\/product_cat?post=5907"},{"taxonomy":"product_tag","embeddable":true,"href":"https:\/\/cefi.es\/en\/wp-json\/wp\/v2\/product_tag?post=5907"}],"curies":[{"name":"wp","href":"https:\/\/api.w.org\/{rel}","templated":true}]}}