{"id":5899,"date":"2015-05-19T16:57:28","date_gmt":"2015-05-19T16:57:28","guid":{"rendered":"http:\/\/www.cefi.es\/?post_type=product&#038;p=5899"},"modified":"2020-02-11T12:29:16","modified_gmt":"2020-02-11T12:29:16","slug":"seminario-online-vision-practica-de-la-reforma-del-codigo-penal-en-el-sector-farmaceutico","status":"publish","type":"product","link":"https:\/\/cefi.es\/en\/tienda\/cursos-y-seminarios\/seminarios\/seminarios-online\/seminario-online-vision-practica-de-la-reforma-del-codigo-penal-en-el-sector-farmaceutico\/","title":{"rendered":"Seminario online visi\u00f3n pr\u00e1ctica de la reforma del c\u00f3digo penal en el sector farmac\u00e9utico"},"content":{"rendered":"<h5>PONENTE:<\/h5>\n<p><strong>CARLOS SAIZ DI\u0301AZ<\/strong><br \/>\nAbogado socio responsable A\u0301rea Penal Go\u0301mez-Acebo &amp; Pombo<br \/>\nLicenciado en Derecho por la Universidad Complutense de Madrid (CEU, 1984).<br \/>\nPertenece a la Carrera Fiscal desde 1989. Fiscal en la Seccio\u0301n de Delincuencia Econo\u0301mica de la Fiscali\u0301a del Tribunal Superior de Justicia de Madrid (1996-2003).<br \/>\nMiembro de la Fiscali\u0301a Especial para la Represio\u0301n de los Delitos Econo\u0301micos relacionados con la Corrupcio\u0301n (2003).<br \/>\nEspecialidades. Litigacio\u0301n penal, delincuencia econo\u0301mica (delitos fiscales, societarios y patrimoniales), responsabilidad penal en el a\u0301mbito de la empresa, delitos contra la propiedad intelectual e industrial, delitos urbani\u0301sticos y medioambientales, imprudencias laborales.<\/p>\n<table>\n<tbody>\n<tr>\n<td><strong>09:30<\/strong><\/td>\n<td>VISIO\u0301N PRA\u0301CTICA DE LA REFORMA DEL CO\u0301DIGO PENAL.<\/td>\n<\/tr>\n<tr>\n<td><strong>10:00<\/strong><\/td>\n<td>PREGUNTAS<\/td>\n<\/tr>\n<\/tbody>\n<\/table>\n","protected":false},"excerpt":{"rendered":"<p>Seminario online visi\u00f3n pr\u00e1ctica de la reforma del c\u00f3digo penal en el sector farmac\u00e9utico.<\/p>\n","protected":false},"featured_media":5819,"template":"","meta":{"_acf_changed":false},"product_brand":[],"product_cat":[93,78],"product_tag":[],"class_list":{"0":"post-5899","1":"product","2":"type-product","3":"status-publish","4":"has-post-thumbnail","6":"product_cat-seminarios-online","7":"product_cat-seminarios","9":"first","10":"outofstock","11":"virtual","12":"taxable","13":"purchasable","14":"product-type-simple"},"acf":[],"yoast_head":"<!-- This site is optimized with the Yoast SEO plugin v27.5 - https:\/\/yoast.com\/product\/yoast-seo-wordpress\/ -->\n<title>Seminario online visi\u00f3n pr\u00e1ctica de la reforma del c\u00f3digo penal en el sector farmac\u00e9utico - Centro de estudios para el fomento de la investigaci\u00f3n<\/title>\n<meta name=\"robots\" content=\"index, follow, max-snippet:-1, max-image-preview:large, max-video-preview:-1\" \/>\n<link rel=\"canonical\" href=\"https:\/\/cefi.es\/en\/tienda\/cursos-y-seminarios\/seminarios\/seminarios-online\/seminario-online-vision-practica-de-la-reforma-del-codigo-penal-en-el-sector-farmaceutico\/\" \/>\n<meta property=\"og:locale\" content=\"en_US\" \/>\n<meta property=\"og:type\" content=\"article\" \/>\n<meta property=\"og:title\" content=\"Seminario online visi\u00f3n pr\u00e1ctica de la reforma del c\u00f3digo penal en el sector farmac\u00e9utico - Centro de estudios para el fomento de la investigaci\u00f3n\" \/>\n<meta property=\"og:description\" content=\"Seminario online visi\u00f3n pr\u00e1ctica de la reforma del c\u00f3digo penal en el sector farmac\u00e9utico.\" \/>\n<meta property=\"og:url\" content=\"https:\/\/cefi.es\/en\/tienda\/cursos-y-seminarios\/seminarios\/seminarios-online\/seminario-online-vision-practica-de-la-reforma-del-codigo-penal-en-el-sector-farmaceutico\/\" \/>\n<meta property=\"og:site_name\" content=\"Centro de estudios para el fomento de la investigaci\u00f3n\" \/>\n<meta property=\"article:modified_time\" content=\"2020-02-11T12:29:16+00:00\" \/>\n<meta property=\"og:image\" content=\"https:\/\/cefi.es\/wp-contenido\/uploads\/2019\/12\/SEMINARIO-ONLINE-VISION-PRACTICA-DE-LA-REFORMA-DEL-CODIGO-PENAL-EN-EL-SECTOR-FARMACEUTICO-19_05_2015.jpg\" \/>\n\t<meta property=\"og:image:width\" content=\"1440\" \/>\n\t<meta property=\"og:image:height\" content=\"890\" \/>\n\t<meta property=\"og:image:type\" content=\"image\/jpeg\" \/>\n<meta name=\"twitter:card\" content=\"summary_large_image\" \/>\n<meta name=\"twitter:label1\" content=\"Est. reading time\" \/>\n\t<meta name=\"twitter:data1\" content=\"1 minute\" \/>\n<script type=\"application\/ld+json\" class=\"yoast-schema-graph\">{\"@context\":\"https:\\\/\\\/schema.org\",\"@graph\":[{\"@type\":\"WebPage\",\"@id\":\"https:\\\/\\\/cefi.es\\\/en\\\/tienda\\\/cursos-y-seminarios\\\/seminarios\\\/seminarios-online\\\/seminario-online-vision-practica-de-la-reforma-del-codigo-penal-en-el-sector-farmaceutico\\\/\",\"url\":\"https:\\\/\\\/cefi.es\\\/en\\\/tienda\\\/cursos-y-seminarios\\\/seminarios\\\/seminarios-online\\\/seminario-online-vision-practica-de-la-reforma-del-codigo-penal-en-el-sector-farmaceutico\\\/\",\"name\":\"Seminario online visi\u00f3n pr\u00e1ctica de la reforma del c\u00f3digo penal en el sector farmac\u00e9utico - Centro de estudios para el fomento de la investigaci\u00f3n\",\"isPartOf\":{\"@id\":\"https:\\\/\\\/cefi.es\\\/en\\\/#website\"},\"primaryImageOfPage\":{\"@id\":\"https:\\\/\\\/cefi.es\\\/en\\\/tienda\\\/cursos-y-seminarios\\\/seminarios\\\/seminarios-online\\\/seminario-online-vision-practica-de-la-reforma-del-codigo-penal-en-el-sector-farmaceutico\\\/#primaryimage\"},\"image\":{\"@id\":\"https:\\\/\\\/cefi.es\\\/en\\\/tienda\\\/cursos-y-seminarios\\\/seminarios\\\/seminarios-online\\\/seminario-online-vision-practica-de-la-reforma-del-codigo-penal-en-el-sector-farmaceutico\\\/#primaryimage\"},\"thumbnailUrl\":\"https:\\\/\\\/cefi.es\\\/wp-contenido\\\/uploads\\\/2019\\\/12\\\/SEMINARIO-ONLINE-VISION-PRACTICA-DE-LA-REFORMA-DEL-CODIGO-PENAL-EN-EL-SECTOR-FARMACEUTICO-19_05_2015.jpg\",\"datePublished\":\"2015-05-19T16:57:28+00:00\",\"dateModified\":\"2020-02-11T12:29:16+00:00\",\"breadcrumb\":{\"@id\":\"https:\\\/\\\/cefi.es\\\/en\\\/tienda\\\/cursos-y-seminarios\\\/seminarios\\\/seminarios-online\\\/seminario-online-vision-practica-de-la-reforma-del-codigo-penal-en-el-sector-farmaceutico\\\/#breadcrumb\"},\"inLanguage\":\"en-US\",\"potentialAction\":[{\"@type\":\"ReadAction\",\"target\":[\"https:\\\/\\\/cefi.es\\\/en\\\/tienda\\\/cursos-y-seminarios\\\/seminarios\\\/seminarios-online\\\/seminario-online-vision-practica-de-la-reforma-del-codigo-penal-en-el-sector-farmaceutico\\\/\"]}]},{\"@type\":\"ImageObject\",\"inLanguage\":\"en-US\",\"@id\":\"https:\\\/\\\/cefi.es\\\/en\\\/tienda\\\/cursos-y-seminarios\\\/seminarios\\\/seminarios-online\\\/seminario-online-vision-practica-de-la-reforma-del-codigo-penal-en-el-sector-farmaceutico\\\/#primaryimage\",\"url\":\"https:\\\/\\\/cefi.es\\\/wp-contenido\\\/uploads\\\/2019\\\/12\\\/SEMINARIO-ONLINE-VISION-PRACTICA-DE-LA-REFORMA-DEL-CODIGO-PENAL-EN-EL-SECTOR-FARMACEUTICO-19_05_2015.jpg\",\"contentUrl\":\"https:\\\/\\\/cefi.es\\\/wp-contenido\\\/uploads\\\/2019\\\/12\\\/SEMINARIO-ONLINE-VISION-PRACTICA-DE-LA-REFORMA-DEL-CODIGO-PENAL-EN-EL-SECTOR-FARMACEUTICO-19_05_2015.jpg\",\"width\":1440,\"height\":890},{\"@type\":\"BreadcrumbList\",\"@id\":\"https:\\\/\\\/cefi.es\\\/en\\\/tienda\\\/cursos-y-seminarios\\\/seminarios\\\/seminarios-online\\\/seminario-online-vision-practica-de-la-reforma-del-codigo-penal-en-el-sector-farmaceutico\\\/#breadcrumb\",\"itemListElement\":[{\"@type\":\"ListItem\",\"position\":1,\"name\":\"Home\",\"item\":\"https:\\\/\\\/cefi.es\\\/en\\\/\"},{\"@type\":\"ListItem\",\"position\":2,\"name\":\"Products\",\"item\":\"https:\\\/\\\/cefi.es\\\/en\\\/shop\\\/\"},{\"@type\":\"ListItem\",\"position\":3,\"name\":\"Seminario online visi\u00f3n pr\u00e1ctica de la reforma del c\u00f3digo penal en el sector farmac\u00e9utico\"}]},{\"@type\":\"WebSite\",\"@id\":\"https:\\\/\\\/cefi.es\\\/en\\\/#website\",\"url\":\"https:\\\/\\\/cefi.es\\\/en\\\/\",\"name\":\"Centro de estudios para el fomento de la investigaci\u00f3n\",\"description\":\"\",\"publisher\":{\"@id\":\"https:\\\/\\\/cefi.es\\\/en\\\/#organization\"},\"potentialAction\":[{\"@type\":\"SearchAction\",\"target\":{\"@type\":\"EntryPoint\",\"urlTemplate\":\"https:\\\/\\\/cefi.es\\\/en\\\/?s={search_term_string}\"},\"query-input\":{\"@type\":\"PropertyValueSpecification\",\"valueRequired\":true,\"valueName\":\"search_term_string\"}}],\"inLanguage\":\"en-US\"},{\"@type\":\"Organization\",\"@id\":\"https:\\\/\\\/cefi.es\\\/en\\\/#organization\",\"name\":\"Fundacion CeFi. Propiedad industrial e intelectual\",\"url\":\"https:\\\/\\\/cefi.es\\\/en\\\/\",\"logo\":{\"@type\":\"ImageObject\",\"inLanguage\":\"en-US\",\"@id\":\"https:\\\/\\\/cefi.es\\\/en\\\/#\\\/schema\\\/logo\\\/image\\\/\",\"url\":\"https:\\\/\\\/cefi.es\\\/wp-contenido\\\/uploads\\\/2019\\\/12\\\/cropped-favicon-3.png\",\"contentUrl\":\"https:\\\/\\\/cefi.es\\\/wp-contenido\\\/uploads\\\/2019\\\/12\\\/cropped-favicon-3.png\",\"width\":512,\"height\":512,\"caption\":\"Fundacion CeFi. Propiedad industrial e intelectual\"},\"image\":{\"@id\":\"https:\\\/\\\/cefi.es\\\/en\\\/#\\\/schema\\\/logo\\\/image\\\/\"}}]}<\/script>\n<!-- \/ Yoast SEO plugin. -->","yoast_head_json":{"title":"Seminario online visi\u00f3n pr\u00e1ctica de la reforma del c\u00f3digo penal en el sector farmac\u00e9utico - Centro de estudios para el fomento de la investigaci\u00f3n","robots":{"index":"index","follow":"follow","max-snippet":"max-snippet:-1","max-image-preview":"max-image-preview:large","max-video-preview":"max-video-preview:-1"},"canonical":"https:\/\/cefi.es\/en\/tienda\/cursos-y-seminarios\/seminarios\/seminarios-online\/seminario-online-vision-practica-de-la-reforma-del-codigo-penal-en-el-sector-farmaceutico\/","og_locale":"en_US","og_type":"article","og_title":"Seminario online visi\u00f3n pr\u00e1ctica de la reforma del c\u00f3digo penal en el sector farmac\u00e9utico - Centro de estudios para el fomento de la investigaci\u00f3n","og_description":"Seminario online visi\u00f3n pr\u00e1ctica de la reforma del c\u00f3digo penal en el sector farmac\u00e9utico.","og_url":"https:\/\/cefi.es\/en\/tienda\/cursos-y-seminarios\/seminarios\/seminarios-online\/seminario-online-vision-practica-de-la-reforma-del-codigo-penal-en-el-sector-farmaceutico\/","og_site_name":"Centro de estudios para el fomento de la investigaci\u00f3n","article_modified_time":"2020-02-11T12:29:16+00:00","og_image":[{"width":1440,"height":890,"url":"https:\/\/cefi.es\/wp-contenido\/uploads\/2019\/12\/SEMINARIO-ONLINE-VISION-PRACTICA-DE-LA-REFORMA-DEL-CODIGO-PENAL-EN-EL-SECTOR-FARMACEUTICO-19_05_2015.jpg","type":"image\/jpeg"}],"twitter_card":"summary_large_image","twitter_misc":{"Est. reading time":"1 minute"},"schema":{"@context":"https:\/\/schema.org","@graph":[{"@type":"WebPage","@id":"https:\/\/cefi.es\/en\/tienda\/cursos-y-seminarios\/seminarios\/seminarios-online\/seminario-online-vision-practica-de-la-reforma-del-codigo-penal-en-el-sector-farmaceutico\/","url":"https:\/\/cefi.es\/en\/tienda\/cursos-y-seminarios\/seminarios\/seminarios-online\/seminario-online-vision-practica-de-la-reforma-del-codigo-penal-en-el-sector-farmaceutico\/","name":"Seminario online visi\u00f3n pr\u00e1ctica de la reforma del c\u00f3digo penal en el sector farmac\u00e9utico - Centro de estudios para el fomento de la investigaci\u00f3n","isPartOf":{"@id":"https:\/\/cefi.es\/en\/#website"},"primaryImageOfPage":{"@id":"https:\/\/cefi.es\/en\/tienda\/cursos-y-seminarios\/seminarios\/seminarios-online\/seminario-online-vision-practica-de-la-reforma-del-codigo-penal-en-el-sector-farmaceutico\/#primaryimage"},"image":{"@id":"https:\/\/cefi.es\/en\/tienda\/cursos-y-seminarios\/seminarios\/seminarios-online\/seminario-online-vision-practica-de-la-reforma-del-codigo-penal-en-el-sector-farmaceutico\/#primaryimage"},"thumbnailUrl":"https:\/\/cefi.es\/wp-contenido\/uploads\/2019\/12\/SEMINARIO-ONLINE-VISION-PRACTICA-DE-LA-REFORMA-DEL-CODIGO-PENAL-EN-EL-SECTOR-FARMACEUTICO-19_05_2015.jpg","datePublished":"2015-05-19T16:57:28+00:00","dateModified":"2020-02-11T12:29:16+00:00","breadcrumb":{"@id":"https:\/\/cefi.es\/en\/tienda\/cursos-y-seminarios\/seminarios\/seminarios-online\/seminario-online-vision-practica-de-la-reforma-del-codigo-penal-en-el-sector-farmaceutico\/#breadcrumb"},"inLanguage":"en-US","potentialAction":[{"@type":"ReadAction","target":["https:\/\/cefi.es\/en\/tienda\/cursos-y-seminarios\/seminarios\/seminarios-online\/seminario-online-vision-practica-de-la-reforma-del-codigo-penal-en-el-sector-farmaceutico\/"]}]},{"@type":"ImageObject","inLanguage":"en-US","@id":"https:\/\/cefi.es\/en\/tienda\/cursos-y-seminarios\/seminarios\/seminarios-online\/seminario-online-vision-practica-de-la-reforma-del-codigo-penal-en-el-sector-farmaceutico\/#primaryimage","url":"https:\/\/cefi.es\/wp-contenido\/uploads\/2019\/12\/SEMINARIO-ONLINE-VISION-PRACTICA-DE-LA-REFORMA-DEL-CODIGO-PENAL-EN-EL-SECTOR-FARMACEUTICO-19_05_2015.jpg","contentUrl":"https:\/\/cefi.es\/wp-contenido\/uploads\/2019\/12\/SEMINARIO-ONLINE-VISION-PRACTICA-DE-LA-REFORMA-DEL-CODIGO-PENAL-EN-EL-SECTOR-FARMACEUTICO-19_05_2015.jpg","width":1440,"height":890},{"@type":"BreadcrumbList","@id":"https:\/\/cefi.es\/en\/tienda\/cursos-y-seminarios\/seminarios\/seminarios-online\/seminario-online-vision-practica-de-la-reforma-del-codigo-penal-en-el-sector-farmaceutico\/#breadcrumb","itemListElement":[{"@type":"ListItem","position":1,"name":"Home","item":"https:\/\/cefi.es\/en\/"},{"@type":"ListItem","position":2,"name":"Products","item":"https:\/\/cefi.es\/en\/shop\/"},{"@type":"ListItem","position":3,"name":"Seminario online visi\u00f3n pr\u00e1ctica de la reforma del c\u00f3digo penal en el sector farmac\u00e9utico"}]},{"@type":"WebSite","@id":"https:\/\/cefi.es\/en\/#website","url":"https:\/\/cefi.es\/en\/","name":"Centro de estudios para el fomento de la investigaci\u00f3n","description":"","publisher":{"@id":"https:\/\/cefi.es\/en\/#organization"},"potentialAction":[{"@type":"SearchAction","target":{"@type":"EntryPoint","urlTemplate":"https:\/\/cefi.es\/en\/?s={search_term_string}"},"query-input":{"@type":"PropertyValueSpecification","valueRequired":true,"valueName":"search_term_string"}}],"inLanguage":"en-US"},{"@type":"Organization","@id":"https:\/\/cefi.es\/en\/#organization","name":"Fundacion CeFi. Propiedad industrial e intelectual","url":"https:\/\/cefi.es\/en\/","logo":{"@type":"ImageObject","inLanguage":"en-US","@id":"https:\/\/cefi.es\/en\/#\/schema\/logo\/image\/","url":"https:\/\/cefi.es\/wp-contenido\/uploads\/2019\/12\/cropped-favicon-3.png","contentUrl":"https:\/\/cefi.es\/wp-contenido\/uploads\/2019\/12\/cropped-favicon-3.png","width":512,"height":512,"caption":"Fundacion CeFi. Propiedad industrial e intelectual"},"image":{"@id":"https:\/\/cefi.es\/en\/#\/schema\/logo\/image\/"}}]}},"_links":{"self":[{"href":"https:\/\/cefi.es\/en\/wp-json\/wp\/v2\/product\/5899","targetHints":{"allow":["GET"]}}],"collection":[{"href":"https:\/\/cefi.es\/en\/wp-json\/wp\/v2\/product"}],"about":[{"href":"https:\/\/cefi.es\/en\/wp-json\/wp\/v2\/types\/product"}],"version-history":[{"count":5,"href":"https:\/\/cefi.es\/en\/wp-json\/wp\/v2\/product\/5899\/revisions"}],"predecessor-version":[{"id":6800,"href":"https:\/\/cefi.es\/en\/wp-json\/wp\/v2\/product\/5899\/revisions\/6800"}],"wp:featuredmedia":[{"embeddable":true,"href":"https:\/\/cefi.es\/en\/wp-json\/wp\/v2\/media\/5819"}],"wp:attachment":[{"href":"https:\/\/cefi.es\/en\/wp-json\/wp\/v2\/media?parent=5899"}],"wp:term":[{"taxonomy":"product_brand","embeddable":true,"href":"https:\/\/cefi.es\/en\/wp-json\/wp\/v2\/product_brand?post=5899"},{"taxonomy":"product_cat","embeddable":true,"href":"https:\/\/cefi.es\/en\/wp-json\/wp\/v2\/product_cat?post=5899"},{"taxonomy":"product_tag","embeddable":true,"href":"https:\/\/cefi.es\/en\/wp-json\/wp\/v2\/product_tag?post=5899"}],"curies":[{"name":"wp","href":"https:\/\/api.w.org\/{rel}","templated":true}]}}