{"id":5893,"date":"2018-10-26T16:47:45","date_gmt":"2018-10-26T16:47:45","guid":{"rendered":"http:\/\/www.cefi.es\/?post_type=product&#038;p=5893"},"modified":"2020-02-11T12:26:05","modified_gmt":"2020-02-11T12:26:05","slug":"seminario-online-razones-tecnicas-para-la-no-sustitucion-de-medicamentos-biologicos-en-hospitales","status":"publish","type":"product","link":"https:\/\/cefi.es\/en\/tienda\/cursos-y-seminarios\/seminarios\/seminarios-online\/seminario-online-razones-tecnicas-para-la-no-sustitucion-de-medicamentos-biologicos-en-hospitales\/","title":{"rendered":"Seminario online razones t\u00e9cnicas para la no sustituci\u00f3n de medicamentos biol\u00f3gicos en hospitales"},"content":{"rendered":"<h5>PONENTE:<\/h5>\n<p><strong>CRISTINA AVENDAN\u0303O\u0301 SOLA\u0301<\/strong> (Medico Especialista en Farmacologi\u0301a Cli\u0301nica. Hospital de Puerta de Hierro)<\/p>\n<table>\n<tbody>\n<tr>\n<td><strong>09:30<\/strong><\/td>\n<td>ANA\u0301LISIS DE LAS RAZONES TE\u0301CNICAS Y LEGALES QUE IMPIDEN LA SUSTITUCIO\u0301N DE MEDICAMENTOS BIOLO\u0301GICOS TAMBIE\u0301N EN LOS SERVICIOS DE FARMACIA DE HOSPITALES. NO DISCRIMINACIO\u0301N POR EL CANAL DE VENTA.<\/td>\n<\/tr>\n<tr>\n<td><strong>10:15<\/strong><\/td>\n<td>PREGUNTAS<\/td>\n<\/tr>\n<\/tbody>\n<\/table>\n","protected":false},"excerpt":{"rendered":"<p>Seminario online razones t\u00e9cnicas para la no sustituci\u00f3n de medicamentos biol\u00f3gicos en hospitales.<\/p>\n","protected":false},"featured_media":5825,"template":"","meta":{"_acf_changed":false},"product_brand":[],"product_cat":[78,93],"product_tag":[],"class_list":{"0":"post-5893","1":"product","2":"type-product","3":"status-publish","4":"has-post-thumbnail","6":"product_cat-seminarios","7":"product_cat-seminarios-online","9":"first","10":"outofstock","11":"virtual","12":"taxable","13":"purchasable","14":"product-type-simple"},"acf":[],"yoast_head":"<!-- This site is optimized with the Yoast SEO plugin v27.3 - https:\/\/yoast.com\/product\/yoast-seo-wordpress\/ -->\n<title>Seminario online razones t\u00e9cnicas para la no sustituci\u00f3n de medicamentos biol\u00f3gicos en hospitales - Centro de estudios para el fomento de la investigaci\u00f3n<\/title>\n<meta name=\"robots\" content=\"index, follow, max-snippet:-1, max-image-preview:large, max-video-preview:-1\" \/>\n<link rel=\"canonical\" href=\"https:\/\/cefi.es\/en\/tienda\/cursos-y-seminarios\/seminarios\/seminarios-online\/seminario-online-razones-tecnicas-para-la-no-sustitucion-de-medicamentos-biologicos-en-hospitales\/\" \/>\n<meta property=\"og:locale\" content=\"en_US\" \/>\n<meta property=\"og:type\" content=\"article\" \/>\n<meta property=\"og:title\" content=\"Seminario online razones t\u00e9cnicas para la no sustituci\u00f3n de medicamentos biol\u00f3gicos en hospitales - Centro de estudios para el fomento de la investigaci\u00f3n\" \/>\n<meta property=\"og:description\" content=\"Seminario online razones t\u00e9cnicas para la no sustituci\u00f3n de medicamentos biol\u00f3gicos en hospitales.\" \/>\n<meta property=\"og:url\" content=\"https:\/\/cefi.es\/en\/tienda\/cursos-y-seminarios\/seminarios\/seminarios-online\/seminario-online-razones-tecnicas-para-la-no-sustitucion-de-medicamentos-biologicos-en-hospitales\/\" \/>\n<meta property=\"og:site_name\" content=\"Centro de estudios para el fomento de la investigaci\u00f3n\" \/>\n<meta property=\"article:modified_time\" content=\"2020-02-11T12:26:05+00:00\" \/>\n<meta property=\"og:image\" content=\"https:\/\/cefi.es\/wp-contenido\/uploads\/2019\/12\/SEMINARIO-ONLINE-RAZONES-TECNICAS-PARA-LA-NO-SUSTITUCION-DE-MEDICAMENTOS-BIOLOGICOS-EN-HOSPITALES-26_10_2018.jpg\" \/>\n\t<meta property=\"og:image:width\" content=\"1440\" \/>\n\t<meta property=\"og:image:height\" content=\"890\" \/>\n\t<meta property=\"og:image:type\" content=\"image\/jpeg\" \/>\n<meta name=\"twitter:card\" content=\"summary_large_image\" \/>\n<script type=\"application\/ld+json\" class=\"yoast-schema-graph\">{\"@context\":\"https:\\\/\\\/schema.org\",\"@graph\":[{\"@type\":\"WebPage\",\"@id\":\"https:\\\/\\\/cefi.es\\\/en\\\/tienda\\\/cursos-y-seminarios\\\/seminarios\\\/seminarios-online\\\/seminario-online-razones-tecnicas-para-la-no-sustitucion-de-medicamentos-biologicos-en-hospitales\\\/\",\"url\":\"https:\\\/\\\/cefi.es\\\/en\\\/tienda\\\/cursos-y-seminarios\\\/seminarios\\\/seminarios-online\\\/seminario-online-razones-tecnicas-para-la-no-sustitucion-de-medicamentos-biologicos-en-hospitales\\\/\",\"name\":\"Seminario online razones t\u00e9cnicas para la no sustituci\u00f3n de medicamentos biol\u00f3gicos en hospitales - Centro de estudios para el fomento de la investigaci\u00f3n\",\"isPartOf\":{\"@id\":\"https:\\\/\\\/cefi.es\\\/en\\\/#website\"},\"primaryImageOfPage\":{\"@id\":\"https:\\\/\\\/cefi.es\\\/en\\\/tienda\\\/cursos-y-seminarios\\\/seminarios\\\/seminarios-online\\\/seminario-online-razones-tecnicas-para-la-no-sustitucion-de-medicamentos-biologicos-en-hospitales\\\/#primaryimage\"},\"image\":{\"@id\":\"https:\\\/\\\/cefi.es\\\/en\\\/tienda\\\/cursos-y-seminarios\\\/seminarios\\\/seminarios-online\\\/seminario-online-razones-tecnicas-para-la-no-sustitucion-de-medicamentos-biologicos-en-hospitales\\\/#primaryimage\"},\"thumbnailUrl\":\"https:\\\/\\\/cefi.es\\\/wp-contenido\\\/uploads\\\/2019\\\/12\\\/SEMINARIO-ONLINE-RAZONES-TECNICAS-PARA-LA-NO-SUSTITUCION-DE-MEDICAMENTOS-BIOLOGICOS-EN-HOSPITALES-26_10_2018.jpg\",\"datePublished\":\"2018-10-26T16:47:45+00:00\",\"dateModified\":\"2020-02-11T12:26:05+00:00\",\"breadcrumb\":{\"@id\":\"https:\\\/\\\/cefi.es\\\/en\\\/tienda\\\/cursos-y-seminarios\\\/seminarios\\\/seminarios-online\\\/seminario-online-razones-tecnicas-para-la-no-sustitucion-de-medicamentos-biologicos-en-hospitales\\\/#breadcrumb\"},\"inLanguage\":\"en-US\",\"potentialAction\":[{\"@type\":\"ReadAction\",\"target\":[\"https:\\\/\\\/cefi.es\\\/en\\\/tienda\\\/cursos-y-seminarios\\\/seminarios\\\/seminarios-online\\\/seminario-online-razones-tecnicas-para-la-no-sustitucion-de-medicamentos-biologicos-en-hospitales\\\/\"]}]},{\"@type\":\"ImageObject\",\"inLanguage\":\"en-US\",\"@id\":\"https:\\\/\\\/cefi.es\\\/en\\\/tienda\\\/cursos-y-seminarios\\\/seminarios\\\/seminarios-online\\\/seminario-online-razones-tecnicas-para-la-no-sustitucion-de-medicamentos-biologicos-en-hospitales\\\/#primaryimage\",\"url\":\"https:\\\/\\\/cefi.es\\\/wp-contenido\\\/uploads\\\/2019\\\/12\\\/SEMINARIO-ONLINE-RAZONES-TECNICAS-PARA-LA-NO-SUSTITUCION-DE-MEDICAMENTOS-BIOLOGICOS-EN-HOSPITALES-26_10_2018.jpg\",\"contentUrl\":\"https:\\\/\\\/cefi.es\\\/wp-contenido\\\/uploads\\\/2019\\\/12\\\/SEMINARIO-ONLINE-RAZONES-TECNICAS-PARA-LA-NO-SUSTITUCION-DE-MEDICAMENTOS-BIOLOGICOS-EN-HOSPITALES-26_10_2018.jpg\",\"width\":1440,\"height\":890},{\"@type\":\"BreadcrumbList\",\"@id\":\"https:\\\/\\\/cefi.es\\\/en\\\/tienda\\\/cursos-y-seminarios\\\/seminarios\\\/seminarios-online\\\/seminario-online-razones-tecnicas-para-la-no-sustitucion-de-medicamentos-biologicos-en-hospitales\\\/#breadcrumb\",\"itemListElement\":[{\"@type\":\"ListItem\",\"position\":1,\"name\":\"Home\",\"item\":\"https:\\\/\\\/cefi.es\\\/en\\\/\"},{\"@type\":\"ListItem\",\"position\":2,\"name\":\"Products\",\"item\":\"https:\\\/\\\/cefi.es\\\/en\\\/shop\\\/\"},{\"@type\":\"ListItem\",\"position\":3,\"name\":\"Seminario online razones t\u00e9cnicas para la no sustituci\u00f3n de medicamentos biol\u00f3gicos en hospitales\"}]},{\"@type\":\"WebSite\",\"@id\":\"https:\\\/\\\/cefi.es\\\/en\\\/#website\",\"url\":\"https:\\\/\\\/cefi.es\\\/en\\\/\",\"name\":\"Centro de estudios para el fomento de la investigaci\u00f3n\",\"description\":\"\",\"publisher\":{\"@id\":\"https:\\\/\\\/cefi.es\\\/en\\\/#organization\"},\"potentialAction\":[{\"@type\":\"SearchAction\",\"target\":{\"@type\":\"EntryPoint\",\"urlTemplate\":\"https:\\\/\\\/cefi.es\\\/en\\\/?s={search_term_string}\"},\"query-input\":{\"@type\":\"PropertyValueSpecification\",\"valueRequired\":true,\"valueName\":\"search_term_string\"}}],\"inLanguage\":\"en-US\"},{\"@type\":\"Organization\",\"@id\":\"https:\\\/\\\/cefi.es\\\/en\\\/#organization\",\"name\":\"Fundacion CeFi. Propiedad industrial e intelectual\",\"url\":\"https:\\\/\\\/cefi.es\\\/en\\\/\",\"logo\":{\"@type\":\"ImageObject\",\"inLanguage\":\"en-US\",\"@id\":\"https:\\\/\\\/cefi.es\\\/en\\\/#\\\/schema\\\/logo\\\/image\\\/\",\"url\":\"https:\\\/\\\/cefi.es\\\/wp-contenido\\\/uploads\\\/2019\\\/12\\\/cropped-favicon-3.png\",\"contentUrl\":\"https:\\\/\\\/cefi.es\\\/wp-contenido\\\/uploads\\\/2019\\\/12\\\/cropped-favicon-3.png\",\"width\":512,\"height\":512,\"caption\":\"Fundacion CeFi. Propiedad industrial e intelectual\"},\"image\":{\"@id\":\"https:\\\/\\\/cefi.es\\\/en\\\/#\\\/schema\\\/logo\\\/image\\\/\"}}]}<\/script>\n<!-- \/ Yoast SEO plugin. -->","yoast_head_json":{"title":"Seminario online razones t\u00e9cnicas para la no sustituci\u00f3n de medicamentos biol\u00f3gicos en hospitales - Centro de estudios para el fomento de la investigaci\u00f3n","robots":{"index":"index","follow":"follow","max-snippet":"max-snippet:-1","max-image-preview":"max-image-preview:large","max-video-preview":"max-video-preview:-1"},"canonical":"https:\/\/cefi.es\/en\/tienda\/cursos-y-seminarios\/seminarios\/seminarios-online\/seminario-online-razones-tecnicas-para-la-no-sustitucion-de-medicamentos-biologicos-en-hospitales\/","og_locale":"en_US","og_type":"article","og_title":"Seminario online razones t\u00e9cnicas para la no sustituci\u00f3n de medicamentos biol\u00f3gicos en hospitales - Centro de estudios para el fomento de la investigaci\u00f3n","og_description":"Seminario online razones t\u00e9cnicas para la no sustituci\u00f3n de medicamentos biol\u00f3gicos en hospitales.","og_url":"https:\/\/cefi.es\/en\/tienda\/cursos-y-seminarios\/seminarios\/seminarios-online\/seminario-online-razones-tecnicas-para-la-no-sustitucion-de-medicamentos-biologicos-en-hospitales\/","og_site_name":"Centro de estudios para el fomento de la investigaci\u00f3n","article_modified_time":"2020-02-11T12:26:05+00:00","og_image":[{"width":1440,"height":890,"url":"https:\/\/cefi.es\/wp-contenido\/uploads\/2019\/12\/SEMINARIO-ONLINE-RAZONES-TECNICAS-PARA-LA-NO-SUSTITUCION-DE-MEDICAMENTOS-BIOLOGICOS-EN-HOSPITALES-26_10_2018.jpg","type":"image\/jpeg"}],"twitter_card":"summary_large_image","schema":{"@context":"https:\/\/schema.org","@graph":[{"@type":"WebPage","@id":"https:\/\/cefi.es\/en\/tienda\/cursos-y-seminarios\/seminarios\/seminarios-online\/seminario-online-razones-tecnicas-para-la-no-sustitucion-de-medicamentos-biologicos-en-hospitales\/","url":"https:\/\/cefi.es\/en\/tienda\/cursos-y-seminarios\/seminarios\/seminarios-online\/seminario-online-razones-tecnicas-para-la-no-sustitucion-de-medicamentos-biologicos-en-hospitales\/","name":"Seminario online razones t\u00e9cnicas para la no sustituci\u00f3n de medicamentos biol\u00f3gicos en hospitales - Centro de estudios para el fomento de la investigaci\u00f3n","isPartOf":{"@id":"https:\/\/cefi.es\/en\/#website"},"primaryImageOfPage":{"@id":"https:\/\/cefi.es\/en\/tienda\/cursos-y-seminarios\/seminarios\/seminarios-online\/seminario-online-razones-tecnicas-para-la-no-sustitucion-de-medicamentos-biologicos-en-hospitales\/#primaryimage"},"image":{"@id":"https:\/\/cefi.es\/en\/tienda\/cursos-y-seminarios\/seminarios\/seminarios-online\/seminario-online-razones-tecnicas-para-la-no-sustitucion-de-medicamentos-biologicos-en-hospitales\/#primaryimage"},"thumbnailUrl":"https:\/\/cefi.es\/wp-contenido\/uploads\/2019\/12\/SEMINARIO-ONLINE-RAZONES-TECNICAS-PARA-LA-NO-SUSTITUCION-DE-MEDICAMENTOS-BIOLOGICOS-EN-HOSPITALES-26_10_2018.jpg","datePublished":"2018-10-26T16:47:45+00:00","dateModified":"2020-02-11T12:26:05+00:00","breadcrumb":{"@id":"https:\/\/cefi.es\/en\/tienda\/cursos-y-seminarios\/seminarios\/seminarios-online\/seminario-online-razones-tecnicas-para-la-no-sustitucion-de-medicamentos-biologicos-en-hospitales\/#breadcrumb"},"inLanguage":"en-US","potentialAction":[{"@type":"ReadAction","target":["https:\/\/cefi.es\/en\/tienda\/cursos-y-seminarios\/seminarios\/seminarios-online\/seminario-online-razones-tecnicas-para-la-no-sustitucion-de-medicamentos-biologicos-en-hospitales\/"]}]},{"@type":"ImageObject","inLanguage":"en-US","@id":"https:\/\/cefi.es\/en\/tienda\/cursos-y-seminarios\/seminarios\/seminarios-online\/seminario-online-razones-tecnicas-para-la-no-sustitucion-de-medicamentos-biologicos-en-hospitales\/#primaryimage","url":"https:\/\/cefi.es\/wp-contenido\/uploads\/2019\/12\/SEMINARIO-ONLINE-RAZONES-TECNICAS-PARA-LA-NO-SUSTITUCION-DE-MEDICAMENTOS-BIOLOGICOS-EN-HOSPITALES-26_10_2018.jpg","contentUrl":"https:\/\/cefi.es\/wp-contenido\/uploads\/2019\/12\/SEMINARIO-ONLINE-RAZONES-TECNICAS-PARA-LA-NO-SUSTITUCION-DE-MEDICAMENTOS-BIOLOGICOS-EN-HOSPITALES-26_10_2018.jpg","width":1440,"height":890},{"@type":"BreadcrumbList","@id":"https:\/\/cefi.es\/en\/tienda\/cursos-y-seminarios\/seminarios\/seminarios-online\/seminario-online-razones-tecnicas-para-la-no-sustitucion-de-medicamentos-biologicos-en-hospitales\/#breadcrumb","itemListElement":[{"@type":"ListItem","position":1,"name":"Home","item":"https:\/\/cefi.es\/en\/"},{"@type":"ListItem","position":2,"name":"Products","item":"https:\/\/cefi.es\/en\/shop\/"},{"@type":"ListItem","position":3,"name":"Seminario online razones t\u00e9cnicas para la no sustituci\u00f3n de medicamentos biol\u00f3gicos en hospitales"}]},{"@type":"WebSite","@id":"https:\/\/cefi.es\/en\/#website","url":"https:\/\/cefi.es\/en\/","name":"Centro de estudios para el fomento de la investigaci\u00f3n","description":"","publisher":{"@id":"https:\/\/cefi.es\/en\/#organization"},"potentialAction":[{"@type":"SearchAction","target":{"@type":"EntryPoint","urlTemplate":"https:\/\/cefi.es\/en\/?s={search_term_string}"},"query-input":{"@type":"PropertyValueSpecification","valueRequired":true,"valueName":"search_term_string"}}],"inLanguage":"en-US"},{"@type":"Organization","@id":"https:\/\/cefi.es\/en\/#organization","name":"Fundacion CeFi. Propiedad industrial e intelectual","url":"https:\/\/cefi.es\/en\/","logo":{"@type":"ImageObject","inLanguage":"en-US","@id":"https:\/\/cefi.es\/en\/#\/schema\/logo\/image\/","url":"https:\/\/cefi.es\/wp-contenido\/uploads\/2019\/12\/cropped-favicon-3.png","contentUrl":"https:\/\/cefi.es\/wp-contenido\/uploads\/2019\/12\/cropped-favicon-3.png","width":512,"height":512,"caption":"Fundacion CeFi. Propiedad industrial e intelectual"},"image":{"@id":"https:\/\/cefi.es\/en\/#\/schema\/logo\/image\/"}}]}},"_links":{"self":[{"href":"https:\/\/cefi.es\/en\/wp-json\/wp\/v2\/product\/5893","targetHints":{"allow":["GET"]}}],"collection":[{"href":"https:\/\/cefi.es\/en\/wp-json\/wp\/v2\/product"}],"about":[{"href":"https:\/\/cefi.es\/en\/wp-json\/wp\/v2\/types\/product"}],"version-history":[{"count":2,"href":"https:\/\/cefi.es\/en\/wp-json\/wp\/v2\/product\/5893\/revisions"}],"predecessor-version":[{"id":6794,"href":"https:\/\/cefi.es\/en\/wp-json\/wp\/v2\/product\/5893\/revisions\/6794"}],"wp:featuredmedia":[{"embeddable":true,"href":"https:\/\/cefi.es\/en\/wp-json\/wp\/v2\/media\/5825"}],"wp:attachment":[{"href":"https:\/\/cefi.es\/en\/wp-json\/wp\/v2\/media?parent=5893"}],"wp:term":[{"taxonomy":"product_brand","embeddable":true,"href":"https:\/\/cefi.es\/en\/wp-json\/wp\/v2\/product_brand?post=5893"},{"taxonomy":"product_cat","embeddable":true,"href":"https:\/\/cefi.es\/en\/wp-json\/wp\/v2\/product_cat?post=5893"},{"taxonomy":"product_tag","embeddable":true,"href":"https:\/\/cefi.es\/en\/wp-json\/wp\/v2\/product_tag?post=5893"}],"curies":[{"name":"wp","href":"https:\/\/api.w.org\/{rel}","templated":true}]}}