{"id":5885,"date":"2017-11-30T16:38:56","date_gmt":"2017-11-30T16:38:56","guid":{"rendered":"http:\/\/www.cefi.es\/?post_type=product&#038;p=5885"},"modified":"2020-02-11T12:26:50","modified_gmt":"2020-02-11T12:26:50","slug":"seminario-online-el-sector-farmaceutico-y-la-nueva-ley-de-contratos-del-sector-publico","status":"publish","type":"product","link":"https:\/\/cefi.es\/en\/tienda\/cursos-y-seminarios\/seminarios\/seminarios-online\/seminario-online-el-sector-farmaceutico-y-la-nueva-ley-de-contratos-del-sector-publico\/","title":{"rendered":"Seminario online el sector farmac\u00e9utico y la nueva ley de contratos del sector p\u00fablico"},"content":{"rendered":"<h5>PONENTE:<\/h5>\n<p><strong>GERMA\u0301N ALONSO-ALEGRE<\/strong> (MAZARS)<\/p>\n<table>\n<tbody>\n<tr>\n<td><strong>09:30<\/strong><\/td>\n<td>ANA\u0301LISIS DE LAS PRINCIPALES REPERCUSIONES DE LA LEY EN EL SECTOR FARMACE\u0301UTICO<\/td>\n<\/tr>\n<tr>\n<td><strong>10:15<\/strong><\/td>\n<td>PREGUNTAS<\/td>\n<\/tr>\n<\/tbody>\n<\/table>\n","protected":false},"excerpt":{"rendered":"<p>Seminario online el sector farmac\u00e9utico y la nueva ley de contratos del sector p\u00fablico.<\/p>\n","protected":false},"featured_media":5833,"template":"","meta":{"_acf_changed":false},"product_brand":[],"product_cat":[78,93],"product_tag":[],"class_list":{"0":"post-5885","1":"product","2":"type-product","3":"status-publish","4":"has-post-thumbnail","6":"product_cat-seminarios","7":"product_cat-seminarios-online","9":"first","10":"outofstock","11":"virtual","12":"taxable","13":"purchasable","14":"product-type-simple"},"acf":[],"yoast_head":"<!-- This site is optimized with the Yoast SEO plugin v27.3 - https:\/\/yoast.com\/product\/yoast-seo-wordpress\/ -->\n<title>Seminario online el sector farmac\u00e9utico y la nueva ley de contratos del sector p\u00fablico - Centro de estudios para el fomento de la investigaci\u00f3n<\/title>\n<meta name=\"robots\" content=\"index, follow, max-snippet:-1, max-image-preview:large, max-video-preview:-1\" \/>\n<link rel=\"canonical\" href=\"https:\/\/cefi.es\/en\/tienda\/cursos-y-seminarios\/seminarios\/seminarios-online\/seminario-online-el-sector-farmaceutico-y-la-nueva-ley-de-contratos-del-sector-publico\/\" \/>\n<meta property=\"og:locale\" content=\"en_US\" \/>\n<meta property=\"og:type\" content=\"article\" \/>\n<meta property=\"og:title\" content=\"Seminario online el sector farmac\u00e9utico y la nueva ley de contratos del sector p\u00fablico - Centro de estudios para el fomento de la investigaci\u00f3n\" \/>\n<meta property=\"og:description\" content=\"Seminario online el sector farmac\u00e9utico y la nueva ley de contratos del sector p\u00fablico.\" \/>\n<meta property=\"og:url\" content=\"https:\/\/cefi.es\/en\/tienda\/cursos-y-seminarios\/seminarios\/seminarios-online\/seminario-online-el-sector-farmaceutico-y-la-nueva-ley-de-contratos-del-sector-publico\/\" \/>\n<meta property=\"og:site_name\" content=\"Centro de estudios para el fomento de la investigaci\u00f3n\" \/>\n<meta property=\"article:modified_time\" content=\"2020-02-11T12:26:50+00:00\" \/>\n<meta property=\"og:image\" content=\"https:\/\/cefi.es\/wp-contenido\/uploads\/2019\/12\/SEMINARIO-ONLINE-EL-SECTOR-FARMACEUTICO-Y-LA-NUEVA-LEY-DE-CONTRATOS-DEL-SECTOR-PUBLICO-30_11_2017.jpg\" \/>\n\t<meta property=\"og:image:width\" content=\"1440\" \/>\n\t<meta property=\"og:image:height\" content=\"890\" \/>\n\t<meta property=\"og:image:type\" content=\"image\/jpeg\" \/>\n<meta name=\"twitter:card\" content=\"summary_large_image\" \/>\n<script type=\"application\/ld+json\" class=\"yoast-schema-graph\">{\"@context\":\"https:\\\/\\\/schema.org\",\"@graph\":[{\"@type\":\"WebPage\",\"@id\":\"https:\\\/\\\/cefi.es\\\/en\\\/tienda\\\/cursos-y-seminarios\\\/seminarios\\\/seminarios-online\\\/seminario-online-el-sector-farmaceutico-y-la-nueva-ley-de-contratos-del-sector-publico\\\/\",\"url\":\"https:\\\/\\\/cefi.es\\\/en\\\/tienda\\\/cursos-y-seminarios\\\/seminarios\\\/seminarios-online\\\/seminario-online-el-sector-farmaceutico-y-la-nueva-ley-de-contratos-del-sector-publico\\\/\",\"name\":\"Seminario online el sector farmac\u00e9utico y la nueva ley de contratos del sector p\u00fablico - Centro de estudios para el fomento de la investigaci\u00f3n\",\"isPartOf\":{\"@id\":\"https:\\\/\\\/cefi.es\\\/en\\\/#website\"},\"primaryImageOfPage\":{\"@id\":\"https:\\\/\\\/cefi.es\\\/en\\\/tienda\\\/cursos-y-seminarios\\\/seminarios\\\/seminarios-online\\\/seminario-online-el-sector-farmaceutico-y-la-nueva-ley-de-contratos-del-sector-publico\\\/#primaryimage\"},\"image\":{\"@id\":\"https:\\\/\\\/cefi.es\\\/en\\\/tienda\\\/cursos-y-seminarios\\\/seminarios\\\/seminarios-online\\\/seminario-online-el-sector-farmaceutico-y-la-nueva-ley-de-contratos-del-sector-publico\\\/#primaryimage\"},\"thumbnailUrl\":\"https:\\\/\\\/cefi.es\\\/wp-contenido\\\/uploads\\\/2019\\\/12\\\/SEMINARIO-ONLINE-EL-SECTOR-FARMACEUTICO-Y-LA-NUEVA-LEY-DE-CONTRATOS-DEL-SECTOR-PUBLICO-30_11_2017.jpg\",\"datePublished\":\"2017-11-30T16:38:56+00:00\",\"dateModified\":\"2020-02-11T12:26:50+00:00\",\"breadcrumb\":{\"@id\":\"https:\\\/\\\/cefi.es\\\/en\\\/tienda\\\/cursos-y-seminarios\\\/seminarios\\\/seminarios-online\\\/seminario-online-el-sector-farmaceutico-y-la-nueva-ley-de-contratos-del-sector-publico\\\/#breadcrumb\"},\"inLanguage\":\"en-US\",\"potentialAction\":[{\"@type\":\"ReadAction\",\"target\":[\"https:\\\/\\\/cefi.es\\\/en\\\/tienda\\\/cursos-y-seminarios\\\/seminarios\\\/seminarios-online\\\/seminario-online-el-sector-farmaceutico-y-la-nueva-ley-de-contratos-del-sector-publico\\\/\"]}]},{\"@type\":\"ImageObject\",\"inLanguage\":\"en-US\",\"@id\":\"https:\\\/\\\/cefi.es\\\/en\\\/tienda\\\/cursos-y-seminarios\\\/seminarios\\\/seminarios-online\\\/seminario-online-el-sector-farmaceutico-y-la-nueva-ley-de-contratos-del-sector-publico\\\/#primaryimage\",\"url\":\"https:\\\/\\\/cefi.es\\\/wp-contenido\\\/uploads\\\/2019\\\/12\\\/SEMINARIO-ONLINE-EL-SECTOR-FARMACEUTICO-Y-LA-NUEVA-LEY-DE-CONTRATOS-DEL-SECTOR-PUBLICO-30_11_2017.jpg\",\"contentUrl\":\"https:\\\/\\\/cefi.es\\\/wp-contenido\\\/uploads\\\/2019\\\/12\\\/SEMINARIO-ONLINE-EL-SECTOR-FARMACEUTICO-Y-LA-NUEVA-LEY-DE-CONTRATOS-DEL-SECTOR-PUBLICO-30_11_2017.jpg\",\"width\":1440,\"height\":890},{\"@type\":\"BreadcrumbList\",\"@id\":\"https:\\\/\\\/cefi.es\\\/en\\\/tienda\\\/cursos-y-seminarios\\\/seminarios\\\/seminarios-online\\\/seminario-online-el-sector-farmaceutico-y-la-nueva-ley-de-contratos-del-sector-publico\\\/#breadcrumb\",\"itemListElement\":[{\"@type\":\"ListItem\",\"position\":1,\"name\":\"Home\",\"item\":\"https:\\\/\\\/cefi.es\\\/en\\\/\"},{\"@type\":\"ListItem\",\"position\":2,\"name\":\"Products\",\"item\":\"https:\\\/\\\/cefi.es\\\/en\\\/shop\\\/\"},{\"@type\":\"ListItem\",\"position\":3,\"name\":\"Seminario online el sector farmac\u00e9utico y la nueva ley de contratos del sector p\u00fablico\"}]},{\"@type\":\"WebSite\",\"@id\":\"https:\\\/\\\/cefi.es\\\/en\\\/#website\",\"url\":\"https:\\\/\\\/cefi.es\\\/en\\\/\",\"name\":\"Centro de estudios para el fomento de la investigaci\u00f3n\",\"description\":\"\",\"publisher\":{\"@id\":\"https:\\\/\\\/cefi.es\\\/en\\\/#organization\"},\"potentialAction\":[{\"@type\":\"SearchAction\",\"target\":{\"@type\":\"EntryPoint\",\"urlTemplate\":\"https:\\\/\\\/cefi.es\\\/en\\\/?s={search_term_string}\"},\"query-input\":{\"@type\":\"PropertyValueSpecification\",\"valueRequired\":true,\"valueName\":\"search_term_string\"}}],\"inLanguage\":\"en-US\"},{\"@type\":\"Organization\",\"@id\":\"https:\\\/\\\/cefi.es\\\/en\\\/#organization\",\"name\":\"Fundacion CeFi. Propiedad industrial e intelectual\",\"url\":\"https:\\\/\\\/cefi.es\\\/en\\\/\",\"logo\":{\"@type\":\"ImageObject\",\"inLanguage\":\"en-US\",\"@id\":\"https:\\\/\\\/cefi.es\\\/en\\\/#\\\/schema\\\/logo\\\/image\\\/\",\"url\":\"https:\\\/\\\/cefi.es\\\/wp-contenido\\\/uploads\\\/2019\\\/12\\\/cropped-favicon-3.png\",\"contentUrl\":\"https:\\\/\\\/cefi.es\\\/wp-contenido\\\/uploads\\\/2019\\\/12\\\/cropped-favicon-3.png\",\"width\":512,\"height\":512,\"caption\":\"Fundacion CeFi. Propiedad industrial e intelectual\"},\"image\":{\"@id\":\"https:\\\/\\\/cefi.es\\\/en\\\/#\\\/schema\\\/logo\\\/image\\\/\"}}]}<\/script>\n<!-- \/ Yoast SEO plugin. -->","yoast_head_json":{"title":"Seminario online el sector farmac\u00e9utico y la nueva ley de contratos del sector p\u00fablico - Centro de estudios para el fomento de la investigaci\u00f3n","robots":{"index":"index","follow":"follow","max-snippet":"max-snippet:-1","max-image-preview":"max-image-preview:large","max-video-preview":"max-video-preview:-1"},"canonical":"https:\/\/cefi.es\/en\/tienda\/cursos-y-seminarios\/seminarios\/seminarios-online\/seminario-online-el-sector-farmaceutico-y-la-nueva-ley-de-contratos-del-sector-publico\/","og_locale":"en_US","og_type":"article","og_title":"Seminario online el sector farmac\u00e9utico y la nueva ley de contratos del sector p\u00fablico - Centro de estudios para el fomento de la investigaci\u00f3n","og_description":"Seminario online el sector farmac\u00e9utico y la nueva ley de contratos del sector p\u00fablico.","og_url":"https:\/\/cefi.es\/en\/tienda\/cursos-y-seminarios\/seminarios\/seminarios-online\/seminario-online-el-sector-farmaceutico-y-la-nueva-ley-de-contratos-del-sector-publico\/","og_site_name":"Centro de estudios para el fomento de la investigaci\u00f3n","article_modified_time":"2020-02-11T12:26:50+00:00","og_image":[{"width":1440,"height":890,"url":"https:\/\/cefi.es\/wp-contenido\/uploads\/2019\/12\/SEMINARIO-ONLINE-EL-SECTOR-FARMACEUTICO-Y-LA-NUEVA-LEY-DE-CONTRATOS-DEL-SECTOR-PUBLICO-30_11_2017.jpg","type":"image\/jpeg"}],"twitter_card":"summary_large_image","schema":{"@context":"https:\/\/schema.org","@graph":[{"@type":"WebPage","@id":"https:\/\/cefi.es\/en\/tienda\/cursos-y-seminarios\/seminarios\/seminarios-online\/seminario-online-el-sector-farmaceutico-y-la-nueva-ley-de-contratos-del-sector-publico\/","url":"https:\/\/cefi.es\/en\/tienda\/cursos-y-seminarios\/seminarios\/seminarios-online\/seminario-online-el-sector-farmaceutico-y-la-nueva-ley-de-contratos-del-sector-publico\/","name":"Seminario online el sector farmac\u00e9utico y la nueva ley de contratos del sector p\u00fablico - Centro de estudios para el fomento de la investigaci\u00f3n","isPartOf":{"@id":"https:\/\/cefi.es\/en\/#website"},"primaryImageOfPage":{"@id":"https:\/\/cefi.es\/en\/tienda\/cursos-y-seminarios\/seminarios\/seminarios-online\/seminario-online-el-sector-farmaceutico-y-la-nueva-ley-de-contratos-del-sector-publico\/#primaryimage"},"image":{"@id":"https:\/\/cefi.es\/en\/tienda\/cursos-y-seminarios\/seminarios\/seminarios-online\/seminario-online-el-sector-farmaceutico-y-la-nueva-ley-de-contratos-del-sector-publico\/#primaryimage"},"thumbnailUrl":"https:\/\/cefi.es\/wp-contenido\/uploads\/2019\/12\/SEMINARIO-ONLINE-EL-SECTOR-FARMACEUTICO-Y-LA-NUEVA-LEY-DE-CONTRATOS-DEL-SECTOR-PUBLICO-30_11_2017.jpg","datePublished":"2017-11-30T16:38:56+00:00","dateModified":"2020-02-11T12:26:50+00:00","breadcrumb":{"@id":"https:\/\/cefi.es\/en\/tienda\/cursos-y-seminarios\/seminarios\/seminarios-online\/seminario-online-el-sector-farmaceutico-y-la-nueva-ley-de-contratos-del-sector-publico\/#breadcrumb"},"inLanguage":"en-US","potentialAction":[{"@type":"ReadAction","target":["https:\/\/cefi.es\/en\/tienda\/cursos-y-seminarios\/seminarios\/seminarios-online\/seminario-online-el-sector-farmaceutico-y-la-nueva-ley-de-contratos-del-sector-publico\/"]}]},{"@type":"ImageObject","inLanguage":"en-US","@id":"https:\/\/cefi.es\/en\/tienda\/cursos-y-seminarios\/seminarios\/seminarios-online\/seminario-online-el-sector-farmaceutico-y-la-nueva-ley-de-contratos-del-sector-publico\/#primaryimage","url":"https:\/\/cefi.es\/wp-contenido\/uploads\/2019\/12\/SEMINARIO-ONLINE-EL-SECTOR-FARMACEUTICO-Y-LA-NUEVA-LEY-DE-CONTRATOS-DEL-SECTOR-PUBLICO-30_11_2017.jpg","contentUrl":"https:\/\/cefi.es\/wp-contenido\/uploads\/2019\/12\/SEMINARIO-ONLINE-EL-SECTOR-FARMACEUTICO-Y-LA-NUEVA-LEY-DE-CONTRATOS-DEL-SECTOR-PUBLICO-30_11_2017.jpg","width":1440,"height":890},{"@type":"BreadcrumbList","@id":"https:\/\/cefi.es\/en\/tienda\/cursos-y-seminarios\/seminarios\/seminarios-online\/seminario-online-el-sector-farmaceutico-y-la-nueva-ley-de-contratos-del-sector-publico\/#breadcrumb","itemListElement":[{"@type":"ListItem","position":1,"name":"Home","item":"https:\/\/cefi.es\/en\/"},{"@type":"ListItem","position":2,"name":"Products","item":"https:\/\/cefi.es\/en\/shop\/"},{"@type":"ListItem","position":3,"name":"Seminario online el sector farmac\u00e9utico y la nueva ley de contratos del sector p\u00fablico"}]},{"@type":"WebSite","@id":"https:\/\/cefi.es\/en\/#website","url":"https:\/\/cefi.es\/en\/","name":"Centro de estudios para el fomento de la investigaci\u00f3n","description":"","publisher":{"@id":"https:\/\/cefi.es\/en\/#organization"},"potentialAction":[{"@type":"SearchAction","target":{"@type":"EntryPoint","urlTemplate":"https:\/\/cefi.es\/en\/?s={search_term_string}"},"query-input":{"@type":"PropertyValueSpecification","valueRequired":true,"valueName":"search_term_string"}}],"inLanguage":"en-US"},{"@type":"Organization","@id":"https:\/\/cefi.es\/en\/#organization","name":"Fundacion CeFi. Propiedad industrial e intelectual","url":"https:\/\/cefi.es\/en\/","logo":{"@type":"ImageObject","inLanguage":"en-US","@id":"https:\/\/cefi.es\/en\/#\/schema\/logo\/image\/","url":"https:\/\/cefi.es\/wp-contenido\/uploads\/2019\/12\/cropped-favicon-3.png","contentUrl":"https:\/\/cefi.es\/wp-contenido\/uploads\/2019\/12\/cropped-favicon-3.png","width":512,"height":512,"caption":"Fundacion CeFi. Propiedad industrial e intelectual"},"image":{"@id":"https:\/\/cefi.es\/en\/#\/schema\/logo\/image\/"}}]}},"_links":{"self":[{"href":"https:\/\/cefi.es\/en\/wp-json\/wp\/v2\/product\/5885","targetHints":{"allow":["GET"]}}],"collection":[{"href":"https:\/\/cefi.es\/en\/wp-json\/wp\/v2\/product"}],"about":[{"href":"https:\/\/cefi.es\/en\/wp-json\/wp\/v2\/types\/product"}],"version-history":[{"count":2,"href":"https:\/\/cefi.es\/en\/wp-json\/wp\/v2\/product\/5885\/revisions"}],"predecessor-version":[{"id":6795,"href":"https:\/\/cefi.es\/en\/wp-json\/wp\/v2\/product\/5885\/revisions\/6795"}],"wp:featuredmedia":[{"embeddable":true,"href":"https:\/\/cefi.es\/en\/wp-json\/wp\/v2\/media\/5833"}],"wp:attachment":[{"href":"https:\/\/cefi.es\/en\/wp-json\/wp\/v2\/media?parent=5885"}],"wp:term":[{"taxonomy":"product_brand","embeddable":true,"href":"https:\/\/cefi.es\/en\/wp-json\/wp\/v2\/product_brand?post=5885"},{"taxonomy":"product_cat","embeddable":true,"href":"https:\/\/cefi.es\/en\/wp-json\/wp\/v2\/product_cat?post=5885"},{"taxonomy":"product_tag","embeddable":true,"href":"https:\/\/cefi.es\/en\/wp-json\/wp\/v2\/product_tag?post=5885"}],"curies":[{"name":"wp","href":"https:\/\/api.w.org\/{rel}","templated":true}]}}