{"id":13796,"date":"2022-03-31T08:31:42","date_gmt":"2022-03-31T07:31:42","guid":{"rendered":"https:\/\/cefi.es\/?post_type=product&#038;p=13796"},"modified":"2022-04-01T08:40:41","modified_gmt":"2022-04-01T07:40:41","slug":"revista-cuadernos-no-80-enero-marzo-2021","status":"publish","type":"product","link":"https:\/\/cefi.es\/en\/tienda\/publicaciones\/revista-cuadernos\/revista-cuadernos-no-80-enero-marzo-2021\/","title":{"rendered":"Revista  Cuadernos N\u00ba 80  <span>(Enero-Marzo 2022)"},"content":{"rendered":"<div class=\"page\" title=\"Page 1\">\n<div class=\"section\">\n<div class=\"layoutArea\">\n<div class=\"column\">\n<div class=\"page\" title=\"Page 3\">\n<div class=\"layoutArea\">\n<div class=\"column\">\n<div class=\"page\" title=\"Page 3\">\n<div class=\"layoutArea\">\n<div class=\"column\">\n<div class=\"page\" title=\"Page 1\">\n<div class=\"section\">\n<div class=\"layoutArea\">\n<div class=\"column\">\n<div class=\"page\" title=\"Page 1\">\n<div class=\"section\">\n<div class=\"layoutArea\">\n<p>PRONUNCIAMIENTO DEL TRIBUNAL SUPREMO SOBRE LA APLICACI\u00d3N DEL SISTEMA DE PRECIOS DE<br \/>\nREFERENCIA.<br \/>\nEL TRIBUNAL ACLARA QUE LA DIFERENTE EQUIPOTENCIA ENTRE MEDICAMENTOS DE UN MISMO CONJUNTO S\u00cd DEBE TENERSE EN CUENTA PARA CALCULAR SU PRECIO DE REFERENCIA<\/p>\n<p>REFLEXIONES EN TORNO A LA CL\u00c1USULA DE EXENCI\u00d3N HOSPITALARIA DE MEDICAMENTOS CAR-T<\/p>\n<p>LA EXCLUSI\u00d3N DE LA COMPRA P\u00daBLICA DE MEDICAMENTOS DE LA LCSP: LAS LEYES DE BALEARES Y<br \/>\nNAVARRA<\/p>\n<p>CUADERNOS DE LAS SENTENCIAS DEL TRIBUNAL SUPREMO SOBRE LA EXHIBICI\u00d3N DEL CERTIFICADO COVID<\/p>\n<p>ATERRIZANDO LA SOSTENIBILIDAD EN EL SECTOR FARMAC\u00c9UTICO<\/p>\n<p>REGLAMENTO EUROPEO EN MATERIA DE ACUERDOS VERTICALES, IMPACTO EN LOS ACUERDOS DE DISTRIBUCI\u00d3N, LICENCIA, CO-PROMOCI\u00d3N, CO-MARKETING Y SIMILARES.<\/p>\n<p>DOCUMENTOS E \u00cdNDICE LEGISLATIVO. ENERO &#8211; MARZO 2022<\/p>\n<\/div>\n<\/div>\n<\/div>\n<\/div>\n<\/div>\n<\/div>\n<\/div>\n<\/div>\n<\/div>\n<\/div>\n<\/div>\n<\/div>\n<\/div>\n<\/div>\n<\/div>\n<\/div>\n<\/div>\n","protected":false},"excerpt":{"rendered":"<p>PRONUNCIAMIENTO DEL TRIBUNAL SUPREMO SOBRE LA APLICACI\u00d3N DEL SISTEMA DE PRECIOS DE REFERENCIA. EL TRIBUNAL ACLARA QUE LA DIFERENTE EQUIPOTENCIA ENTRE MEDICAMENTOS DE UN MISMO CONJUNTO S\u00cd DEBE TENERSE EN CUENTA PARA CALCULAR SU PRECIO DE REFERENCIA REFLEXIONES EN TORNO A LA CL\u00c1USULA DE EXENCI\u00d3N HOSPITALARIA DE MEDICAMENTOS CAR-T LA EXCLUSI\u00d3N DE LA COMPRA P\u00daBLICA [&hellip;]<\/p>\n","protected":false},"featured_media":13799,"template":"","meta":{"_acf_changed":false},"product_brand":[],"product_cat":[44,50],"product_tag":[],"class_list":{"0":"post-13796","1":"product","2":"type-product","3":"status-publish","4":"has-post-thumbnail","6":"product_cat-revista-cuadernos","7":"product_cat-publicaciones","9":"first","10":"instock","11":"taxable","12":"shipping-taxable","13":"purchasable","14":"product-type-variable","15":"has-default-attributes"},"acf":[],"yoast_head":"<!-- This site is optimized with the Yoast SEO plugin v27.3 - https:\/\/yoast.com\/product\/yoast-seo-wordpress\/ -->\n<title>Revista Cuadernos N\u00ba 80 (Enero-Marzo 2022) - Centro de estudios para el fomento de la investigaci\u00f3n<\/title>\n<meta name=\"robots\" content=\"index, follow, max-snippet:-1, max-image-preview:large, max-video-preview:-1\" \/>\n<link rel=\"canonical\" href=\"https:\/\/cefi.es\/en\/tienda\/publicaciones\/revista-cuadernos\/revista-cuadernos-no-80-enero-marzo-2021\/\" \/>\n<meta property=\"og:locale\" content=\"en_US\" \/>\n<meta property=\"og:type\" content=\"article\" \/>\n<meta property=\"og:title\" content=\"Revista Cuadernos N\u00ba 80 (Enero-Marzo 2022) - Centro de estudios para el fomento de la investigaci\u00f3n\" \/>\n<meta property=\"og:description\" content=\"PRONUNCIAMIENTO DEL TRIBUNAL SUPREMO SOBRE LA APLICACI\u00d3N DEL SISTEMA DE PRECIOS DE REFERENCIA. EL TRIBUNAL ACLARA QUE LA DIFERENTE EQUIPOTENCIA ENTRE MEDICAMENTOS DE UN MISMO CONJUNTO S\u00cd DEBE TENERSE EN CUENTA PARA CALCULAR SU PRECIO DE REFERENCIA REFLEXIONES EN TORNO A LA CL\u00c1USULA DE EXENCI\u00d3N HOSPITALARIA DE MEDICAMENTOS CAR-T LA EXCLUSI\u00d3N DE LA COMPRA P\u00daBLICA [&hellip;]\" \/>\n<meta property=\"og:url\" content=\"https:\/\/cefi.es\/en\/tienda\/publicaciones\/revista-cuadernos\/revista-cuadernos-no-80-enero-marzo-2021\/\" \/>\n<meta property=\"og:site_name\" content=\"Centro de estudios para el fomento de la investigaci\u00f3n\" \/>\n<meta property=\"article:modified_time\" content=\"2022-04-01T07:40:41+00:00\" \/>\n<meta property=\"og:image\" content=\"https:\/\/cefi.es\/wp-contenido\/uploads\/2022\/03\/Portada-Cuadernos-80.jpg\" \/>\n\t<meta property=\"og:image:width\" content=\"595\" \/>\n\t<meta property=\"og:image:height\" content=\"841\" \/>\n\t<meta property=\"og:image:type\" content=\"image\/jpeg\" \/>\n<meta name=\"twitter:card\" content=\"summary_large_image\" \/>\n<meta name=\"twitter:label1\" content=\"Est. reading time\" \/>\n\t<meta name=\"twitter:data1\" content=\"1 minute\" \/>\n<script type=\"application\/ld+json\" class=\"yoast-schema-graph\">{\"@context\":\"https:\\\/\\\/schema.org\",\"@graph\":[{\"@type\":\"WebPage\",\"@id\":\"https:\\\/\\\/cefi.es\\\/en\\\/tienda\\\/publicaciones\\\/revista-cuadernos\\\/revista-cuadernos-no-80-enero-marzo-2021\\\/\",\"url\":\"https:\\\/\\\/cefi.es\\\/en\\\/tienda\\\/publicaciones\\\/revista-cuadernos\\\/revista-cuadernos-no-80-enero-marzo-2021\\\/\",\"name\":\"Revista Cuadernos N\u00ba 80 (Enero-Marzo 2022) - Centro de estudios para el fomento de la investigaci\u00f3n\",\"isPartOf\":{\"@id\":\"https:\\\/\\\/cefi.es\\\/en\\\/#website\"},\"primaryImageOfPage\":{\"@id\":\"https:\\\/\\\/cefi.es\\\/en\\\/tienda\\\/publicaciones\\\/revista-cuadernos\\\/revista-cuadernos-no-80-enero-marzo-2021\\\/#primaryimage\"},\"image\":{\"@id\":\"https:\\\/\\\/cefi.es\\\/en\\\/tienda\\\/publicaciones\\\/revista-cuadernos\\\/revista-cuadernos-no-80-enero-marzo-2021\\\/#primaryimage\"},\"thumbnailUrl\":\"https:\\\/\\\/cefi.es\\\/wp-contenido\\\/uploads\\\/2022\\\/03\\\/Portada-Cuadernos-80.jpg\",\"datePublished\":\"2022-03-31T07:31:42+00:00\",\"dateModified\":\"2022-04-01T07:40:41+00:00\",\"breadcrumb\":{\"@id\":\"https:\\\/\\\/cefi.es\\\/en\\\/tienda\\\/publicaciones\\\/revista-cuadernos\\\/revista-cuadernos-no-80-enero-marzo-2021\\\/#breadcrumb\"},\"inLanguage\":\"en-US\",\"potentialAction\":[{\"@type\":\"ReadAction\",\"target\":[\"https:\\\/\\\/cefi.es\\\/en\\\/tienda\\\/publicaciones\\\/revista-cuadernos\\\/revista-cuadernos-no-80-enero-marzo-2021\\\/\"]}]},{\"@type\":\"ImageObject\",\"inLanguage\":\"en-US\",\"@id\":\"https:\\\/\\\/cefi.es\\\/en\\\/tienda\\\/publicaciones\\\/revista-cuadernos\\\/revista-cuadernos-no-80-enero-marzo-2021\\\/#primaryimage\",\"url\":\"https:\\\/\\\/cefi.es\\\/wp-contenido\\\/uploads\\\/2022\\\/03\\\/Portada-Cuadernos-80.jpg\",\"contentUrl\":\"https:\\\/\\\/cefi.es\\\/wp-contenido\\\/uploads\\\/2022\\\/03\\\/Portada-Cuadernos-80.jpg\",\"width\":595,\"height\":841},{\"@type\":\"BreadcrumbList\",\"@id\":\"https:\\\/\\\/cefi.es\\\/en\\\/tienda\\\/publicaciones\\\/revista-cuadernos\\\/revista-cuadernos-no-80-enero-marzo-2021\\\/#breadcrumb\",\"itemListElement\":[{\"@type\":\"ListItem\",\"position\":1,\"name\":\"Home\",\"item\":\"https:\\\/\\\/cefi.es\\\/en\\\/\"},{\"@type\":\"ListItem\",\"position\":2,\"name\":\"Products\",\"item\":\"https:\\\/\\\/cefi.es\\\/en\\\/shop\\\/\"},{\"@type\":\"ListItem\",\"position\":3,\"name\":\"Revista Cuadernos N\u00ba 80 (Enero-Marzo 2022)\"}]},{\"@type\":\"WebSite\",\"@id\":\"https:\\\/\\\/cefi.es\\\/en\\\/#website\",\"url\":\"https:\\\/\\\/cefi.es\\\/en\\\/\",\"name\":\"Centro de estudios para el fomento de la investigaci\u00f3n\",\"description\":\"\",\"publisher\":{\"@id\":\"https:\\\/\\\/cefi.es\\\/en\\\/#organization\"},\"potentialAction\":[{\"@type\":\"SearchAction\",\"target\":{\"@type\":\"EntryPoint\",\"urlTemplate\":\"https:\\\/\\\/cefi.es\\\/en\\\/?s={search_term_string}\"},\"query-input\":{\"@type\":\"PropertyValueSpecification\",\"valueRequired\":true,\"valueName\":\"search_term_string\"}}],\"inLanguage\":\"en-US\"},{\"@type\":\"Organization\",\"@id\":\"https:\\\/\\\/cefi.es\\\/en\\\/#organization\",\"name\":\"Fundacion CeFi. Propiedad industrial e intelectual\",\"url\":\"https:\\\/\\\/cefi.es\\\/en\\\/\",\"logo\":{\"@type\":\"ImageObject\",\"inLanguage\":\"en-US\",\"@id\":\"https:\\\/\\\/cefi.es\\\/en\\\/#\\\/schema\\\/logo\\\/image\\\/\",\"url\":\"https:\\\/\\\/cefi.es\\\/wp-contenido\\\/uploads\\\/2019\\\/12\\\/cropped-favicon-3.png\",\"contentUrl\":\"https:\\\/\\\/cefi.es\\\/wp-contenido\\\/uploads\\\/2019\\\/12\\\/cropped-favicon-3.png\",\"width\":512,\"height\":512,\"caption\":\"Fundacion CeFi. Propiedad industrial e intelectual\"},\"image\":{\"@id\":\"https:\\\/\\\/cefi.es\\\/en\\\/#\\\/schema\\\/logo\\\/image\\\/\"}}]}<\/script>\n<!-- \/ Yoast SEO plugin. -->","yoast_head_json":{"title":"Revista Cuadernos N\u00ba 80 (Enero-Marzo 2022) - Centro de estudios para el fomento de la investigaci\u00f3n","robots":{"index":"index","follow":"follow","max-snippet":"max-snippet:-1","max-image-preview":"max-image-preview:large","max-video-preview":"max-video-preview:-1"},"canonical":"https:\/\/cefi.es\/en\/tienda\/publicaciones\/revista-cuadernos\/revista-cuadernos-no-80-enero-marzo-2021\/","og_locale":"en_US","og_type":"article","og_title":"Revista Cuadernos N\u00ba 80 (Enero-Marzo 2022) - Centro de estudios para el fomento de la investigaci\u00f3n","og_description":"PRONUNCIAMIENTO DEL TRIBUNAL SUPREMO SOBRE LA APLICACI\u00d3N DEL SISTEMA DE PRECIOS DE REFERENCIA. EL TRIBUNAL ACLARA QUE LA DIFERENTE EQUIPOTENCIA ENTRE MEDICAMENTOS DE UN MISMO CONJUNTO S\u00cd DEBE TENERSE EN CUENTA PARA CALCULAR SU PRECIO DE REFERENCIA REFLEXIONES EN TORNO A LA CL\u00c1USULA DE EXENCI\u00d3N HOSPITALARIA DE MEDICAMENTOS CAR-T LA EXCLUSI\u00d3N DE LA COMPRA P\u00daBLICA [&hellip;]","og_url":"https:\/\/cefi.es\/en\/tienda\/publicaciones\/revista-cuadernos\/revista-cuadernos-no-80-enero-marzo-2021\/","og_site_name":"Centro de estudios para el fomento de la investigaci\u00f3n","article_modified_time":"2022-04-01T07:40:41+00:00","og_image":[{"width":595,"height":841,"url":"https:\/\/cefi.es\/wp-contenido\/uploads\/2022\/03\/Portada-Cuadernos-80.jpg","type":"image\/jpeg"}],"twitter_card":"summary_large_image","twitter_misc":{"Est. reading time":"1 minute"},"schema":{"@context":"https:\/\/schema.org","@graph":[{"@type":"WebPage","@id":"https:\/\/cefi.es\/en\/tienda\/publicaciones\/revista-cuadernos\/revista-cuadernos-no-80-enero-marzo-2021\/","url":"https:\/\/cefi.es\/en\/tienda\/publicaciones\/revista-cuadernos\/revista-cuadernos-no-80-enero-marzo-2021\/","name":"Revista Cuadernos N\u00ba 80 (Enero-Marzo 2022) - Centro de estudios para el fomento de la investigaci\u00f3n","isPartOf":{"@id":"https:\/\/cefi.es\/en\/#website"},"primaryImageOfPage":{"@id":"https:\/\/cefi.es\/en\/tienda\/publicaciones\/revista-cuadernos\/revista-cuadernos-no-80-enero-marzo-2021\/#primaryimage"},"image":{"@id":"https:\/\/cefi.es\/en\/tienda\/publicaciones\/revista-cuadernos\/revista-cuadernos-no-80-enero-marzo-2021\/#primaryimage"},"thumbnailUrl":"https:\/\/cefi.es\/wp-contenido\/uploads\/2022\/03\/Portada-Cuadernos-80.jpg","datePublished":"2022-03-31T07:31:42+00:00","dateModified":"2022-04-01T07:40:41+00:00","breadcrumb":{"@id":"https:\/\/cefi.es\/en\/tienda\/publicaciones\/revista-cuadernos\/revista-cuadernos-no-80-enero-marzo-2021\/#breadcrumb"},"inLanguage":"en-US","potentialAction":[{"@type":"ReadAction","target":["https:\/\/cefi.es\/en\/tienda\/publicaciones\/revista-cuadernos\/revista-cuadernos-no-80-enero-marzo-2021\/"]}]},{"@type":"ImageObject","inLanguage":"en-US","@id":"https:\/\/cefi.es\/en\/tienda\/publicaciones\/revista-cuadernos\/revista-cuadernos-no-80-enero-marzo-2021\/#primaryimage","url":"https:\/\/cefi.es\/wp-contenido\/uploads\/2022\/03\/Portada-Cuadernos-80.jpg","contentUrl":"https:\/\/cefi.es\/wp-contenido\/uploads\/2022\/03\/Portada-Cuadernos-80.jpg","width":595,"height":841},{"@type":"BreadcrumbList","@id":"https:\/\/cefi.es\/en\/tienda\/publicaciones\/revista-cuadernos\/revista-cuadernos-no-80-enero-marzo-2021\/#breadcrumb","itemListElement":[{"@type":"ListItem","position":1,"name":"Home","item":"https:\/\/cefi.es\/en\/"},{"@type":"ListItem","position":2,"name":"Products","item":"https:\/\/cefi.es\/en\/shop\/"},{"@type":"ListItem","position":3,"name":"Revista Cuadernos N\u00ba 80 (Enero-Marzo 2022)"}]},{"@type":"WebSite","@id":"https:\/\/cefi.es\/en\/#website","url":"https:\/\/cefi.es\/en\/","name":"Centro de estudios para el fomento de la investigaci\u00f3n","description":"","publisher":{"@id":"https:\/\/cefi.es\/en\/#organization"},"potentialAction":[{"@type":"SearchAction","target":{"@type":"EntryPoint","urlTemplate":"https:\/\/cefi.es\/en\/?s={search_term_string}"},"query-input":{"@type":"PropertyValueSpecification","valueRequired":true,"valueName":"search_term_string"}}],"inLanguage":"en-US"},{"@type":"Organization","@id":"https:\/\/cefi.es\/en\/#organization","name":"Fundacion CeFi. Propiedad industrial e intelectual","url":"https:\/\/cefi.es\/en\/","logo":{"@type":"ImageObject","inLanguage":"en-US","@id":"https:\/\/cefi.es\/en\/#\/schema\/logo\/image\/","url":"https:\/\/cefi.es\/wp-contenido\/uploads\/2019\/12\/cropped-favicon-3.png","contentUrl":"https:\/\/cefi.es\/wp-contenido\/uploads\/2019\/12\/cropped-favicon-3.png","width":512,"height":512,"caption":"Fundacion CeFi. Propiedad industrial e intelectual"},"image":{"@id":"https:\/\/cefi.es\/en\/#\/schema\/logo\/image\/"}}]}},"_links":{"self":[{"href":"https:\/\/cefi.es\/en\/wp-json\/wp\/v2\/product\/13796","targetHints":{"allow":["GET"]}}],"collection":[{"href":"https:\/\/cefi.es\/en\/wp-json\/wp\/v2\/product"}],"about":[{"href":"https:\/\/cefi.es\/en\/wp-json\/wp\/v2\/types\/product"}],"version-history":[{"count":10,"href":"https:\/\/cefi.es\/en\/wp-json\/wp\/v2\/product\/13796\/revisions"}],"predecessor-version":[{"id":13829,"href":"https:\/\/cefi.es\/en\/wp-json\/wp\/v2\/product\/13796\/revisions\/13829"}],"wp:featuredmedia":[{"embeddable":true,"href":"https:\/\/cefi.es\/en\/wp-json\/wp\/v2\/media\/13799"}],"wp:attachment":[{"href":"https:\/\/cefi.es\/en\/wp-json\/wp\/v2\/media?parent=13796"}],"wp:term":[{"taxonomy":"product_brand","embeddable":true,"href":"https:\/\/cefi.es\/en\/wp-json\/wp\/v2\/product_brand?post=13796"},{"taxonomy":"product_cat","embeddable":true,"href":"https:\/\/cefi.es\/en\/wp-json\/wp\/v2\/product_cat?post=13796"},{"taxonomy":"product_tag","embeddable":true,"href":"https:\/\/cefi.es\/en\/wp-json\/wp\/v2\/product_tag?post=13796"}],"curies":[{"name":"wp","href":"https:\/\/api.w.org\/{rel}","templated":true}]}}