{"id":12061,"date":"2021-09-23T09:09:00","date_gmt":"2021-09-23T08:09:00","guid":{"rendered":"https:\/\/cefi.es\/?post_type=product&#038;p=12061"},"modified":"2022-02-08T10:54:08","modified_gmt":"2022-02-08T09:54:08","slug":"estudios-observacionales-con-medicamentos-y-programas-de-soporte-a-pacientes-de-la-nueva-regulacion","status":"publish","type":"product","link":"https:\/\/cefi.es\/en\/tienda\/cursos-y-seminarios\/seminarios\/seminarios-online\/estudios-observacionales-con-medicamentos-y-programas-de-soporte-a-pacientes-de-la-nueva-regulacion\/","title":{"rendered":"ESTUDIOS OBSERVACIONALES CON MEDICAMENTOS Y PROGRAMAS DE SOPORTE A PACIENTES EN LA NUEVA REGULACI\u00d3N"},"content":{"rendered":"\t\t<div data-elementor-type=\"product-post\" data-elementor-id=\"12061\" class=\"elementor elementor-12061\" data-elementor-post-type=\"product\">\n\t\t\t\t\t\t<section class=\"elementor-section elementor-top-section elementor-element elementor-element-20e33d9 elementor-section-boxed elementor-section-height-default elementor-section-height-default\" data-id=\"20e33d9\" data-element_type=\"section\" data-e-type=\"section\">\n\t\t\t\t\t\t<div class=\"elementor-container elementor-column-gap-default\">\n\t\t\t\t\t<div class=\"elementor-column elementor-col-100 elementor-top-column elementor-element elementor-element-250349d\" data-id=\"250349d\" data-element_type=\"column\" data-e-type=\"column\">\n\t\t\t<div class=\"elementor-widget-wrap elementor-element-populated\">\n\t\t\t\t\t\t<div class=\"elementor-element elementor-element-9913479 elementor-widget elementor-widget-text-editor\" data-id=\"9913479\" data-element_type=\"widget\" data-e-type=\"widget\" data-widget_type=\"text-editor.default\">\n\t\t\t\t\t\t\t\t\t<p>10 -11:00h Modera: B\u00e1rbara Mu\u00f1oz Figueras. Patrono de CEFI<\/p>\t\t\t\t\t\t\t\t<\/div>\n\t\t\t\t<div class=\"elementor-element elementor-element-ba19264 elementor-widget elementor-widget-text-editor\" data-id=\"ba19264\" data-element_type=\"widget\" data-e-type=\"widget\" data-widget_type=\"text-editor.default\">\n\t\t\t\t\t\t\t\t\t<p>An\u00e1lisis del marco normativo del RD de estudios observacionales con medicamentos<br \/>Principales cuestiones de inter\u00e9s. Los PSPs en la nueva regulaci\u00f3n<\/p>\t\t\t\t\t\t\t\t<\/div>\n\t\t\t\t<div class=\"elementor-element elementor-element-2413ac8 elementor-widget elementor-widget-text-editor\" data-id=\"2413ac8\" data-element_type=\"widget\" data-e-type=\"widget\" data-widget_type=\"text-editor.default\">\n\t\t\t\t\t\t\t\t\t<p>Lluis Alcover Llubi\u00e1. Abogado Faus y Moliner<\/p>\t\t\t\t\t\t\t\t<\/div>\n\t\t\t\t<div class=\"elementor-element elementor-element-5a01e81 elementor-widget elementor-widget-text-editor\" data-id=\"5a01e81\" data-element_type=\"widget\" data-e-type=\"widget\" data-widget_type=\"text-editor.default\">\n\t\t\t\t\t\t\t\t\t<p>Cuestiones a tener en cuenta en la realizaci\u00f3n de un nuevo EOM<\/p>\t\t\t\t\t\t\t\t<\/div>\n\t\t\t\t<div class=\"elementor-element elementor-element-6e4795b elementor-widget elementor-widget-text-editor\" data-id=\"6e4795b\" data-element_type=\"widget\" data-e-type=\"widget\" data-widget_type=\"text-editor.default\">\n\t\t\t\t\t\t\t\t\t<p>Mar\u00eda G\u00f3mez Garc\u00eda. Directora de Operaciones Cl\u00ednicas CRO Synteract HCR<\/p>\t\t\t\t\t\t\t\t<\/div>\n\t\t\t\t<div class=\"elementor-element elementor-element-53192ea elementor-widget-divider--view-line elementor-widget elementor-widget-divider\" data-id=\"53192ea\" data-element_type=\"widget\" data-e-type=\"widget\" data-widget_type=\"divider.default\">\n\t\t\t\t\t\t\t<div class=\"elementor-divider\">\n\t\t\t<span class=\"elementor-divider-separator\">\n\t\t\t\t\t\t<\/span>\n\t\t<\/div>\n\t\t\t\t\t\t<\/div>\n\t\t\t\t\t<\/div>\n\t\t<\/div>\n\t\t\t\t\t<\/div>\n\t\t<\/section>\n\t\t\t\t<section class=\"elementor-section elementor-top-section elementor-element elementor-element-9f1d983 elementor-section-boxed elementor-section-height-default elementor-section-height-default\" data-id=\"9f1d983\" data-element_type=\"section\" data-e-type=\"section\">\n\t\t\t\t\t\t<div class=\"elementor-container elementor-column-gap-default\">\n\t\t\t\t\t<div class=\"elementor-column elementor-col-100 elementor-top-column elementor-element elementor-element-fc41042\" data-id=\"fc41042\" data-element_type=\"column\" data-e-type=\"column\">\n\t\t\t<div class=\"elementor-widget-wrap elementor-element-populated\">\n\t\t\t\t\t\t<div class=\"elementor-element elementor-element-0bfed6d elementor-widget elementor-widget-text-editor\" data-id=\"0bfed6d\" data-element_type=\"widget\" data-e-type=\"widget\" data-widget_type=\"text-editor.default\">\n\t\t\t\t\t\t\t\t\t<p>11 &#8211; 12:00h Modera: B\u00e1rbara Mu\u00f1oz Figueras. Patrono de CEFI<\/p>\t\t\t\t\t\t\t\t<\/div>\n\t\t\t\t<div class=\"elementor-element elementor-element-f004560 elementor-widget elementor-widget-text-editor\" data-id=\"f004560\" data-element_type=\"widget\" data-e-type=\"widget\" data-widget_type=\"text-editor.default\">\n\t\t\t\t\t\t\t\t\t<p>Los Programas de Soporte a pacientes. La voz del paciente<\/p>\t\t\t\t\t\t\t\t<\/div>\n\t\t\t\t<div class=\"elementor-element elementor-element-c74e747 elementor-widget elementor-widget-text-editor\" data-id=\"c74e747\" data-element_type=\"widget\" data-e-type=\"widget\" data-widget_type=\"text-editor.default\">\n\t\t\t\t\t\t\t\t\t<p>Roberto Salda\u00f1a Navarro. Director de Innovaci\u00f3n y participaci\u00f3n ciudadana EUPATI <br \/>Manuel Arellano Armisen. Vicepresidente 2\u00ba de la Plataforma de organizaciones de pacientes<\/p>\t\t\t\t\t\t\t\t<\/div>\n\t\t\t\t<div class=\"elementor-element elementor-element-fc25399 elementor-widget-divider--view-line elementor-widget elementor-widget-divider\" data-id=\"fc25399\" data-element_type=\"widget\" data-e-type=\"widget\" data-widget_type=\"divider.default\">\n\t\t\t\t\t\t\t<div class=\"elementor-divider\">\n\t\t\t<span class=\"elementor-divider-separator\">\n\t\t\t\t\t\t<\/span>\n\t\t<\/div>\n\t\t\t\t\t\t<\/div>\n\t\t\t\t\t<\/div>\n\t\t<\/div>\n\t\t\t\t\t<\/div>\n\t\t<\/section>\n\t\t\t\t<section class=\"elementor-section elementor-top-section elementor-element elementor-element-dea20d4 elementor-section-boxed elementor-section-height-default elementor-section-height-default\" data-id=\"dea20d4\" data-element_type=\"section\" data-e-type=\"section\">\n\t\t\t\t\t\t<div class=\"elementor-container elementor-column-gap-default\">\n\t\t\t\t\t<div class=\"elementor-column elementor-col-100 elementor-top-column elementor-element elementor-element-dde70a7\" data-id=\"dde70a7\" data-element_type=\"column\" data-e-type=\"column\">\n\t\t\t<div class=\"elementor-widget-wrap elementor-element-populated\">\n\t\t\t\t\t\t<div class=\"elementor-element elementor-element-abf7675 elementor-widget elementor-widget-text-editor\" data-id=\"abf7675\" data-element_type=\"widget\" data-e-type=\"widget\" data-widget_type=\"text-editor.default\">\n\t\t\t\t\t\t\t\t\t<p>12 &#8211; 13:00h Modera: Miguel Angel Maci\u00e1. Jefe del \u00c1rea de Farmacoepidemiolog\u00eda AEMPS<\/p>\t\t\t\t\t\t\t\t<\/div>\n\t\t\t\t<div class=\"elementor-element elementor-element-666ed22 elementor-widget elementor-widget-text-editor\" data-id=\"666ed22\" data-element_type=\"widget\" data-e-type=\"widget\" data-widget_type=\"text-editor.default\">\n\t\t\t\t\t\t\t\t\t<p>El papel de las CCAA y los CEIms en la nueva regulaci\u00f3n<\/p>\t\t\t\t\t\t\t\t<\/div>\n\t\t\t\t<div class=\"elementor-element elementor-element-4fabc50 elementor-widget elementor-widget-text-editor\" data-id=\"4fabc50\" data-element_type=\"widget\" data-e-type=\"widget\" data-widget_type=\"text-editor.default\">\n\t\t\t\t\t\t\t\t\t<p>Manel Rabanal Tornero. Jefe de Servicio de Ordenaci\u00f3n y Calidad Farmac\u00e9uticas en la Generalitat de Catalu\u00f1a<\/p>\t\t\t\t\t\t\t\t<\/div>\n\t\t\t\t<div class=\"elementor-element elementor-element-6a46dc8 elementor-widget-divider--view-line elementor-widget elementor-widget-divider\" data-id=\"6a46dc8\" data-element_type=\"widget\" data-e-type=\"widget\" data-widget_type=\"divider.default\">\n\t\t\t\t\t\t\t<div class=\"elementor-divider\">\n\t\t\t<span class=\"elementor-divider-separator\">\n\t\t\t\t\t\t<\/span>\n\t\t<\/div>\n\t\t\t\t\t\t<\/div>\n\t\t\t\t\t<\/div>\n\t\t<\/div>\n\t\t\t\t\t<\/div>\n\t\t<\/section>\n\t\t\t\t<\/div>\n\t\t","protected":false},"excerpt":{"rendered":"<p>10 -11:00h Modera: B\u00e1rbara Mu\u00f1oz Figueras. Patrono de CEFI An\u00e1lisis del marco normativo del RD de estudios observacionales con medicamentos Principales cuestiones de inter\u00e9s. Los PSPs en la nueva regulaci\u00f3n Lluis Alcover Llubi\u00e1. Abogado Faus y Moliner Cuestiones a tener en cuenta en la realizaci\u00f3n de un nuevo EOM Mar\u00eda G\u00f3mez Garc\u00eda. Directora de Operaciones [&hellip;]<\/p>\n","protected":false},"featured_media":12716,"template":"","meta":{"_acf_changed":false},"product_brand":[],"product_cat":[15,78,93],"product_tag":[],"class_list":{"0":"post-12061","1":"product","2":"type-product","3":"status-publish","4":"has-post-thumbnail","6":"product_cat-cursos-y-seminarios","7":"product_cat-seminarios","8":"product_cat-seminarios-online","10":"first","11":"outofstock","12":"virtual","13":"sold-individually","14":"taxable","15":"purchasable","16":"product-type-simple"},"acf":[],"yoast_head":"<!-- This site is optimized with the Yoast SEO plugin v27.3 - https:\/\/yoast.com\/product\/yoast-seo-wordpress\/ -->\n<title>ESTUDIOS OBSERVACIONALES CON MEDICAMENTOS Y PROGRAMAS DE SOPORTE A PACIENTES EN LA NUEVA REGULACI\u00d3N - Centro de estudios para el fomento de la investigaci\u00f3n<\/title>\n<meta name=\"robots\" content=\"index, follow, max-snippet:-1, max-image-preview:large, max-video-preview:-1\" \/>\n<link rel=\"canonical\" href=\"https:\/\/cefi.es\/en\/tienda\/cursos-y-seminarios\/seminarios\/seminarios-online\/estudios-observacionales-con-medicamentos-y-programas-de-soporte-a-pacientes-de-la-nueva-regulacion\/\" \/>\n<meta property=\"og:locale\" content=\"en_US\" \/>\n<meta property=\"og:type\" content=\"article\" \/>\n<meta property=\"og:title\" content=\"ESTUDIOS OBSERVACIONALES CON MEDICAMENTOS Y PROGRAMAS DE SOPORTE A PACIENTES EN LA NUEVA REGULACI\u00d3N - Centro de estudios para el fomento de la investigaci\u00f3n\" \/>\n<meta property=\"og:description\" content=\"10 -11:00h Modera: B\u00e1rbara Mu\u00f1oz Figueras. Patrono de CEFI An\u00e1lisis del marco normativo del RD de estudios observacionales con medicamentos Principales cuestiones de inter\u00e9s. Los PSPs en la nueva regulaci\u00f3n Lluis Alcover Llubi\u00e1. Abogado Faus y Moliner Cuestiones a tener en cuenta en la realizaci\u00f3n de un nuevo EOM Mar\u00eda G\u00f3mez Garc\u00eda. Directora de Operaciones [&hellip;]\" \/>\n<meta property=\"og:url\" content=\"https:\/\/cefi.es\/en\/tienda\/cursos-y-seminarios\/seminarios\/seminarios-online\/estudios-observacionales-con-medicamentos-y-programas-de-soporte-a-pacientes-de-la-nueva-regulacion\/\" \/>\n<meta property=\"og:site_name\" content=\"Centro de estudios para el fomento de la investigaci\u00f3n\" \/>\n<meta property=\"article:modified_time\" content=\"2022-02-08T09:54:08+00:00\" \/>\n<meta property=\"og:image\" content=\"https:\/\/cefi.es\/wp-contenido\/uploads\/2021\/09\/Captura-de-pantalla-2021-10-01-a-las-13.27.34.png\" \/>\n\t<meta property=\"og:image:width\" content=\"1349\" \/>\n\t<meta property=\"og:image:height\" content=\"956\" \/>\n\t<meta property=\"og:image:type\" content=\"image\/png\" \/>\n<meta name=\"twitter:card\" content=\"summary_large_image\" \/>\n<meta name=\"twitter:label1\" content=\"Est. reading time\" \/>\n\t<meta name=\"twitter:data1\" content=\"1 minute\" \/>\n<script type=\"application\/ld+json\" class=\"yoast-schema-graph\">{\"@context\":\"https:\\\/\\\/schema.org\",\"@graph\":[{\"@type\":\"WebPage\",\"@id\":\"https:\\\/\\\/cefi.es\\\/en\\\/tienda\\\/cursos-y-seminarios\\\/seminarios\\\/seminarios-online\\\/estudios-observacionales-con-medicamentos-y-programas-de-soporte-a-pacientes-de-la-nueva-regulacion\\\/\",\"url\":\"https:\\\/\\\/cefi.es\\\/en\\\/tienda\\\/cursos-y-seminarios\\\/seminarios\\\/seminarios-online\\\/estudios-observacionales-con-medicamentos-y-programas-de-soporte-a-pacientes-de-la-nueva-regulacion\\\/\",\"name\":\"ESTUDIOS OBSERVACIONALES CON MEDICAMENTOS Y PROGRAMAS DE SOPORTE A PACIENTES EN LA NUEVA REGULACI\u00d3N - Centro de estudios para el fomento de la investigaci\u00f3n\",\"isPartOf\":{\"@id\":\"https:\\\/\\\/cefi.es\\\/en\\\/#website\"},\"primaryImageOfPage\":{\"@id\":\"https:\\\/\\\/cefi.es\\\/en\\\/tienda\\\/cursos-y-seminarios\\\/seminarios\\\/seminarios-online\\\/estudios-observacionales-con-medicamentos-y-programas-de-soporte-a-pacientes-de-la-nueva-regulacion\\\/#primaryimage\"},\"image\":{\"@id\":\"https:\\\/\\\/cefi.es\\\/en\\\/tienda\\\/cursos-y-seminarios\\\/seminarios\\\/seminarios-online\\\/estudios-observacionales-con-medicamentos-y-programas-de-soporte-a-pacientes-de-la-nueva-regulacion\\\/#primaryimage\"},\"thumbnailUrl\":\"https:\\\/\\\/cefi.es\\\/wp-contenido\\\/uploads\\\/2021\\\/09\\\/Captura-de-pantalla-2021-10-01-a-las-13.27.34.png\",\"datePublished\":\"2021-09-23T08:09:00+00:00\",\"dateModified\":\"2022-02-08T09:54:08+00:00\",\"breadcrumb\":{\"@id\":\"https:\\\/\\\/cefi.es\\\/en\\\/tienda\\\/cursos-y-seminarios\\\/seminarios\\\/seminarios-online\\\/estudios-observacionales-con-medicamentos-y-programas-de-soporte-a-pacientes-de-la-nueva-regulacion\\\/#breadcrumb\"},\"inLanguage\":\"en-US\",\"potentialAction\":[{\"@type\":\"ReadAction\",\"target\":[\"https:\\\/\\\/cefi.es\\\/en\\\/tienda\\\/cursos-y-seminarios\\\/seminarios\\\/seminarios-online\\\/estudios-observacionales-con-medicamentos-y-programas-de-soporte-a-pacientes-de-la-nueva-regulacion\\\/\"]}]},{\"@type\":\"ImageObject\",\"inLanguage\":\"en-US\",\"@id\":\"https:\\\/\\\/cefi.es\\\/en\\\/tienda\\\/cursos-y-seminarios\\\/seminarios\\\/seminarios-online\\\/estudios-observacionales-con-medicamentos-y-programas-de-soporte-a-pacientes-de-la-nueva-regulacion\\\/#primaryimage\",\"url\":\"https:\\\/\\\/cefi.es\\\/wp-contenido\\\/uploads\\\/2021\\\/09\\\/Captura-de-pantalla-2021-10-01-a-las-13.27.34.png\",\"contentUrl\":\"https:\\\/\\\/cefi.es\\\/wp-contenido\\\/uploads\\\/2021\\\/09\\\/Captura-de-pantalla-2021-10-01-a-las-13.27.34.png\",\"width\":1349,\"height\":956},{\"@type\":\"BreadcrumbList\",\"@id\":\"https:\\\/\\\/cefi.es\\\/en\\\/tienda\\\/cursos-y-seminarios\\\/seminarios\\\/seminarios-online\\\/estudios-observacionales-con-medicamentos-y-programas-de-soporte-a-pacientes-de-la-nueva-regulacion\\\/#breadcrumb\",\"itemListElement\":[{\"@type\":\"ListItem\",\"position\":1,\"name\":\"Home\",\"item\":\"https:\\\/\\\/cefi.es\\\/en\\\/\"},{\"@type\":\"ListItem\",\"position\":2,\"name\":\"Products\",\"item\":\"https:\\\/\\\/cefi.es\\\/en\\\/shop\\\/\"},{\"@type\":\"ListItem\",\"position\":3,\"name\":\"ESTUDIOS OBSERVACIONALES CON MEDICAMENTOS Y PROGRAMAS DE SOPORTE A PACIENTES EN LA NUEVA REGULACI\u00d3N\"}]},{\"@type\":\"WebSite\",\"@id\":\"https:\\\/\\\/cefi.es\\\/en\\\/#website\",\"url\":\"https:\\\/\\\/cefi.es\\\/en\\\/\",\"name\":\"Centro de estudios para el fomento de la investigaci\u00f3n\",\"description\":\"\",\"publisher\":{\"@id\":\"https:\\\/\\\/cefi.es\\\/en\\\/#organization\"},\"potentialAction\":[{\"@type\":\"SearchAction\",\"target\":{\"@type\":\"EntryPoint\",\"urlTemplate\":\"https:\\\/\\\/cefi.es\\\/en\\\/?s={search_term_string}\"},\"query-input\":{\"@type\":\"PropertyValueSpecification\",\"valueRequired\":true,\"valueName\":\"search_term_string\"}}],\"inLanguage\":\"en-US\"},{\"@type\":\"Organization\",\"@id\":\"https:\\\/\\\/cefi.es\\\/en\\\/#organization\",\"name\":\"Fundacion CeFi. Propiedad industrial e intelectual\",\"url\":\"https:\\\/\\\/cefi.es\\\/en\\\/\",\"logo\":{\"@type\":\"ImageObject\",\"inLanguage\":\"en-US\",\"@id\":\"https:\\\/\\\/cefi.es\\\/en\\\/#\\\/schema\\\/logo\\\/image\\\/\",\"url\":\"https:\\\/\\\/cefi.es\\\/wp-contenido\\\/uploads\\\/2019\\\/12\\\/cropped-favicon-3.png\",\"contentUrl\":\"https:\\\/\\\/cefi.es\\\/wp-contenido\\\/uploads\\\/2019\\\/12\\\/cropped-favicon-3.png\",\"width\":512,\"height\":512,\"caption\":\"Fundacion CeFi. Propiedad industrial e intelectual\"},\"image\":{\"@id\":\"https:\\\/\\\/cefi.es\\\/en\\\/#\\\/schema\\\/logo\\\/image\\\/\"}}]}<\/script>\n<!-- \/ Yoast SEO plugin. -->","yoast_head_json":{"title":"ESTUDIOS OBSERVACIONALES CON MEDICAMENTOS Y PROGRAMAS DE SOPORTE A PACIENTES EN LA NUEVA REGULACI\u00d3N - Centro de estudios para el fomento de la investigaci\u00f3n","robots":{"index":"index","follow":"follow","max-snippet":"max-snippet:-1","max-image-preview":"max-image-preview:large","max-video-preview":"max-video-preview:-1"},"canonical":"https:\/\/cefi.es\/en\/tienda\/cursos-y-seminarios\/seminarios\/seminarios-online\/estudios-observacionales-con-medicamentos-y-programas-de-soporte-a-pacientes-de-la-nueva-regulacion\/","og_locale":"en_US","og_type":"article","og_title":"ESTUDIOS OBSERVACIONALES CON MEDICAMENTOS Y PROGRAMAS DE SOPORTE A PACIENTES EN LA NUEVA REGULACI\u00d3N - Centro de estudios para el fomento de la investigaci\u00f3n","og_description":"10 -11:00h Modera: B\u00e1rbara Mu\u00f1oz Figueras. Patrono de CEFI An\u00e1lisis del marco normativo del RD de estudios observacionales con medicamentos Principales cuestiones de inter\u00e9s. Los PSPs en la nueva regulaci\u00f3n Lluis Alcover Llubi\u00e1. Abogado Faus y Moliner Cuestiones a tener en cuenta en la realizaci\u00f3n de un nuevo EOM Mar\u00eda G\u00f3mez Garc\u00eda. Directora de Operaciones [&hellip;]","og_url":"https:\/\/cefi.es\/en\/tienda\/cursos-y-seminarios\/seminarios\/seminarios-online\/estudios-observacionales-con-medicamentos-y-programas-de-soporte-a-pacientes-de-la-nueva-regulacion\/","og_site_name":"Centro de estudios para el fomento de la investigaci\u00f3n","article_modified_time":"2022-02-08T09:54:08+00:00","og_image":[{"width":1349,"height":956,"url":"https:\/\/cefi.es\/wp-contenido\/uploads\/2021\/09\/Captura-de-pantalla-2021-10-01-a-las-13.27.34.png","type":"image\/png"}],"twitter_card":"summary_large_image","twitter_misc":{"Est. reading time":"1 minute"},"schema":{"@context":"https:\/\/schema.org","@graph":[{"@type":"WebPage","@id":"https:\/\/cefi.es\/en\/tienda\/cursos-y-seminarios\/seminarios\/seminarios-online\/estudios-observacionales-con-medicamentos-y-programas-de-soporte-a-pacientes-de-la-nueva-regulacion\/","url":"https:\/\/cefi.es\/en\/tienda\/cursos-y-seminarios\/seminarios\/seminarios-online\/estudios-observacionales-con-medicamentos-y-programas-de-soporte-a-pacientes-de-la-nueva-regulacion\/","name":"ESTUDIOS OBSERVACIONALES CON MEDICAMENTOS Y PROGRAMAS DE SOPORTE A PACIENTES EN LA NUEVA REGULACI\u00d3N - Centro de estudios para el fomento de la investigaci\u00f3n","isPartOf":{"@id":"https:\/\/cefi.es\/en\/#website"},"primaryImageOfPage":{"@id":"https:\/\/cefi.es\/en\/tienda\/cursos-y-seminarios\/seminarios\/seminarios-online\/estudios-observacionales-con-medicamentos-y-programas-de-soporte-a-pacientes-de-la-nueva-regulacion\/#primaryimage"},"image":{"@id":"https:\/\/cefi.es\/en\/tienda\/cursos-y-seminarios\/seminarios\/seminarios-online\/estudios-observacionales-con-medicamentos-y-programas-de-soporte-a-pacientes-de-la-nueva-regulacion\/#primaryimage"},"thumbnailUrl":"https:\/\/cefi.es\/wp-contenido\/uploads\/2021\/09\/Captura-de-pantalla-2021-10-01-a-las-13.27.34.png","datePublished":"2021-09-23T08:09:00+00:00","dateModified":"2022-02-08T09:54:08+00:00","breadcrumb":{"@id":"https:\/\/cefi.es\/en\/tienda\/cursos-y-seminarios\/seminarios\/seminarios-online\/estudios-observacionales-con-medicamentos-y-programas-de-soporte-a-pacientes-de-la-nueva-regulacion\/#breadcrumb"},"inLanguage":"en-US","potentialAction":[{"@type":"ReadAction","target":["https:\/\/cefi.es\/en\/tienda\/cursos-y-seminarios\/seminarios\/seminarios-online\/estudios-observacionales-con-medicamentos-y-programas-de-soporte-a-pacientes-de-la-nueva-regulacion\/"]}]},{"@type":"ImageObject","inLanguage":"en-US","@id":"https:\/\/cefi.es\/en\/tienda\/cursos-y-seminarios\/seminarios\/seminarios-online\/estudios-observacionales-con-medicamentos-y-programas-de-soporte-a-pacientes-de-la-nueva-regulacion\/#primaryimage","url":"https:\/\/cefi.es\/wp-contenido\/uploads\/2021\/09\/Captura-de-pantalla-2021-10-01-a-las-13.27.34.png","contentUrl":"https:\/\/cefi.es\/wp-contenido\/uploads\/2021\/09\/Captura-de-pantalla-2021-10-01-a-las-13.27.34.png","width":1349,"height":956},{"@type":"BreadcrumbList","@id":"https:\/\/cefi.es\/en\/tienda\/cursos-y-seminarios\/seminarios\/seminarios-online\/estudios-observacionales-con-medicamentos-y-programas-de-soporte-a-pacientes-de-la-nueva-regulacion\/#breadcrumb","itemListElement":[{"@type":"ListItem","position":1,"name":"Home","item":"https:\/\/cefi.es\/en\/"},{"@type":"ListItem","position":2,"name":"Products","item":"https:\/\/cefi.es\/en\/shop\/"},{"@type":"ListItem","position":3,"name":"ESTUDIOS OBSERVACIONALES CON MEDICAMENTOS Y PROGRAMAS DE SOPORTE A PACIENTES EN LA NUEVA REGULACI\u00d3N"}]},{"@type":"WebSite","@id":"https:\/\/cefi.es\/en\/#website","url":"https:\/\/cefi.es\/en\/","name":"Centro de estudios para el fomento de la investigaci\u00f3n","description":"","publisher":{"@id":"https:\/\/cefi.es\/en\/#organization"},"potentialAction":[{"@type":"SearchAction","target":{"@type":"EntryPoint","urlTemplate":"https:\/\/cefi.es\/en\/?s={search_term_string}"},"query-input":{"@type":"PropertyValueSpecification","valueRequired":true,"valueName":"search_term_string"}}],"inLanguage":"en-US"},{"@type":"Organization","@id":"https:\/\/cefi.es\/en\/#organization","name":"Fundacion CeFi. Propiedad industrial e intelectual","url":"https:\/\/cefi.es\/en\/","logo":{"@type":"ImageObject","inLanguage":"en-US","@id":"https:\/\/cefi.es\/en\/#\/schema\/logo\/image\/","url":"https:\/\/cefi.es\/wp-contenido\/uploads\/2019\/12\/cropped-favicon-3.png","contentUrl":"https:\/\/cefi.es\/wp-contenido\/uploads\/2019\/12\/cropped-favicon-3.png","width":512,"height":512,"caption":"Fundacion CeFi. Propiedad industrial e intelectual"},"image":{"@id":"https:\/\/cefi.es\/en\/#\/schema\/logo\/image\/"}}]}},"_links":{"self":[{"href":"https:\/\/cefi.es\/en\/wp-json\/wp\/v2\/product\/12061","targetHints":{"allow":["GET"]}}],"collection":[{"href":"https:\/\/cefi.es\/en\/wp-json\/wp\/v2\/product"}],"about":[{"href":"https:\/\/cefi.es\/en\/wp-json\/wp\/v2\/types\/product"}],"version-history":[{"count":18,"href":"https:\/\/cefi.es\/en\/wp-json\/wp\/v2\/product\/12061\/revisions"}],"predecessor-version":[{"id":13647,"href":"https:\/\/cefi.es\/en\/wp-json\/wp\/v2\/product\/12061\/revisions\/13647"}],"wp:featuredmedia":[{"embeddable":true,"href":"https:\/\/cefi.es\/en\/wp-json\/wp\/v2\/media\/12716"}],"wp:attachment":[{"href":"https:\/\/cefi.es\/en\/wp-json\/wp\/v2\/media?parent=12061"}],"wp:term":[{"taxonomy":"product_brand","embeddable":true,"href":"https:\/\/cefi.es\/en\/wp-json\/wp\/v2\/product_brand?post=12061"},{"taxonomy":"product_cat","embeddable":true,"href":"https:\/\/cefi.es\/en\/wp-json\/wp\/v2\/product_cat?post=12061"},{"taxonomy":"product_tag","embeddable":true,"href":"https:\/\/cefi.es\/en\/wp-json\/wp\/v2\/product_tag?post=12061"}],"curies":[{"name":"wp","href":"https:\/\/api.w.org\/{rel}","templated":true}]}}